{"id":988,"date":"2022-08-19T15:47:07","date_gmt":"2022-08-19T15:47:07","guid":{"rendered":"https:\/\/www.ediciones-valnera.com\/?post_type=product&#038;p=988"},"modified":"2025-11-06T11:27:43","modified_gmt":"2025-11-06T11:27:43","slug":"agnus-dei","status":"publish","type":"product","link":"https:\/\/www.ediciones-valnera.com\/?product=agnus-dei","title":{"rendered":"Agnus diaboli"},"content":{"rendered":"<p>Jos\u00e9 Antonio Abella, en esta novela, llena de humor y sabrosas reflexiones, cuya trama sit\u00faa en una ciudad y un pa\u00eds imaginarios, se acerca con m\u00e1s piedad que temor a la figura del maligno, \u00abel ser m\u00e1s desdichado que habita la Tierra\u00bb, y nos hace ver que el mal, para desgracia nuestra, no reside en esculturas ni en demonios de ficci\u00f3n, sino en el coraz\u00f3n peque\u00f1o y seco de algunos seres humanos.<\/p>\n<p>\u00abUn libro para lectores inteligentes que no contagia el coronavirus ni el fanatismo ni la estupidez. Acaso s\u00ed puede contagiar el sentido com\u00fan. Una historia dif\u00edcil de olvidar\u00bb.<\/p>\n","protected":false},"excerpt":{"rendered":"<p>En enero de 2019, y tras una gran pol\u00e9mica, la alcaldesa de Segovia, la socialista Clara Luquero, junto con Jos\u00e9 Antonio Abella, el autor de la escultura, inauguraron en la ciudad castellana la imagen de un diablillo regordete que, sentado, se hac\u00eda un selfi con el acueducto al fondo. Fue entonces cuando grupos ultracat\u00f3licos denunciaron la escultura ante los tribunales, afirmando que convertir\u00eda la ciudad en foco de turismo sat\u00e1nico. Dos a\u00f1os despu\u00e9s de iniciada la pol\u00e9mica y formulada la denuncia, el Tribunal Superior de Justicia de Castilla y Le\u00f3n sentenci\u00f3 a favor de la escultura.<\/p>\n<p>En esta novela de 42 cap\u00edtulos, m\u00e1s una \u00abadvertencia a los lectores incautos\u00bb y un ap\u00e9ndice de \u00ablatinajos, abrojos y otras hierbas\u00bb, que alcanza 600 apretadas p\u00e1ginas de gran literatura, Jos\u00e9 Antonio Abella, m\u00e9dico, escultor y novelista burgal\u00e9s afincado en Segovia, aleja esa peripecia castellana y la sit\u00faa en la imaginaria naci\u00f3n de Agghiarka, en cuyo territorio desarrolla la historia fascinante de un escultor a punto de suicidarse; un oscuro personaje (\u00bfel diablo acaso?) con todo el poder del dinero; una ni\u00f1a con los ojos de Liz Taylor, rescatada de un inframundo de prostituci\u00f3n y pobreza; un joven profesor portugu\u00e9s, experto en Religi\u00f3n y Matem\u00e1ticas; una inacabada obra literaria del italiano Papini; y el diablo que cada mujer y cada hombre lleva dentro&#8230;<\/p>\n<p>https:\/\/www.youtube.com\/watch?v=Vf2fS0iUGjY<\/p>\n<p>&nbsp;<\/p>\n","protected":false},"featured_media":990,"comment_status":"closed","ping_status":"closed","template":"","meta":[],"product_brand":[],"product_cat":[86],"product_tag":[58],"class_list":{"0":"post-988","1":"product","2":"type-product","3":"status-publish","4":"has-post-thumbnail","6":"product_cat-valnera-literaria","7":"product_tag-jose-antonio-abella","9":"first","10":"instock","11":"shipping-taxable","12":"product-type-external"},"_links":{"self":[{"href":"https:\/\/www.ediciones-valnera.com\/index.php?rest_route=\/wp\/v2\/product\/988","targetHints":{"allow":["GET"]}}],"collection":[{"href":"https:\/\/www.ediciones-valnera.com\/index.php?rest_route=\/wp\/v2\/product"}],"about":[{"href":"https:\/\/www.ediciones-valnera.com\/index.php?rest_route=\/wp\/v2\/types\/product"}],"replies":[{"embeddable":true,"href":"https:\/\/www.ediciones-valnera.com\/index.php?rest_route=%2Fwp%2Fv2%2Fcomments&post=988"}],"wp:featuredmedia":[{"embeddable":true,"href":"https:\/\/www.ediciones-valnera.com\/index.php?rest_route=\/wp\/v2\/media\/990"}],"wp:attachment":[{"href":"https:\/\/www.ediciones-valnera.com\/index.php?rest_route=%2Fwp%2Fv2%2Fmedia&parent=988"}],"wp:term":[{"taxonomy":"product_brand","embeddable":true,"href":"https:\/\/www.ediciones-valnera.com\/index.php?rest_route=%2Fwp%2Fv2%2Fproduct_brand&post=988"},{"taxonomy":"product_cat","embeddable":true,"href":"https:\/\/www.ediciones-valnera.com\/index.php?rest_route=%2Fwp%2Fv2%2Fproduct_cat&post=988"},{"taxonomy":"product_tag","embeddable":true,"href":"https:\/\/www.ediciones-valnera.com\/index.php?rest_route=%2Fwp%2Fv2%2Fproduct_tag&post=988"}],"curies":[{"name":"wp","href":"https:\/\/api.w.org\/{rel}","templated":true}]}}