{"id":944,"date":"2022-05-21T12:09:47","date_gmt":"2022-05-21T12:09:47","guid":{"rendered":"https:\/\/www.ediciones-valnera.com\/?post_type=product&#038;p=944"},"modified":"2025-11-06T11:29:39","modified_gmt":"2025-11-06T11:29:39","slug":"perlas-en-racimos","status":"publish","type":"product","link":"https:\/\/www.ediciones-valnera.com\/?product=perlas-en-racimos","title":{"rendered":"Perlas en racimos"},"content":{"rendered":"<p>El caso principal del que trata la novela puede confundir al lector con un hecho que sucedi\u00f3 en realidad en Santander en agosto de 2007, por eso el autor precisa que todo \u00abes una ficci\u00f3n, es decir, una mentira. Por tanto, te voy a enga\u00f1ar, lector. Cuenta con ello. \u00bfPor qu\u00e9? Pues no para que creas conmigo en algo irreal sino para que crees conmigo otra realidad. Una novela. Para eso la ficci\u00f3n necesita fundarse sobre algo material, perceptible. Un hecho. Y aqu\u00ed entra en juego el punto de partida, una an\u00e9cdota inicial, un azaroso caso. Por ejemplo, un crimen tomado de la cr\u00f3nica negra c\u00e1ntabra de hace ya muchos a\u00f1os. No recuerdo bien si alguien me cont\u00f3 la noticia al poco tiempo del suceso, o lo vi en los diarios de la regi\u00f3n, o me mostraron un libro recopilatorio de tipo period\u00edstico. Puede que se confabulasen las tres causas. Lo que aseguro es que hace ya m\u00e1s de una d\u00e9cada lo consult\u00e9 en internet y alumbr\u00e9 la primera idea con intenci\u00f3n literaria. Ya digo, esto es una ficci\u00f3n, sin ning\u00fan prop\u00f3sito sensacionalista\u00bb.<\/p>\n","protected":false},"excerpt":{"rendered":"<p><em>Perlas en racimos<\/em> es una original y emocionante novela de misterio y suspense que fue finalista del primer premio \u00abLa Trama\u00bb, de novela negra, en 2015, dentro del Festival Literario Arag\u00f3n Negro. Por ser finalista se public\u00f3 en edici\u00f3n digital, y ahora Valnera, \u00abdebido a su gran calidad literaria\u00bb la rescata en forma de libro f\u00edsico.<\/p>\n<p>En ella su autor, J. Medrano Gabilucho, refiere las aventuras de un viejo polic\u00eda jubilado, apodado \u00abEl Tieso\u00bb, al que su m\u00e9dica le recomienda que escriba algo todos los d\u00edas para mantenerse activo. La mejor manera que encuentra para cumplir tal encargo es recuperar algunas historias de su etapa profesional, lo que le lleva a abordar un caso que se qued\u00f3 sin resolver.<\/p>\n","protected":false},"featured_media":945,"comment_status":"closed","ping_status":"closed","template":"","meta":[],"product_brand":[],"product_cat":[86],"product_tag":[103],"class_list":{"0":"post-944","1":"product","2":"type-product","3":"status-publish","4":"has-post-thumbnail","6":"product_cat-valnera-literaria","7":"product_tag-j-medrano-gabilucho","9":"first","10":"instock","11":"shipping-taxable","12":"product-type-external"},"_links":{"self":[{"href":"https:\/\/www.ediciones-valnera.com\/index.php?rest_route=\/wp\/v2\/product\/944","targetHints":{"allow":["GET"]}}],"collection":[{"href":"https:\/\/www.ediciones-valnera.com\/index.php?rest_route=\/wp\/v2\/product"}],"about":[{"href":"https:\/\/www.ediciones-valnera.com\/index.php?rest_route=\/wp\/v2\/types\/product"}],"replies":[{"embeddable":true,"href":"https:\/\/www.ediciones-valnera.com\/index.php?rest_route=%2Fwp%2Fv2%2Fcomments&post=944"}],"wp:featuredmedia":[{"embeddable":true,"href":"https:\/\/www.ediciones-valnera.com\/index.php?rest_route=\/wp\/v2\/media\/945"}],"wp:attachment":[{"href":"https:\/\/www.ediciones-valnera.com\/index.php?rest_route=%2Fwp%2Fv2%2Fmedia&parent=944"}],"wp:term":[{"taxonomy":"product_brand","embeddable":true,"href":"https:\/\/www.ediciones-valnera.com\/index.php?rest_route=%2Fwp%2Fv2%2Fproduct_brand&post=944"},{"taxonomy":"product_cat","embeddable":true,"href":"https:\/\/www.ediciones-valnera.com\/index.php?rest_route=%2Fwp%2Fv2%2Fproduct_cat&post=944"},{"taxonomy":"product_tag","embeddable":true,"href":"https:\/\/www.ediciones-valnera.com\/index.php?rest_route=%2Fwp%2Fv2%2Fproduct_tag&post=944"}],"curies":[{"name":"wp","href":"https:\/\/api.w.org\/{rel}","templated":true}]}}