{"id":914,"date":"2022-03-18T17:33:11","date_gmt":"2022-03-18T17:33:11","guid":{"rendered":"https:\/\/www.ediciones-valnera.com\/?post_type=product&#038;p=914"},"modified":"2023-12-06T11:59:26","modified_gmt":"2023-12-06T11:59:26","slug":"el-fracaso-como-una-de-las-bellas-artes","status":"publish","type":"product","link":"https:\/\/www.ediciones-valnera.com\/?product=el-fracaso-como-una-de-las-bellas-artes","title":{"rendered":"El fracaso como una de las bellas artes"},"content":{"rendered":"<p>Cuatro grandes de la historieta nacional, tres guionistas (Raule, Llor, Dami\u00e1n) y un dibujante (Esteban Hern\u00e1ndez, a su vez tambi\u00e9n guionista) dan cuenta de cinco de los m\u00faltiples fracasos que han sufrido a la hora de querer publicar un c\u00f3mic. Y lo hacen de un modo ingenioso: dentro de una historia general, que es la suya, dibujada en tono bicolor, integran con naturalidad partes de esas cinco aventuras fallidas, en este caso realizadas a todo color: <em>Nellie Bly, Vandalz, Sazam Company!, Balnearium <\/em>y<em> Pink Unikorns<\/em>.<\/p>\n<p>El libro es, en esencia, el c\u00f3mic dentro del c\u00f3mic, un ensayo imaginativo y de humor\u00edstica seriedad sobre los golpes que propina el fracaso, esos que, como dec\u00eda Nietzsche, si no te matan te hacen m\u00e1s fuerte.<\/p>\n<p>https:\/\/www.lasombradecain.com\/online-store\/La-tentaci%C3%B3n-p454095020<\/p>\n","protected":false},"excerpt":{"rendered":"<p>Dicen sus propios autores: \u00abHemos fracasado a la hora de enfrentarnos a la p\u00e1gina en blanco, nuestra archienemiga. Hemos fracasado buscando al artista ideal para plasmar nuestra historia cuando nos lleg\u00f3 la inspiraci\u00f3n, esa que es mejor que te pille trabajando. Hemos fracasado en la b\u00fasqueda de editor, esos villanos que no entienden nuestro arte. Cuando hemos conseguido publicar, las ventas han sido un fracaso. Incluso cuando las ventas han ido bien, el pago recibido no ha sido suficiente para sostener un hogar y hemos tenido que abandonar nuestro mejor proyecto. \u00bfY por qu\u00e9 seguimos haciendo tebeos? \u00bfEstamos locos? \u00bfSomos masoquistas? \u00bfEl fracaso es adictivo?<\/p>\n<p>Seguimos haciendo tebeos porque amamos el medio. Es vocacional. No hay otra respuesta\u00bb.<\/p>\n","protected":false},"featured_media":915,"comment_status":"closed","ping_status":"closed","template":"","meta":[],"product_brand":[],"product_cat":[84],"product_tag":[100,101,99,98],"class_list":{"0":"post-914","1":"product","2":"type-product","3":"status-publish","4":"has-post-thumbnail","6":"product_cat-valnera-grafica","7":"product_tag-damian-campanario","8":"product_tag-esteban-hernandez","9":"product_tag-fernando-llor","10":"product_tag-raul-anisa-arsis","12":"first","13":"instock","14":"shipping-taxable","15":"product-type-external"},"_links":{"self":[{"href":"https:\/\/www.ediciones-valnera.com\/index.php?rest_route=\/wp\/v2\/product\/914","targetHints":{"allow":["GET"]}}],"collection":[{"href":"https:\/\/www.ediciones-valnera.com\/index.php?rest_route=\/wp\/v2\/product"}],"about":[{"href":"https:\/\/www.ediciones-valnera.com\/index.php?rest_route=\/wp\/v2\/types\/product"}],"replies":[{"embeddable":true,"href":"https:\/\/www.ediciones-valnera.com\/index.php?rest_route=%2Fwp%2Fv2%2Fcomments&post=914"}],"wp:featuredmedia":[{"embeddable":true,"href":"https:\/\/www.ediciones-valnera.com\/index.php?rest_route=\/wp\/v2\/media\/915"}],"wp:attachment":[{"href":"https:\/\/www.ediciones-valnera.com\/index.php?rest_route=%2Fwp%2Fv2%2Fmedia&parent=914"}],"wp:term":[{"taxonomy":"product_brand","embeddable":true,"href":"https:\/\/www.ediciones-valnera.com\/index.php?rest_route=%2Fwp%2Fv2%2Fproduct_brand&post=914"},{"taxonomy":"product_cat","embeddable":true,"href":"https:\/\/www.ediciones-valnera.com\/index.php?rest_route=%2Fwp%2Fv2%2Fproduct_cat&post=914"},{"taxonomy":"product_tag","embeddable":true,"href":"https:\/\/www.ediciones-valnera.com\/index.php?rest_route=%2Fwp%2Fv2%2Fproduct_tag&post=914"}],"curies":[{"name":"wp","href":"https:\/\/api.w.org\/{rel}","templated":true}]}}