{"id":905,"date":"2022-03-18T14:34:52","date_gmt":"2022-03-18T14:34:52","guid":{"rendered":"https:\/\/www.ediciones-valnera.com\/?post_type=product&#038;p=905"},"modified":"2025-11-06T11:30:19","modified_gmt":"2025-11-06T11:30:19","slug":"la-tentacion","status":"publish","type":"product","link":"https:\/\/www.ediciones-valnera.com\/?product=la-tentacion","title":{"rendered":"La tentaci\u00f3n"},"content":{"rendered":"<p>En <em>La tentaci\u00f3n<\/em>, un joven periodista y aprendiz de escritor encuentra a un enigm\u00e1tico personaje cuyos atinados consejos le van desvelando poco a poco las claves del \u00e9xito literario. Un d\u00eda, el protagonista descubre la raz\u00f3n de la sorprendente sagacidad de su mentor y, a partir de ese momento, su vida se transforma en una espantosa pesadilla que amenaza con arruinarle la carrera, el matrimonio y la salud mental.<\/p>\n<p>Credulidad y escepticismo se contraponen en un relato iluminado por sutiles destellos de iron\u00eda y humor, en el que el autor le da la vuelta a un tema cl\u00e1sico \u2013el de la actualidad de la presencia del diablo\u2013 y consigue una obra repleta de jugosos di\u00e1logos y divertidas peripecias de donde brotan, de cuando en cuando, algunos atisbos del misterioso papel que todos, hombres y mujeres, desempe\u00f1amos en este asombroso planeta.<\/p>\n","protected":false},"excerpt":{"rendered":"<p>Jes\u00fas Carazo, su autor, califica la obra \u00abde novela de intriga, aunque no hay en ella cr\u00edmenes ni asesinos. El protagonista es un joven intr\u00e9pido dispuesto a cruzar las fronteras de \u2018lo permitido\u2019, a aceptar \u2018lo inconfesable\u2019 con tal de alcanzar la gloria literaria\u00bb.<\/p>\n<p>Y a\u00f1ade: \u00abEs mi novela m\u00e1s provocadora e irreverente. Y probablemente la m\u00e1s divertida de cuantas he escrito\u00bb.<\/p>\n","protected":false},"featured_media":906,"comment_status":"closed","ping_status":"closed","template":"","meta":[],"product_brand":[],"product_cat":[86],"product_tag":[53],"class_list":{"0":"post-905","1":"product","2":"type-product","3":"status-publish","4":"has-post-thumbnail","6":"product_cat-valnera-literaria","7":"product_tag-jesus-carazo","9":"first","10":"instock","11":"shipping-taxable","12":"product-type-external"},"_links":{"self":[{"href":"https:\/\/www.ediciones-valnera.com\/index.php?rest_route=\/wp\/v2\/product\/905","targetHints":{"allow":["GET"]}}],"collection":[{"href":"https:\/\/www.ediciones-valnera.com\/index.php?rest_route=\/wp\/v2\/product"}],"about":[{"href":"https:\/\/www.ediciones-valnera.com\/index.php?rest_route=\/wp\/v2\/types\/product"}],"replies":[{"embeddable":true,"href":"https:\/\/www.ediciones-valnera.com\/index.php?rest_route=%2Fwp%2Fv2%2Fcomments&post=905"}],"wp:featuredmedia":[{"embeddable":true,"href":"https:\/\/www.ediciones-valnera.com\/index.php?rest_route=\/wp\/v2\/media\/906"}],"wp:attachment":[{"href":"https:\/\/www.ediciones-valnera.com\/index.php?rest_route=%2Fwp%2Fv2%2Fmedia&parent=905"}],"wp:term":[{"taxonomy":"product_brand","embeddable":true,"href":"https:\/\/www.ediciones-valnera.com\/index.php?rest_route=%2Fwp%2Fv2%2Fproduct_brand&post=905"},{"taxonomy":"product_cat","embeddable":true,"href":"https:\/\/www.ediciones-valnera.com\/index.php?rest_route=%2Fwp%2Fv2%2Fproduct_cat&post=905"},{"taxonomy":"product_tag","embeddable":true,"href":"https:\/\/www.ediciones-valnera.com\/index.php?rest_route=%2Fwp%2Fv2%2Fproduct_tag&post=905"}],"curies":[{"name":"wp","href":"https:\/\/api.w.org\/{rel}","templated":true}]}}