{"id":903,"date":"2022-03-18T13:09:34","date_gmt":"2022-03-18T13:09:34","guid":{"rendered":"https:\/\/www.ediciones-valnera.com\/?post_type=product&#038;p=903"},"modified":"2022-05-21T19:35:20","modified_gmt":"2022-05-21T19:35:20","slug":"protocolos-urgentes-de-radiodiagnostico","status":"publish","type":"product","link":"https:\/\/www.ediciones-valnera.com\/?product=protocolos-urgentes-de-radiodiagnostico","title":{"rendered":"Protocolos urgentes de radiodiagn\u00f3stico"},"content":{"rendered":"","protected":false},"excerpt":{"rendered":"<p>Este libro busca reflejar, de una manera sencilla y clara, los principales par\u00e1metros que el radi\u00f3logo debe manejar en la adquisici\u00f3n y procesado de estudios de imagen urgentes, por lo que, de esta manera, la mayor\u00eda del trabajo est\u00e1 enfocado hacia la TC (tomograf\u00eda computarizada), ya que constituye el grueso de las pruebas solicitadas a un servicio de radiodiagn\u00f3stico durante las guardias.<\/p>\n<p>Adem\u00e1s, a\u00f1ade unas pinceladas del manejo del intervencionismo b\u00e1sico, as\u00ed como de los posibles estudios de RM (resonancia magn\u00e9tica) urgentes, a los que potencialmente se pueden enfrentar los radi\u00f3logos en el transcurso de esas mismas guardias.<\/p>\n","protected":false},"featured_media":902,"comment_status":"closed","ping_status":"closed","template":"","meta":[],"product_brand":[],"product_cat":[94],"product_tag":[41],"class_list":{"0":"post-903","1":"product","2":"type-product","3":"status-publish","4":"has-post-thumbnail","6":"product_cat-varia","7":"product_tag-fuera-de-catalogo","9":"first","10":"instock","11":"shipping-taxable","12":"product-type-external"},"_links":{"self":[{"href":"https:\/\/www.ediciones-valnera.com\/index.php?rest_route=\/wp\/v2\/product\/903","targetHints":{"allow":["GET"]}}],"collection":[{"href":"https:\/\/www.ediciones-valnera.com\/index.php?rest_route=\/wp\/v2\/product"}],"about":[{"href":"https:\/\/www.ediciones-valnera.com\/index.php?rest_route=\/wp\/v2\/types\/product"}],"replies":[{"embeddable":true,"href":"https:\/\/www.ediciones-valnera.com\/index.php?rest_route=%2Fwp%2Fv2%2Fcomments&post=903"}],"wp:featuredmedia":[{"embeddable":true,"href":"https:\/\/www.ediciones-valnera.com\/index.php?rest_route=\/wp\/v2\/media\/902"}],"wp:attachment":[{"href":"https:\/\/www.ediciones-valnera.com\/index.php?rest_route=%2Fwp%2Fv2%2Fmedia&parent=903"}],"wp:term":[{"taxonomy":"product_brand","embeddable":true,"href":"https:\/\/www.ediciones-valnera.com\/index.php?rest_route=%2Fwp%2Fv2%2Fproduct_brand&post=903"},{"taxonomy":"product_cat","embeddable":true,"href":"https:\/\/www.ediciones-valnera.com\/index.php?rest_route=%2Fwp%2Fv2%2Fproduct_cat&post=903"},{"taxonomy":"product_tag","embeddable":true,"href":"https:\/\/www.ediciones-valnera.com\/index.php?rest_route=%2Fwp%2Fv2%2Fproduct_tag&post=903"}],"curies":[{"name":"wp","href":"https:\/\/api.w.org\/{rel}","templated":true}]}}