{"id":59,"date":"2022-01-02T23:05:02","date_gmt":"2022-01-02T22:05:02","guid":{"rendered":"http:\/\/127.0.0.1:10080\/wordpress\/?post_type=product&#038;p=59"},"modified":"2022-02-01T23:54:29","modified_gmt":"2022-02-01T23:54:29","slug":"la-camara-oscura-del-olimpo","status":"publish","type":"product","link":"https:\/\/www.ediciones-valnera.com\/?product=la-camara-oscura-del-olimpo","title":{"rendered":"La c\u00e1mara oscura del Olimpo"},"content":{"rendered":"<p class=\"just\">Esta novela gr\u00e1fica permite contemplar a los cl\u00e1sicos con los ojos del siglo XXI, sin duda una experiencia estimulante. Posee un dibujo espectacular que bebe de Homero y Virgilio tanto como de la historia antigua para rememorar epopeyas que demuestran que mortales y dioses no eran tan distintos.<\/p>\n<p class=\"just\">Los h\u00e9roes y los mitos se dan la mano marcando a fuego en la memoria colectiva los destinos de tan fabulosos personajes. La est\u00e9tica es densa, de figuras solemnes y desmesuradas, dibujadas a golpe de cincel, posando en atrevidos escorzos y matizadas por un uso denotativo del color. Es una rica imaginer\u00eda que bebe de diversas fuentes y se inserta en una atm\u00f3sfera envolvente que arrastra y sumerge al lector en un mar de sensaciones emocionales y pl\u00e1sticas.<\/p>\n<p class=\"just\">Dibujante y guionista conciben la p\u00e1gina como unidad narrativa, dotada de un original dise\u00f1o, que reinventa los mecanismos de la lectura para guiar al espectador a trav\u00e9s del espacio impreso manejando con habilidad las im\u00e1genes y adaptando las secuencias a las necesidades expresivas. Cada p\u00e1gina supone un recorrido, un viaje, donde la fantas\u00eda se funde con la historia, sin que falten ambici\u00f3n, enga\u00f1os, violencia, manipulaci\u00f3n, lujuria o poder. La guerra y la conquista est\u00e1n omnipresentes, tambi\u00e9n la miseria y la gloria \u00bfHemos aprendido algo? Todo muere, todo renace, nada ha variado a trav\u00e9s de los siglos y esta obra es un testimonio brutal.<\/p>\n","protected":false},"excerpt":{"rendered":"<p>La c\u00e1mara oscura del Olimpo (Premio de Novela Gr\u00e1fica del Gobierno de Cantabria) est\u00e1 basada en la mitolog\u00eda griega y en la historia mediterr\u00e1nea antigua, del siglo 13 al 3 a. C., aproximadamente. Describe una lucha de poderes entre los hijos de Zeus, que comienza cuando uno de ellos recibe una profec\u00eda misteriosa sobre su futuro destronamiento. Atenea y Ares parecen ser los candidatos m\u00e1s fuertes para reemplazarlo. Pelean durante siglos impulsando sus ciudades, como Atenas y Roma, a trav\u00e9s de sus gobernantes. Aun as\u00ed, Zeus tiene muchos hijos que cumplen los requisitos de la profec\u00eda. La intriga se vuelve cada vez m\u00e1s compleja a medida que cada uno utiliza sus recursos para mejorar su posici\u00f3n y encontrar la forma de dar el golpe final.<\/p>\n","protected":false},"featured_media":715,"comment_status":"closed","ping_status":"closed","template":"","meta":[],"product_brand":[],"product_cat":[84],"product_tag":[27,77],"class_list":{"0":"post-59","1":"product","2":"type-product","3":"status-publish","4":"has-post-thumbnail","6":"product_cat-valnera-grafica","7":"product_tag-carlos-dearmas","8":"product_tag-rodrigo-lucio","10":"first","11":"instock","12":"shipping-taxable","13":"product-type-external"},"_links":{"self":[{"href":"https:\/\/www.ediciones-valnera.com\/index.php?rest_route=\/wp\/v2\/product\/59","targetHints":{"allow":["GET"]}}],"collection":[{"href":"https:\/\/www.ediciones-valnera.com\/index.php?rest_route=\/wp\/v2\/product"}],"about":[{"href":"https:\/\/www.ediciones-valnera.com\/index.php?rest_route=\/wp\/v2\/types\/product"}],"replies":[{"embeddable":true,"href":"https:\/\/www.ediciones-valnera.com\/index.php?rest_route=%2Fwp%2Fv2%2Fcomments&post=59"}],"wp:featuredmedia":[{"embeddable":true,"href":"https:\/\/www.ediciones-valnera.com\/index.php?rest_route=\/wp\/v2\/media\/715"}],"wp:attachment":[{"href":"https:\/\/www.ediciones-valnera.com\/index.php?rest_route=%2Fwp%2Fv2%2Fmedia&parent=59"}],"wp:term":[{"taxonomy":"product_brand","embeddable":true,"href":"https:\/\/www.ediciones-valnera.com\/index.php?rest_route=%2Fwp%2Fv2%2Fproduct_brand&post=59"},{"taxonomy":"product_cat","embeddable":true,"href":"https:\/\/www.ediciones-valnera.com\/index.php?rest_route=%2Fwp%2Fv2%2Fproduct_cat&post=59"},{"taxonomy":"product_tag","embeddable":true,"href":"https:\/\/www.ediciones-valnera.com\/index.php?rest_route=%2Fwp%2Fv2%2Fproduct_tag&post=59"}],"curies":[{"name":"wp","href":"https:\/\/api.w.org\/{rel}","templated":true}]}}