{"id":57,"date":"2022-01-02T22:54:27","date_gmt":"2022-01-02T21:54:27","guid":{"rendered":"http:\/\/127.0.0.1:10080\/wordpress\/?post_type=product&#038;p=57"},"modified":"2022-02-01T23:54:52","modified_gmt":"2022-02-01T23:54:52","slug":"lobomalo","status":"publish","type":"product","link":"https:\/\/www.ediciones-valnera.com\/?product=lobomalo","title":{"rendered":"Lobomalo"},"content":{"rendered":"","protected":false},"excerpt":{"rendered":"<p>Fran Mengual debuta en la novela gr\u00e1fica con esta brillante reformulaci\u00f3n del imaginario com\u00fan que juega desde el mismo t\u00edtulo con una serie de t\u00f3picos asumidos por el lector para manipularlos a su antojo, de manera muy l\u00facida y no exenta de iron\u00eda. Obra de cuidadosa construcci\u00f3n y aparente sencillez, Lobomalo es una historia de protagonismo colectivo que acude a personajes ic\u00f3nicos del acervo popular para mostrar la verdadera esencia de sus perturbadoras implicaciones. El entorno rural que conforma el escenario constituye un universo cerrado y asfixiante, poblado por esperp\u00e9nticos individuos de expresividad desatada. Es un mundo con la violencia a flor de piel, marcado por la superstici\u00f3n, los prejuicios y los temores ancestrales, que se ver\u00e1 alterado irremediablemente por la presencia del oscuro lobo. Aunque no todo es lo que parece en este relato dibujado con un trazo sint\u00e9tico y elegante, cuya envolvente narrativa atrapa desde la primera p\u00e1gina. Porque la fuerza de la imagen procura un espect\u00e1culo visual donde las miradas, los silencios, los s\u00edmbolos y la puesta en escena son tan elocuentes o m\u00e1s que las palabras. Tambi\u00e9n el color, puro y energ\u00e9tico, que matiza las emociones y el paso del tiempo en una obra que requiere la colaboraci\u00f3n del espectador para completar el inquietante puzle.<\/p>\n","protected":false},"featured_media":716,"comment_status":"closed","ping_status":"closed","template":"","meta":[],"product_brand":[],"product_cat":[84],"product_tag":[40],"class_list":{"0":"post-57","1":"product","2":"type-product","3":"status-publish","4":"has-post-thumbnail","6":"product_cat-valnera-grafica","7":"product_tag-fran-mengual","9":"first","10":"instock","11":"shipping-taxable","12":"product-type-external"},"_links":{"self":[{"href":"https:\/\/www.ediciones-valnera.com\/index.php?rest_route=\/wp\/v2\/product\/57","targetHints":{"allow":["GET"]}}],"collection":[{"href":"https:\/\/www.ediciones-valnera.com\/index.php?rest_route=\/wp\/v2\/product"}],"about":[{"href":"https:\/\/www.ediciones-valnera.com\/index.php?rest_route=\/wp\/v2\/types\/product"}],"replies":[{"embeddable":true,"href":"https:\/\/www.ediciones-valnera.com\/index.php?rest_route=%2Fwp%2Fv2%2Fcomments&post=57"}],"wp:featuredmedia":[{"embeddable":true,"href":"https:\/\/www.ediciones-valnera.com\/index.php?rest_route=\/wp\/v2\/media\/716"}],"wp:attachment":[{"href":"https:\/\/www.ediciones-valnera.com\/index.php?rest_route=%2Fwp%2Fv2%2Fmedia&parent=57"}],"wp:term":[{"taxonomy":"product_brand","embeddable":true,"href":"https:\/\/www.ediciones-valnera.com\/index.php?rest_route=%2Fwp%2Fv2%2Fproduct_brand&post=57"},{"taxonomy":"product_cat","embeddable":true,"href":"https:\/\/www.ediciones-valnera.com\/index.php?rest_route=%2Fwp%2Fv2%2Fproduct_cat&post=57"},{"taxonomy":"product_tag","embeddable":true,"href":"https:\/\/www.ediciones-valnera.com\/index.php?rest_route=%2Fwp%2Fv2%2Fproduct_tag&post=57"}],"curies":[{"name":"wp","href":"https:\/\/api.w.org\/{rel}","templated":true}]}}