{"id":55,"date":"2022-01-02T22:49:34","date_gmt":"2022-01-02T21:49:34","guid":{"rendered":"http:\/\/127.0.0.1:10080\/wordpress\/?post_type=product&#038;p=55"},"modified":"2022-02-01T23:55:13","modified_gmt":"2022-02-01T23:55:13","slug":"moby-dick-novela-grafica","status":"publish","type":"product","link":"https:\/\/www.ediciones-valnera.com\/?product=moby-dick-novela-grafica","title":{"rendered":"Moby Dick (novela gr\u00e1fica)"},"content":{"rendered":"<p class=\"just\">Este\u00a0<i>Moby Dick<\/i>\u00a0de ahora es la peque\u00f1a cima de una obsesi\u00f3n enfermiza, la del marinero que llega a Nantucket, que se embarca en el Pequod, que persigue a la ballena blanca, que se salva por los pelos gracias al ata\u00fad de Quiqueg, que es recogido por el ballenero Raquel y vuelve a contar la historia otra vez m\u00e1s\u00bb.<\/p>\n<p class=\"just\">Para su edici\u00f3n Valnera ha creado el sello Valnera Gr\u00e1fica y ha firmado un contrato de coedici\u00f3n con Panini (en concreto con su sello eVolution). La multinacional italiana adquiere con car\u00e1cter exclusivo los derechos de reproducci\u00f3n, distribuci\u00f3n, transformaci\u00f3n, comunicaci\u00f3n p\u00fablica y puesta a disposici\u00f3n de la novela gr\u00e1fica para su explotaci\u00f3n comercial en lengua castellana, en todas y cada una de las lenguas oficiales espa\u00f1olas y para los pa\u00edses de habla hispana, excepto la Comunidad Aut\u00f3noma de Cantabria, donde la editorial Valnera ser\u00e1 la responsable de su distribuci\u00f3n y venta.<\/p>\n","protected":false},"excerpt":{"rendered":"<p class=\"just\">Moby Dick es el mar y su esencia, la brisa misteriosa, la respiraci\u00f3n del oc\u00e9ano, una ruta, una persecuci\u00f3n obsesiva. La misma obsesi\u00f3n que ha llevado a Jos\u00e9 Ram\u00f3n S\u00e1nchez, Premio Nacional de Ilustraci\u00f3n, a navegar durante 16 a\u00f1os en la novela inmortal de Melville. Nueve meses de trabajo le ha supuesto esta novela gr\u00e1fica, resuelta en 176 p\u00e1ginas y 642 vi\u00f1etas en blanco y negro en las que se aprecia la mano del artista y el dise\u00f1o del cin\u00e9filo. La mano ci\u00f1\u00f3 el humilde lapicero y trabaj\u00f3, incansable, para hacer realidad en blanco y negro el sue\u00f1o que ten\u00eda el artista desde la infancia: ilustrar un c\u00f3mic.<\/p>\n<p class=\"just\">\u00abEra un sue\u00f1o porque el talento natural no me daba para ello. Tampoco, a los setenta y nueve a\u00f1os, el talento hab\u00eda madurado tanto como para atreverme por vez primera. De octubre a noviembre de 2016 me atrap\u00f3 una fiebre que me dej\u00f3 exhausto: una maqueta con vi\u00f1etas y textos en los que volv\u00ed al a\u00f1o 2001, a la tragedia ballenera de\u00a0<i>Moby Dick.<\/i><\/p>\n","protected":false},"featured_media":717,"comment_status":"closed","ping_status":"closed","template":"","meta":[],"product_brand":[],"product_cat":[84],"product_tag":[54,62],"class_list":{"0":"post-55","1":"product","2":"type-product","3":"status-publish","4":"has-post-thumbnail","6":"product_cat-valnera-grafica","7":"product_tag-jesus-herran","8":"product_tag-jose-ramon-sanchez","10":"first","11":"instock","12":"shipping-taxable","13":"product-type-external"},"_links":{"self":[{"href":"https:\/\/www.ediciones-valnera.com\/index.php?rest_route=\/wp\/v2\/product\/55","targetHints":{"allow":["GET"]}}],"collection":[{"href":"https:\/\/www.ediciones-valnera.com\/index.php?rest_route=\/wp\/v2\/product"}],"about":[{"href":"https:\/\/www.ediciones-valnera.com\/index.php?rest_route=\/wp\/v2\/types\/product"}],"replies":[{"embeddable":true,"href":"https:\/\/www.ediciones-valnera.com\/index.php?rest_route=%2Fwp%2Fv2%2Fcomments&post=55"}],"wp:featuredmedia":[{"embeddable":true,"href":"https:\/\/www.ediciones-valnera.com\/index.php?rest_route=\/wp\/v2\/media\/717"}],"wp:attachment":[{"href":"https:\/\/www.ediciones-valnera.com\/index.php?rest_route=%2Fwp%2Fv2%2Fmedia&parent=55"}],"wp:term":[{"taxonomy":"product_brand","embeddable":true,"href":"https:\/\/www.ediciones-valnera.com\/index.php?rest_route=%2Fwp%2Fv2%2Fproduct_brand&post=55"},{"taxonomy":"product_cat","embeddable":true,"href":"https:\/\/www.ediciones-valnera.com\/index.php?rest_route=%2Fwp%2Fv2%2Fproduct_cat&post=55"},{"taxonomy":"product_tag","embeddable":true,"href":"https:\/\/www.ediciones-valnera.com\/index.php?rest_route=%2Fwp%2Fv2%2Fproduct_tag&post=55"}],"curies":[{"name":"wp","href":"https:\/\/api.w.org\/{rel}","templated":true}]}}