{"id":40,"date":"2002-01-02T22:31:50","date_gmt":"2002-01-02T22:31:50","guid":{"rendered":"http:\/\/127.0.0.1:10080\/wordpress\/?post_type=product&#038;p=40"},"modified":"2022-02-08T22:32:53","modified_gmt":"2022-02-08T22:32:53","slug":"moby-dick","status":"publish","type":"product","link":"https:\/\/www.ediciones-valnera.com\/?product=moby-dick","title":{"rendered":"Moby Dick"},"content":{"rendered":"","protected":false},"excerpt":{"rendered":"<p class=\"just\">Valnera inici\u00f3 su andadura en abril de 2002, con la publicaci\u00f3n de un\u00a0<em><strong>Moby Dick<\/strong><\/em>\u00a0excepcional \u2014tras el\u00a0<strong>decidido apoyo<\/strong>\u00a0que prest\u00f3 el\u00a0<strong>Ayuntamiento de Castro Urdiales<\/strong>\u00a0a la iniciativa\u2014, dando as\u00ed respuesta a su idea de abordar proyectos de gran envergadura.<\/p>\n<p class=\"just\">Cada libro, de formato at\u00edpico (42&#215;21,5 cm) conten\u00eda la reproducci\u00f3n de los 72 \u00f3leos en color, las 215 ilustraciones en negro y las 117 escenas del cuaderno de trabajo que el artista c\u00e1ntabro Jos\u00e9 Ram\u00f3n S\u00e1nchez realiz\u00f3 para la edici\u00f3n. La obra fue dise\u00f1ada por el propio Jos\u00e9 Ram\u00f3n S\u00e1nchez. Se compuso en tipo Perpetua, se imprimi\u00f3 en papel Magnomatt Classic de SAPPI (un papel estucado de 150 gramos) y se encuadern\u00f3 a mano, a la holandesa, con lomo de piel. Para la venta se destin\u00f3 un total de 250 ejemplares, numerados y firmados por Jos\u00e9 Ram\u00f3n S\u00e1nchez, veinte de los cuales estaban numerados en romanos del I al XX, y los restantes en ar\u00e1bigos del 1 al 230.<\/p>\n<p class=\"just\">Esta espectacular edici\u00f3n fue saludada con entusiasmo por prensa, radio y televisi\u00f3n, y recibi\u00f3 el aplauso de\u00a0<em><strong>El Diario Monta\u00f1\u00e9s, Alerta, ABC, El Pa\u00eds, El Correo, La Raz\u00f3n, El Ideal, La Verdad, Sur, El Comercio, Hoy, Nickel Ode\u00f3n, Qu\u00e9 Leer, El Mundo, Bilbao (Juan Bas), Tele 5, Onda Cero (Tico Medina), Cope\u00a0<a href=\"http:\/\/www.fernandomarias.com\/\" target=\"_blank\" rel=\"noopener\">(Fernando Mar\u00edas),<\/a><\/strong><\/em>\u2026 entre otros.<\/p>\n","protected":false},"featured_media":719,"comment_status":"closed","ping_status":"closed","template":"","meta":[],"product_brand":[],"product_cat":[91,81],"product_tag":[62],"class_list":{"0":"post-40","1":"product","2":"type-product","3":"status-publish","4":"has-post-thumbnail","6":"product_cat-ano-2002-el-inicio","7":"product_cat-valnera","8":"product_tag-jose-ramon-sanchez","10":"first","11":"instock","12":"shipping-taxable","13":"product-type-external"},"_links":{"self":[{"href":"https:\/\/www.ediciones-valnera.com\/index.php?rest_route=\/wp\/v2\/product\/40","targetHints":{"allow":["GET"]}}],"collection":[{"href":"https:\/\/www.ediciones-valnera.com\/index.php?rest_route=\/wp\/v2\/product"}],"about":[{"href":"https:\/\/www.ediciones-valnera.com\/index.php?rest_route=\/wp\/v2\/types\/product"}],"replies":[{"embeddable":true,"href":"https:\/\/www.ediciones-valnera.com\/index.php?rest_route=%2Fwp%2Fv2%2Fcomments&post=40"}],"wp:featuredmedia":[{"embeddable":true,"href":"https:\/\/www.ediciones-valnera.com\/index.php?rest_route=\/wp\/v2\/media\/719"}],"wp:attachment":[{"href":"https:\/\/www.ediciones-valnera.com\/index.php?rest_route=%2Fwp%2Fv2%2Fmedia&parent=40"}],"wp:term":[{"taxonomy":"product_brand","embeddable":true,"href":"https:\/\/www.ediciones-valnera.com\/index.php?rest_route=%2Fwp%2Fv2%2Fproduct_brand&post=40"},{"taxonomy":"product_cat","embeddable":true,"href":"https:\/\/www.ediciones-valnera.com\/index.php?rest_route=%2Fwp%2Fv2%2Fproduct_cat&post=40"},{"taxonomy":"product_tag","embeddable":true,"href":"https:\/\/www.ediciones-valnera.com\/index.php?rest_route=%2Fwp%2Fv2%2Fproduct_tag&post=40"}],"curies":[{"name":"wp","href":"https:\/\/api.w.org\/{rel}","templated":true}]}}