{"id":37,"date":"2021-12-27T21:40:57","date_gmt":"2021-12-27T20:40:57","guid":{"rendered":"http:\/\/127.0.0.1:10080\/wordpress\/?post_type=product&#038;p=37"},"modified":"2025-11-06T11:52:09","modified_gmt":"2025-11-06T11:52:09","slug":"el-numero-de-la-bella","status":"publish","type":"product","link":"https:\/\/www.ediciones-valnera.com\/?product=el-numero-de-la-bella","title":{"rendered":"El n\u00famero de la bella"},"content":{"rendered":"","protected":false},"excerpt":{"rendered":"<p class=\"just\">Finales del siglo octavo. El obispo Eterio recibe en Osma la visita de un mensajero que anuncia la muerte de Beato de Li\u00e9bana. Deseoso de saber m\u00e1s sobre su maestro, Eterio env\u00eda al valle c\u00e1ntabro al di\u00e1cono Siricio con la orden de que vea, indague y escriba c\u00f3mo fueron los \u00faltimos a\u00f1os del abad lebaniego. Su informe no s\u00f3lo habla de los d\u00edas del monje, tambi\u00e9n recoge la historia de la comunidad monacal y una serie de intrigas que desembocan en la misteriosa muerte de una joven.<\/p>\n<p class=\"just\">A\u00f1os centrales del siglo XVIII, Valcavadillo, Palencia. El p\u00e1rroco Simplicio halla, entre las ruinas del desaparecido monasterio de Valcavado, un manuscrito que contiene una confesi\u00f3n, entreverada de unas notas de viaje y de un\u00a0<i>Comentario al Cantar de los cantares<\/i>. Sus protagonistas, los mismos que diez siglos antes presentara Siricio en su comunicado a Eterio. Como si de c\u00edrculos conc\u00e9ntricos se tratara, los dos relatos se complementan y cierran todos los resquicios de una historia de amor, escrita con un lenguaje de elevado erotismo, repleto de reminiscencias b\u00edblicas y cervantinas. Al fondo el siglo octavo, luchas de fe, Beato de Li\u00e9bana, Elipando, Alcuino de York, Angilberto o Carlomagno, y un amplio itinerario que abarca desde Li\u00e9bana hasta Roma, pasando por Burdeos, Tours, C\u00e9ntula y Aquisgr\u00e1n.<\/p>\n<p class=\"just\">Esta obra de Emilio Pascual \u2014autor galardonado con el Premio Lazarillo de novela y el Premio Nacional de Literatura Infantil y Juvenil\u2014 sorprende por la elevada calidad de su prosa y colmar\u00e1 las medidas de todo buen lector.<\/p>\n","protected":false},"featured_media":720,"comment_status":"closed","ping_status":"closed","template":"","meta":[],"product_brand":[],"product_cat":[86,111],"product_tag":[35],"class_list":{"0":"post-37","1":"product","2":"type-product","3":"status-publish","4":"has-post-thumbnail","6":"product_cat-valnera-literaria","7":"product_cat-valnera-literaria-2","8":"product_tag-emilio-pascual","10":"first","11":"instock","12":"shipping-taxable","13":"product-type-external"},"_links":{"self":[{"href":"https:\/\/www.ediciones-valnera.com\/index.php?rest_route=\/wp\/v2\/product\/37","targetHints":{"allow":["GET"]}}],"collection":[{"href":"https:\/\/www.ediciones-valnera.com\/index.php?rest_route=\/wp\/v2\/product"}],"about":[{"href":"https:\/\/www.ediciones-valnera.com\/index.php?rest_route=\/wp\/v2\/types\/product"}],"replies":[{"embeddable":true,"href":"https:\/\/www.ediciones-valnera.com\/index.php?rest_route=%2Fwp%2Fv2%2Fcomments&post=37"}],"wp:featuredmedia":[{"embeddable":true,"href":"https:\/\/www.ediciones-valnera.com\/index.php?rest_route=\/wp\/v2\/media\/720"}],"wp:attachment":[{"href":"https:\/\/www.ediciones-valnera.com\/index.php?rest_route=%2Fwp%2Fv2%2Fmedia&parent=37"}],"wp:term":[{"taxonomy":"product_brand","embeddable":true,"href":"https:\/\/www.ediciones-valnera.com\/index.php?rest_route=%2Fwp%2Fv2%2Fproduct_brand&post=37"},{"taxonomy":"product_cat","embeddable":true,"href":"https:\/\/www.ediciones-valnera.com\/index.php?rest_route=%2Fwp%2Fv2%2Fproduct_cat&post=37"},{"taxonomy":"product_tag","embeddable":true,"href":"https:\/\/www.ediciones-valnera.com\/index.php?rest_route=%2Fwp%2Fv2%2Fproduct_tag&post=37"}],"curies":[{"name":"wp","href":"https:\/\/api.w.org\/{rel}","templated":true}]}}