{"id":338,"date":"2022-02-06T01:54:35","date_gmt":"2022-02-06T01:54:35","guid":{"rendered":"http:\/\/127.0.0.1:10080\/wordpress\/?post_type=product&#038;p=338"},"modified":"2023-12-06T12:01:43","modified_gmt":"2023-12-06T12:01:43","slug":"vivir-para-dibujar","status":"publish","type":"product","link":"https:\/\/www.ediciones-valnera.com\/?product=vivir-para-dibujar","title":{"rendered":"Vivir para dibujar"},"content":{"rendered":"","protected":false},"excerpt":{"rendered":"<p class=\"just\">Esta obra recoge en 923 im\u00e1genes una muestra de los dibujos a lapicero que ha realizado Jos\u00e9 Ram\u00f3n S\u00e1nchez a lo largo de toda su vida, desde los seis a los ochenta a\u00f1os. Representa el testamento profesional de un artista que ha cimentado su obra en la solidez del dibujo.<\/p>\n<p class=\"just\">Jos\u00e9 Ram\u00f3n es considerado hoy en d\u00eda como uno de nuestros dibujantes m\u00e1s grandes. Ha alcanzado durante su trayectoria profesional el Premio Lazarillo y el Premio Nacional de Ilustraci\u00f3n, entre otros, y, ante todo, el cari\u00f1o de una generaci\u00f3n de j\u00f3venes que aprendieron a dibujar con \u00e9l y contin\u00faan consider\u00e1ndolo su maestro.<\/p>\n","protected":false},"featured_media":635,"comment_status":"closed","ping_status":"closed","template":"","meta":[],"product_brand":[],"product_cat":[84],"product_tag":[62],"class_list":{"0":"post-338","1":"product","2":"type-product","3":"status-publish","4":"has-post-thumbnail","6":"product_cat-valnera-grafica","7":"product_tag-jose-ramon-sanchez","9":"first","10":"instock","11":"shipping-taxable","12":"product-type-external"},"_links":{"self":[{"href":"https:\/\/www.ediciones-valnera.com\/index.php?rest_route=\/wp\/v2\/product\/338","targetHints":{"allow":["GET"]}}],"collection":[{"href":"https:\/\/www.ediciones-valnera.com\/index.php?rest_route=\/wp\/v2\/product"}],"about":[{"href":"https:\/\/www.ediciones-valnera.com\/index.php?rest_route=\/wp\/v2\/types\/product"}],"replies":[{"embeddable":true,"href":"https:\/\/www.ediciones-valnera.com\/index.php?rest_route=%2Fwp%2Fv2%2Fcomments&post=338"}],"wp:featuredmedia":[{"embeddable":true,"href":"https:\/\/www.ediciones-valnera.com\/index.php?rest_route=\/wp\/v2\/media\/635"}],"wp:attachment":[{"href":"https:\/\/www.ediciones-valnera.com\/index.php?rest_route=%2Fwp%2Fv2%2Fmedia&parent=338"}],"wp:term":[{"taxonomy":"product_brand","embeddable":true,"href":"https:\/\/www.ediciones-valnera.com\/index.php?rest_route=%2Fwp%2Fv2%2Fproduct_brand&post=338"},{"taxonomy":"product_cat","embeddable":true,"href":"https:\/\/www.ediciones-valnera.com\/index.php?rest_route=%2Fwp%2Fv2%2Fproduct_cat&post=338"},{"taxonomy":"product_tag","embeddable":true,"href":"https:\/\/www.ediciones-valnera.com\/index.php?rest_route=%2Fwp%2Fv2%2Fproduct_tag&post=338"}],"curies":[{"name":"wp","href":"https:\/\/api.w.org\/{rel}","templated":true}]}}