{"id":334,"date":"2022-02-07T01:46:40","date_gmt":"2022-02-07T01:46:40","guid":{"rendered":"http:\/\/127.0.0.1:10080\/wordpress\/?post_type=product&#038;p=334"},"modified":"2023-12-06T12:01:21","modified_gmt":"2023-12-06T12:01:21","slug":"agente-zero","status":"publish","type":"product","link":"https:\/\/www.ediciones-valnera.com\/?product=agente-zero","title":{"rendered":"Agente Zero"},"content":{"rendered":"","protected":false},"excerpt":{"rendered":"<p class=\"just\">Marina siempre quiso tener un perro. Desde muy ni\u00f1a. Y cuando ella y su compa\u00f1ero adoptan a Zero asistimos a un relato costumbrista en tono de comedia de situaci\u00f3n, que tambi\u00e9n es una radiograf\u00eda de la propia autora en la que muchos lectores quiz\u00e1 puedan reconocerse. Pero no solo ironiza sobre las personas sino tambi\u00e9n sobre los animales, cuyo punto de vista en realidad es muy diferente. Y adem\u00e1s Zero resulta ser un can\u2026 ligeramente distinto. Como bien advierte un cap\u00edtulo, \u00abnada es lo que parece\u00bb, algo que corrobora una original vuelta de tuerca que cambiar\u00e1 por completo el sentido del argumento. Entre el absurdo y la carcajada, se desarrolla una trama que mezcla lo cotidiano con lo ins\u00f3lito.<\/p>\n<p class=\"just\">Descubran ustedes por qu\u00e9 los perros no siempre son los mejores amigos del hombre. Ni siquiera lo son de los terr\u00edcolas.<\/p>\n<p class=\"just\">\u00bfD\u00f3nde est\u00e1n los\u00a0<i>Men in Black<\/i>\u00a0cuando los necesitas?<\/p>\n<p class=\"just\">Yexus<\/p>\n","protected":false},"featured_media":636,"comment_status":"closed","ping_status":"closed","template":"","meta":[],"product_brand":[],"product_cat":[84],"product_tag":[70],"class_list":{"0":"post-334","1":"product","2":"type-product","3":"status-publish","4":"has-post-thumbnail","6":"product_cat-valnera-grafica","7":"product_tag-marina-casaos","9":"first","10":"instock","11":"shipping-taxable","12":"product-type-external"},"_links":{"self":[{"href":"https:\/\/www.ediciones-valnera.com\/index.php?rest_route=\/wp\/v2\/product\/334","targetHints":{"allow":["GET"]}}],"collection":[{"href":"https:\/\/www.ediciones-valnera.com\/index.php?rest_route=\/wp\/v2\/product"}],"about":[{"href":"https:\/\/www.ediciones-valnera.com\/index.php?rest_route=\/wp\/v2\/types\/product"}],"replies":[{"embeddable":true,"href":"https:\/\/www.ediciones-valnera.com\/index.php?rest_route=%2Fwp%2Fv2%2Fcomments&post=334"}],"wp:featuredmedia":[{"embeddable":true,"href":"https:\/\/www.ediciones-valnera.com\/index.php?rest_route=\/wp\/v2\/media\/636"}],"wp:attachment":[{"href":"https:\/\/www.ediciones-valnera.com\/index.php?rest_route=%2Fwp%2Fv2%2Fmedia&parent=334"}],"wp:term":[{"taxonomy":"product_brand","embeddable":true,"href":"https:\/\/www.ediciones-valnera.com\/index.php?rest_route=%2Fwp%2Fv2%2Fproduct_brand&post=334"},{"taxonomy":"product_cat","embeddable":true,"href":"https:\/\/www.ediciones-valnera.com\/index.php?rest_route=%2Fwp%2Fv2%2Fproduct_cat&post=334"},{"taxonomy":"product_tag","embeddable":true,"href":"https:\/\/www.ediciones-valnera.com\/index.php?rest_route=%2Fwp%2Fv2%2Fproduct_tag&post=334"}],"curies":[{"name":"wp","href":"https:\/\/api.w.org\/{rel}","templated":true}]}}