{"id":331,"date":"2022-01-07T01:39:55","date_gmt":"2022-01-07T00:39:55","guid":{"rendered":"http:\/\/127.0.0.1:10080\/wordpress\/?post_type=product&#038;p=331"},"modified":"2022-02-02T22:46:28","modified_gmt":"2022-02-02T22:46:28","slug":"memorias-de-un-dia","status":"publish","type":"product","link":"https:\/\/www.ediciones-valnera.com\/?product=memorias-de-un-dia","title":{"rendered":"Memorias de un d\u00eda"},"content":{"rendered":"","protected":false},"excerpt":{"rendered":"<p class=\"just\">Un d\u00eda en la vida santanderina de Jos\u00e9 Ram\u00f3n S\u00e1nchez, desde las 6:15 de la ma\u00f1ana, hora en la que suena el despertador, hasta las 11:00 de la noche, cuando se acuesta.Un d\u00eda en la vida santanderina de Jos\u00e9 Ram\u00f3n S\u00e1nchez, desde las 6:15 de la ma\u00f1ana, hora en la que suena el despertador, hasta las 11:00 de la noche, cuando se acuesta.<\/p>\n<p class=\"just\">El artista cuenta y pinta sus cosas cotidianas, desde la ducha al desayuno, desde la misa matinal a las pinturas, desde el paseo hasta la comida, desde las lecturas hasta la Filmoteca, desde la merienda a las series de televisi\u00f3n, desde el recuerdo de sus padres a la a\u00f1oranza de los hijos\u2026 Un ejercicio realista, literario y pict\u00f3rico, en el que se desnuda ante el lector y le cuenta, con la excusa del transcurrir cotidiano, c\u00f3mo vive ahora y de d\u00f3nde le vienen sus aficiones y sus querencias.<\/p>\n<p class=\"just\">Leyendo este libro uno tiene la sensaci\u00f3n de que nuestro artista entra al div\u00e1n de la consulta, en la que el psic\u00f3logo es cada lector, se tumba en \u00e9l y le cuenta, y nos cuenta, todo sobre su vida. Memorias de un d\u00eda se convierte, as\u00ed, en un retrato psicol\u00f3gico imprescindible para conocer a fondo a Jos\u00e9 Ram\u00f3n S\u00e1nchez y a la ciudad de Santander, que es el escenario por donde transcurre su peripecia cotidiana.<\/p>\n","protected":false},"featured_media":637,"comment_status":"closed","ping_status":"closed","template":"","meta":[],"product_brand":[],"product_cat":[81],"product_tag":[62],"class_list":{"0":"post-331","1":"product","2":"type-product","3":"status-publish","4":"has-post-thumbnail","6":"product_cat-valnera","7":"product_tag-jose-ramon-sanchez","9":"first","10":"instock","11":"shipping-taxable","12":"product-type-external"},"_links":{"self":[{"href":"https:\/\/www.ediciones-valnera.com\/index.php?rest_route=\/wp\/v2\/product\/331","targetHints":{"allow":["GET"]}}],"collection":[{"href":"https:\/\/www.ediciones-valnera.com\/index.php?rest_route=\/wp\/v2\/product"}],"about":[{"href":"https:\/\/www.ediciones-valnera.com\/index.php?rest_route=\/wp\/v2\/types\/product"}],"replies":[{"embeddable":true,"href":"https:\/\/www.ediciones-valnera.com\/index.php?rest_route=%2Fwp%2Fv2%2Fcomments&post=331"}],"wp:featuredmedia":[{"embeddable":true,"href":"https:\/\/www.ediciones-valnera.com\/index.php?rest_route=\/wp\/v2\/media\/637"}],"wp:attachment":[{"href":"https:\/\/www.ediciones-valnera.com\/index.php?rest_route=%2Fwp%2Fv2%2Fmedia&parent=331"}],"wp:term":[{"taxonomy":"product_brand","embeddable":true,"href":"https:\/\/www.ediciones-valnera.com\/index.php?rest_route=%2Fwp%2Fv2%2Fproduct_brand&post=331"},{"taxonomy":"product_cat","embeddable":true,"href":"https:\/\/www.ediciones-valnera.com\/index.php?rest_route=%2Fwp%2Fv2%2Fproduct_cat&post=331"},{"taxonomy":"product_tag","embeddable":true,"href":"https:\/\/www.ediciones-valnera.com\/index.php?rest_route=%2Fwp%2Fv2%2Fproduct_tag&post=331"}],"curies":[{"name":"wp","href":"https:\/\/api.w.org\/{rel}","templated":true}]}}