{"id":293,"date":"2022-02-05T23:05:08","date_gmt":"2022-02-05T23:05:08","guid":{"rendered":"http:\/\/127.0.0.1:10080\/wordpress\/?post_type=product&#038;p=293"},"modified":"2025-11-06T11:31:29","modified_gmt":"2025-11-06T11:31:29","slug":"relatos-completos","status":"publish","type":"product","link":"https:\/\/www.ediciones-valnera.com\/?product=relatos-completos","title":{"rendered":"Relatos completos"},"content":{"rendered":"","protected":false},"excerpt":{"rendered":"<p class=\"just\">Este volumen recoge los relatos completos de Mario Camus, que hab\u00edan sido publicados ya en dos obras de esta misma colecci\u00f3n.<\/p>\n<p class=\"just\">La primera,\u00a0<i>29 relatos<\/i>, apareci\u00f3 en el n\u00famero 3 de Valnera Literaria en el a\u00f1o 2010 y reun\u00eda dos libros editados con anterioridad:\u00a0<i>Un fuego oculto<\/i>\u00a0(Ocho y medio, 2003) y\u00a0<i>Apuntes del natural<\/i>\u00a0(Ediciones Valnera, 2007).<\/p>\n<p class=\"just\"><i>Quedaron estas cosas<\/i>\u00a0(2015) vio la luz en el n\u00famero 13 de la colecci\u00f3n, cuando el autor cumpli\u00f3 ochenta a\u00f1os y se decidi\u00f3 a escribir algunas historias que no hab\u00eda contado en\u00a0<i>Apuntes del natural<\/i>.<\/p>\n<p class=\"just\">Desde entonces tuvo la intenci\u00f3n de publicar ambos t\u00edtulos integrados en un solo volumen, que pretend\u00eda completar con un relato que le rondaba por la cabeza, pero que nunca lleg\u00f3 a escribir. En tal sentido hay que decir que \u00abAguardiente ibicenco\u00bb (2021), el cuento que cierra este libro, no est\u00e1 escrito por Camus, pero \u00e9l mismo se lo refiri\u00f3 de viva voz a Jes\u00fas Herr\u00e1n, a quien dio permiso para que lo escribiera y compusiera con \u00e9l sus\u00a0<i>Relatos completos.<\/i><\/p>\n<p class=\"just\">\u00abSi a m\u00ed no me da tiempo a escribirlo \u2014le dijo cuando lo ley\u00f3, consciente ya de su enfermedad\u2014, lo publicas tal cual. Pero aclara que no lo escrib\u00ed yo. Explica c\u00f3mo se gest\u00f3. Tienes mi permiso\u00bb.<\/p>\n","protected":false},"featured_media":640,"comment_status":"closed","ping_status":"closed","template":"","meta":[],"product_brand":[],"product_cat":[86],"product_tag":[72],"class_list":{"0":"post-293","1":"product","2":"type-product","3":"status-publish","4":"has-post-thumbnail","6":"product_cat-valnera-literaria","7":"product_tag-mario-camus","9":"first","10":"instock","11":"shipping-taxable","12":"product-type-external"},"_links":{"self":[{"href":"https:\/\/www.ediciones-valnera.com\/index.php?rest_route=\/wp\/v2\/product\/293","targetHints":{"allow":["GET"]}}],"collection":[{"href":"https:\/\/www.ediciones-valnera.com\/index.php?rest_route=\/wp\/v2\/product"}],"about":[{"href":"https:\/\/www.ediciones-valnera.com\/index.php?rest_route=\/wp\/v2\/types\/product"}],"replies":[{"embeddable":true,"href":"https:\/\/www.ediciones-valnera.com\/index.php?rest_route=%2Fwp%2Fv2%2Fcomments&post=293"}],"wp:featuredmedia":[{"embeddable":true,"href":"https:\/\/www.ediciones-valnera.com\/index.php?rest_route=\/wp\/v2\/media\/640"}],"wp:attachment":[{"href":"https:\/\/www.ediciones-valnera.com\/index.php?rest_route=%2Fwp%2Fv2%2Fmedia&parent=293"}],"wp:term":[{"taxonomy":"product_brand","embeddable":true,"href":"https:\/\/www.ediciones-valnera.com\/index.php?rest_route=%2Fwp%2Fv2%2Fproduct_brand&post=293"},{"taxonomy":"product_cat","embeddable":true,"href":"https:\/\/www.ediciones-valnera.com\/index.php?rest_route=%2Fwp%2Fv2%2Fproduct_cat&post=293"},{"taxonomy":"product_tag","embeddable":true,"href":"https:\/\/www.ediciones-valnera.com\/index.php?rest_route=%2Fwp%2Fv2%2Fproduct_tag&post=293"}],"curies":[{"name":"wp","href":"https:\/\/api.w.org\/{rel}","templated":true}]}}