{"id":290,"date":"2008-09-05T00:47:51","date_gmt":"2008-09-05T00:47:51","guid":{"rendered":"http:\/\/127.0.0.1:10080\/wordpress\/?post_type=product&#038;p=290"},"modified":"2022-02-08T23:09:49","modified_gmt":"2022-02-08T23:09:49","slug":"cuidando-en-casa","status":"publish","type":"product","link":"https:\/\/www.ediciones-valnera.com\/?product=cuidando-en-casa","title":{"rendered":"Cuidando en casa"},"content":{"rendered":"","protected":false},"excerpt":{"rendered":"<p>La esperanza de vida de las personas ha aumentado considerablemente y, debido a ello, cada vez hay m\u00e1s gente mayor. Gran parte de esa gente tiene una vejez saludable y activa, pero se ha demostrado que a m\u00e1s edad existe mayor riesgo padecer dependencia, es decir, de necesitar ayuda para realizar las actividades cotidianas. El contenido de este texto est\u00e1 indicado para las personas que cuidan a los mayores en su domicilio, y representa una herramienta \u00fatil para intentar superar los momentos de estr\u00e9s que produce tal actividad.<br \/>\nEste libro lo produjo Valnera para la Fundaci\u00f3n Bizitzen y cont\u00f3 con el apoyo del Departamento de Empleo y Asuntos Sociales del Gobierno Vasco.<\/p>\n","protected":false},"featured_media":641,"comment_status":"closed","ping_status":"closed","template":"","meta":[],"product_brand":[],"product_cat":[94],"product_tag":[41],"class_list":{"0":"post-290","1":"product","2":"type-product","3":"status-publish","4":"has-post-thumbnail","6":"product_cat-varia","7":"product_tag-fuera-de-catalogo","9":"first","10":"instock","11":"shipping-taxable","12":"product-type-external"},"_links":{"self":[{"href":"https:\/\/www.ediciones-valnera.com\/index.php?rest_route=\/wp\/v2\/product\/290","targetHints":{"allow":["GET"]}}],"collection":[{"href":"https:\/\/www.ediciones-valnera.com\/index.php?rest_route=\/wp\/v2\/product"}],"about":[{"href":"https:\/\/www.ediciones-valnera.com\/index.php?rest_route=\/wp\/v2\/types\/product"}],"replies":[{"embeddable":true,"href":"https:\/\/www.ediciones-valnera.com\/index.php?rest_route=%2Fwp%2Fv2%2Fcomments&post=290"}],"wp:featuredmedia":[{"embeddable":true,"href":"https:\/\/www.ediciones-valnera.com\/index.php?rest_route=\/wp\/v2\/media\/641"}],"wp:attachment":[{"href":"https:\/\/www.ediciones-valnera.com\/index.php?rest_route=%2Fwp%2Fv2%2Fmedia&parent=290"}],"wp:term":[{"taxonomy":"product_brand","embeddable":true,"href":"https:\/\/www.ediciones-valnera.com\/index.php?rest_route=%2Fwp%2Fv2%2Fproduct_brand&post=290"},{"taxonomy":"product_cat","embeddable":true,"href":"https:\/\/www.ediciones-valnera.com\/index.php?rest_route=%2Fwp%2Fv2%2Fproduct_cat&post=290"},{"taxonomy":"product_tag","embeddable":true,"href":"https:\/\/www.ediciones-valnera.com\/index.php?rest_route=%2Fwp%2Fv2%2Fproduct_tag&post=290"}],"curies":[{"name":"wp","href":"https:\/\/api.w.org\/{rel}","templated":true}]}}