{"id":265,"date":"2008-11-05T00:40:39","date_gmt":"2008-11-05T00:40:39","guid":{"rendered":"http:\/\/127.0.0.1:10080\/wordpress\/?post_type=product&#038;p=265"},"modified":"2022-02-08T23:09:16","modified_gmt":"2022-02-08T23:09:16","slug":"miradas","status":"publish","type":"product","link":"https:\/\/www.ediciones-valnera.com\/?product=miradas","title":{"rendered":"Miradas"},"content":{"rendered":"","protected":false},"excerpt":{"rendered":"<p>Este libro de \u00abMiradas\u00bb es el fruto de la afortunada conjunci\u00f3n de un artista prol\u00edfico, un \u00e1vido lector, una galer\u00eda de arte y una editora. Recoge los retratos de catorce autores indiscutibles de la literatura mundial (entre los que Jos\u00e9 Ram\u00f3n incluye a nuestro paisano Pereda, como reconocimiento de cari\u00f1o en el a\u00f1o de su centenario) y conmemora el quinto aniversario de la constituci\u00f3n de Ediciones Valnera como utop\u00eda editorial.<\/p>\n<p>&nbsp;<\/p>\n","protected":false},"featured_media":643,"comment_status":"closed","ping_status":"closed","template":"","meta":[],"product_brand":[],"product_cat":[94],"product_tag":[41,62],"class_list":{"0":"post-265","1":"product","2":"type-product","3":"status-publish","4":"has-post-thumbnail","6":"product_cat-varia","7":"product_tag-fuera-de-catalogo","8":"product_tag-jose-ramon-sanchez","10":"first","11":"instock","12":"shipping-taxable","13":"product-type-external"},"_links":{"self":[{"href":"https:\/\/www.ediciones-valnera.com\/index.php?rest_route=\/wp\/v2\/product\/265","targetHints":{"allow":["GET"]}}],"collection":[{"href":"https:\/\/www.ediciones-valnera.com\/index.php?rest_route=\/wp\/v2\/product"}],"about":[{"href":"https:\/\/www.ediciones-valnera.com\/index.php?rest_route=\/wp\/v2\/types\/product"}],"replies":[{"embeddable":true,"href":"https:\/\/www.ediciones-valnera.com\/index.php?rest_route=%2Fwp%2Fv2%2Fcomments&post=265"}],"wp:featuredmedia":[{"embeddable":true,"href":"https:\/\/www.ediciones-valnera.com\/index.php?rest_route=\/wp\/v2\/media\/643"}],"wp:attachment":[{"href":"https:\/\/www.ediciones-valnera.com\/index.php?rest_route=%2Fwp%2Fv2%2Fmedia&parent=265"}],"wp:term":[{"taxonomy":"product_brand","embeddable":true,"href":"https:\/\/www.ediciones-valnera.com\/index.php?rest_route=%2Fwp%2Fv2%2Fproduct_brand&post=265"},{"taxonomy":"product_cat","embeddable":true,"href":"https:\/\/www.ediciones-valnera.com\/index.php?rest_route=%2Fwp%2Fv2%2Fproduct_cat&post=265"},{"taxonomy":"product_tag","embeddable":true,"href":"https:\/\/www.ediciones-valnera.com\/index.php?rest_route=%2Fwp%2Fv2%2Fproduct_tag&post=265"}],"curies":[{"name":"wp","href":"https:\/\/api.w.org\/{rel}","templated":true}]}}