{"id":253,"date":"2008-12-05T00:37:57","date_gmt":"2008-12-05T00:37:57","guid":{"rendered":"http:\/\/127.0.0.1:10080\/wordpress\/?post_type=product&#038;p=253"},"modified":"2022-02-08T23:09:03","modified_gmt":"2022-02-08T23:09:03","slug":"diez-judios-en-la-casona","status":"publish","type":"product","link":"https:\/\/www.ediciones-valnera.com\/?product=diez-judios-en-la-casona","title":{"rendered":"Diez jud\u00edos en La Casona"},"content":{"rendered":"","protected":false},"excerpt":{"rendered":"<p class=\"just\">En los \u00faltimos tiempos se ha logrado unir \u00edntimamente gastronom\u00eda y cultura. Y, as\u00ed, no resulta extra\u00f1o o\u00edr hablar de la cultura gastron\u00f3mica de una persona, de un pueblo, de una ciudad o de una regi\u00f3n. Conscientes de ello, el restaurante \u201cLa casona del jud\u00edo\u201d le dio una vuelta de tuerca a la imaginaci\u00f3n y se embarc\u00f3 en un proyecto cultural apasionante: llenar las paredes de sus comedores con los retratos de diez jud\u00edos universales. El artista c\u00e1ntabro Jos\u00e9 Ram\u00f3n S\u00e1nchez puso manos a la obra y retrat\u00f3 a diez jud\u00edos que han hecho aportaciones indiscutibles a la Humanidad: Franz Kafka, Albert Einstein, Woody Allen, Ana Frank, Kirk Douglas, Marcel Marceau, Sigmund Freud, Steven Spielberg, Marc Chagall y Gustav Mahler.<\/p>\n<p class=\"just\">Posteriormente, Valnera edit\u00f3 un libro escrito e ilustrado por el propio Jos\u00e9 Ram\u00f3n S\u00e1nchez (que recoge los retratos de los jud\u00edos, su biograf\u00eda y textos de ficci\u00f3n) que el restaurante regala a sus clientes.<\/p>\n","protected":false},"featured_media":644,"comment_status":"closed","ping_status":"closed","template":"","meta":[],"product_brand":[],"product_cat":[94],"product_tag":[41,62],"class_list":{"0":"post-253","1":"product","2":"type-product","3":"status-publish","4":"has-post-thumbnail","6":"product_cat-varia","7":"product_tag-fuera-de-catalogo","8":"product_tag-jose-ramon-sanchez","10":"first","11":"instock","12":"shipping-taxable","13":"product-type-external"},"_links":{"self":[{"href":"https:\/\/www.ediciones-valnera.com\/index.php?rest_route=\/wp\/v2\/product\/253","targetHints":{"allow":["GET"]}}],"collection":[{"href":"https:\/\/www.ediciones-valnera.com\/index.php?rest_route=\/wp\/v2\/product"}],"about":[{"href":"https:\/\/www.ediciones-valnera.com\/index.php?rest_route=\/wp\/v2\/types\/product"}],"replies":[{"embeddable":true,"href":"https:\/\/www.ediciones-valnera.com\/index.php?rest_route=%2Fwp%2Fv2%2Fcomments&post=253"}],"wp:featuredmedia":[{"embeddable":true,"href":"https:\/\/www.ediciones-valnera.com\/index.php?rest_route=\/wp\/v2\/media\/644"}],"wp:attachment":[{"href":"https:\/\/www.ediciones-valnera.com\/index.php?rest_route=%2Fwp%2Fv2%2Fmedia&parent=253"}],"wp:term":[{"taxonomy":"product_brand","embeddable":true,"href":"https:\/\/www.ediciones-valnera.com\/index.php?rest_route=%2Fwp%2Fv2%2Fproduct_brand&post=253"},{"taxonomy":"product_cat","embeddable":true,"href":"https:\/\/www.ediciones-valnera.com\/index.php?rest_route=%2Fwp%2Fv2%2Fproduct_cat&post=253"},{"taxonomy":"product_tag","embeddable":true,"href":"https:\/\/www.ediciones-valnera.com\/index.php?rest_route=%2Fwp%2Fv2%2Fproduct_tag&post=253"}],"curies":[{"name":"wp","href":"https:\/\/api.w.org\/{rel}","templated":true}]}}