{"id":247,"date":"2009-03-05T00:29:40","date_gmt":"2009-03-05T00:29:40","guid":{"rendered":"http:\/\/127.0.0.1:10080\/wordpress\/?post_type=product&#038;p=247"},"modified":"2022-02-08T23:07:56","modified_gmt":"2022-02-08T23:07:56","slug":"el-taller-de-los-maestros","status":"publish","type":"product","link":"https:\/\/www.ediciones-valnera.com\/?product=el-taller-de-los-maestros","title":{"rendered":"El taller de los maestros"},"content":{"rendered":"","protected":false},"excerpt":{"rendered":"<p class=\"just\">En ocasiones, nuestra imaginaci\u00f3n nos lleva a desarrollar proyectos, en apariencia descabellados, que pocas veces \u00absalen\u00bb del ordenador para su impresi\u00f3n en papel. Pero suele pasar que personas con buen gusto alaban esos proyectos e, incluso, los patrocinan para ediciones privadas.<\/p>\n<p class=\"just\">Ese es el caso de\u00a0<em>El taller de los maestros<\/em>, un ejercicio de aprendizaje y reflexi\u00f3n en el que Jos\u00e9 Ram\u00f3n S\u00e1nchez reinterpreta a 14 grandes maestros de la pintura religiosa. Don Jos\u00e9 Vilaplana, obispo de Santander, apoy\u00f3, por medio de la Fundaci\u00f3n Can\u00f3nica Mar\u00eda Garc\u00eda de Nore\u00f1a, una coedici\u00f3n no venal de tal obra.<\/p>\n","protected":false},"featured_media":647,"comment_status":"closed","ping_status":"closed","template":"","meta":[],"product_brand":[],"product_cat":[94],"product_tag":[41,62],"class_list":{"0":"post-247","1":"product","2":"type-product","3":"status-publish","4":"has-post-thumbnail","6":"product_cat-varia","7":"product_tag-fuera-de-catalogo","8":"product_tag-jose-ramon-sanchez","10":"first","11":"instock","12":"shipping-taxable","13":"product-type-external"},"_links":{"self":[{"href":"https:\/\/www.ediciones-valnera.com\/index.php?rest_route=\/wp\/v2\/product\/247","targetHints":{"allow":["GET"]}}],"collection":[{"href":"https:\/\/www.ediciones-valnera.com\/index.php?rest_route=\/wp\/v2\/product"}],"about":[{"href":"https:\/\/www.ediciones-valnera.com\/index.php?rest_route=\/wp\/v2\/types\/product"}],"replies":[{"embeddable":true,"href":"https:\/\/www.ediciones-valnera.com\/index.php?rest_route=%2Fwp%2Fv2%2Fcomments&post=247"}],"wp:featuredmedia":[{"embeddable":true,"href":"https:\/\/www.ediciones-valnera.com\/index.php?rest_route=\/wp\/v2\/media\/647"}],"wp:attachment":[{"href":"https:\/\/www.ediciones-valnera.com\/index.php?rest_route=%2Fwp%2Fv2%2Fmedia&parent=247"}],"wp:term":[{"taxonomy":"product_brand","embeddable":true,"href":"https:\/\/www.ediciones-valnera.com\/index.php?rest_route=%2Fwp%2Fv2%2Fproduct_brand&post=247"},{"taxonomy":"product_cat","embeddable":true,"href":"https:\/\/www.ediciones-valnera.com\/index.php?rest_route=%2Fwp%2Fv2%2Fproduct_cat&post=247"},{"taxonomy":"product_tag","embeddable":true,"href":"https:\/\/www.ediciones-valnera.com\/index.php?rest_route=%2Fwp%2Fv2%2Fproduct_tag&post=247"}],"curies":[{"name":"wp","href":"https:\/\/api.w.org\/{rel}","templated":true}]}}