{"id":245,"date":"2008-08-05T00:25:47","date_gmt":"2008-08-05T00:25:47","guid":{"rendered":"http:\/\/127.0.0.1:10080\/wordpress\/?post_type=product&#038;p=245"},"modified":"2022-02-08T23:10:04","modified_gmt":"2022-02-08T23:10:04","slug":"agenda-2008","status":"publish","type":"product","link":"https:\/\/www.ediciones-valnera.com\/?product=agenda-2008","title":{"rendered":"Agenda 2008"},"content":{"rendered":"","protected":false},"excerpt":{"rendered":"<p class=\"just\">Esta agenda de Valnera representa un loable intento de informarnos sobre los grandes personajes que han ido allanando el camino del ser humano a lo largo de su traves\u00eda por la historia. Una agenda de 336 p\u00e1ginas, con 54 personajes (todos ellos humanos y humanistas) seleccionados y retratados pl\u00e1stica y literariamente por Jos\u00e9 Ram\u00f3n S\u00e1nchez.<\/p>\n<p class=\"just\">Con ella queremos dar testimonio de nuestra apuesta por las Ciencias Humanas, en el quinto aniversario de nuestro nacimiento. Una agenda con vocaci\u00f3n de libro, de resistir en el tiempo y de renovarse cada a\u00f1o con 54 nuevos protagonistas.<\/p>\n","protected":false},"featured_media":648,"comment_status":"closed","ping_status":"closed","template":"","meta":[],"product_brand":[],"product_cat":[94],"product_tag":[17],"class_list":{"0":"post-245","1":"product","2":"type-product","3":"status-publish","4":"has-post-thumbnail","6":"product_cat-varia","7":"product_tag-agendas","9":"first","10":"instock","11":"shipping-taxable","12":"product-type-external"},"_links":{"self":[{"href":"https:\/\/www.ediciones-valnera.com\/index.php?rest_route=\/wp\/v2\/product\/245","targetHints":{"allow":["GET"]}}],"collection":[{"href":"https:\/\/www.ediciones-valnera.com\/index.php?rest_route=\/wp\/v2\/product"}],"about":[{"href":"https:\/\/www.ediciones-valnera.com\/index.php?rest_route=\/wp\/v2\/types\/product"}],"replies":[{"embeddable":true,"href":"https:\/\/www.ediciones-valnera.com\/index.php?rest_route=%2Fwp%2Fv2%2Fcomments&post=245"}],"wp:featuredmedia":[{"embeddable":true,"href":"https:\/\/www.ediciones-valnera.com\/index.php?rest_route=\/wp\/v2\/media\/648"}],"wp:attachment":[{"href":"https:\/\/www.ediciones-valnera.com\/index.php?rest_route=%2Fwp%2Fv2%2Fmedia&parent=245"}],"wp:term":[{"taxonomy":"product_brand","embeddable":true,"href":"https:\/\/www.ediciones-valnera.com\/index.php?rest_route=%2Fwp%2Fv2%2Fproduct_brand&post=245"},{"taxonomy":"product_cat","embeddable":true,"href":"https:\/\/www.ediciones-valnera.com\/index.php?rest_route=%2Fwp%2Fv2%2Fproduct_cat&post=245"},{"taxonomy":"product_tag","embeddable":true,"href":"https:\/\/www.ediciones-valnera.com\/index.php?rest_route=%2Fwp%2Fv2%2Fproduct_tag&post=245"}],"curies":[{"name":"wp","href":"https:\/\/api.w.org\/{rel}","templated":true}]}}