{"id":243,"date":"2009-10-05T00:20:35","date_gmt":"2009-10-05T00:20:35","guid":{"rendered":"http:\/\/127.0.0.1:10080\/wordpress\/?post_type=product&#038;p=243"},"modified":"2022-02-08T23:05:40","modified_gmt":"2022-02-08T23:05:40","slug":"principios-de-incertidumbre","status":"publish","type":"product","link":"https:\/\/www.ediciones-valnera.com\/?product=principios-de-incertidumbre","title":{"rendered":"Principios de incertidumbre"},"content":{"rendered":"<p>Su composici\u00f3n es el movimiento est\u00e9tico o la huella de vapor y bruma de un silencio fragmentado en m\u00faltiples perspectivas. Hay un foco y un enfoque y numerosos ojos, y a\u00fan m\u00e1s miradas e infinitos puntos de fuga. Caben rostros y edificios, paisajes derruidos en paisajes, ruinas humanas que parecen rascacielos y nacimientos y muertes en vida como vasos sangu\u00edneos de una transfusi\u00f3n interminable. De ojo en ojo. De luz en sombra, y viceversa. Sagredo, fil\u00f3sofo con c\u00e1mara, atento a las texturas del pensamiento l\u00edquido, trae aqu\u00ed las texturas de su tratado, el territorio sentimental del rayo que cesa, la escritura de la infancia, el desgarro maternal, la herrumbre de la soledad, el asombro del cuerpo, la otredad cultural, la indagaci\u00f3n hu\u00e9rfana de complicidad, la uniformidad pasiva de lo gregario, el flujo de las vidas detenidas, lo ensimismado de lo menesteroso, o el azaroso ingenio de la realidad.<\/p>\n<p>La suya es una fotograf\u00eda de contrastes u oposiciones, de hallazgos sim\u00e9tricos y golpes de luz met\u00f3dicos, de gentes en espera y muros usados, de ruinas sin edad y relatos desmembrados, sin sospechosos ni m\u00e1s suspense que la vida detenida. Lo importante no es su pulcro estudio de composici\u00f3n ni la perseguida perfecci\u00f3n t\u00e9cnica, sino la vocaci\u00f3n del testimonio, el \u00e1lbum de pluralidad, la encrucijada de la contemplaci\u00f3n, la pose desvelada. Entre l\u00edneas, la escritura fotogr\u00e1fica de Sagredo sangra historias interrumpidas, enunciados de pintura, gestos al natural y geometr\u00edas vanas.<\/p>\n","protected":false},"excerpt":{"rendered":"<p>Santiago Sagredo explora la fugacidad, indaga en la parte invisible de la falacia, escudri\u00f1a en el rastro y retrata la colisi\u00f3n de un rostro ajeno pero c\u00f3mplice o en el temblor de un enigma. Lo suyo es la presencia de la ausencia, las oquedades, el tacto de la luz que cre\u00edamos vista y nuestra. En sus im\u00e1genes hay siempre una inquietante quietud, un arrebato de espect\u00e1culo silencioso, una carga de profundidad, un kilogramo de extra\u00f1eza, como si el cuerpo hubiera dejado de pensar y ya solo lo hiciera la mirada enga\u00f1ada, el paso, lo fugaz, la p\u00e9rdida&#8230;<\/p>\n","protected":false},"featured_media":649,"comment_status":"closed","ping_status":"closed","template":"","meta":[],"product_brand":[],"product_cat":[94],"product_tag":[78],"class_list":{"0":"post-243","1":"product","2":"type-product","3":"status-publish","4":"has-post-thumbnail","6":"product_cat-varia","7":"product_tag-santiago-a-sagredo","9":"first","10":"instock","11":"shipping-taxable","12":"product-type-external"},"_links":{"self":[{"href":"https:\/\/www.ediciones-valnera.com\/index.php?rest_route=\/wp\/v2\/product\/243","targetHints":{"allow":["GET"]}}],"collection":[{"href":"https:\/\/www.ediciones-valnera.com\/index.php?rest_route=\/wp\/v2\/product"}],"about":[{"href":"https:\/\/www.ediciones-valnera.com\/index.php?rest_route=\/wp\/v2\/types\/product"}],"replies":[{"embeddable":true,"href":"https:\/\/www.ediciones-valnera.com\/index.php?rest_route=%2Fwp%2Fv2%2Fcomments&post=243"}],"wp:featuredmedia":[{"embeddable":true,"href":"https:\/\/www.ediciones-valnera.com\/index.php?rest_route=\/wp\/v2\/media\/649"}],"wp:attachment":[{"href":"https:\/\/www.ediciones-valnera.com\/index.php?rest_route=%2Fwp%2Fv2%2Fmedia&parent=243"}],"wp:term":[{"taxonomy":"product_brand","embeddable":true,"href":"https:\/\/www.ediciones-valnera.com\/index.php?rest_route=%2Fwp%2Fv2%2Fproduct_brand&post=243"},{"taxonomy":"product_cat","embeddable":true,"href":"https:\/\/www.ediciones-valnera.com\/index.php?rest_route=%2Fwp%2Fv2%2Fproduct_cat&post=243"},{"taxonomy":"product_tag","embeddable":true,"href":"https:\/\/www.ediciones-valnera.com\/index.php?rest_route=%2Fwp%2Fv2%2Fproduct_tag&post=243"}],"curies":[{"name":"wp","href":"https:\/\/api.w.org\/{rel}","templated":true}]}}