{"id":215,"date":"2009-11-05T00:05:26","date_gmt":"2009-11-05T00:05:26","guid":{"rendered":"http:\/\/127.0.0.1:10080\/wordpress\/?post_type=product&#038;p=215"},"modified":"2022-02-08T23:05:24","modified_gmt":"2022-02-08T23:05:24","slug":"primos","status":"publish","type":"product","link":"https:\/\/www.ediciones-valnera.com\/?product=primos","title":{"rendered":"Primos"},"content":{"rendered":"","protected":false},"excerpt":{"rendered":"<p class=\"just\">Con\u00a0<i>Primos<\/i> S\u00e1nchez Ar\u00e9valo dijo haber aprendido a afrontar sus miedos como director. Su lema: \u00abDivertir, entretener, emocionar\u00bb. La necesidad de \u00abluz y ligereza, de despojarse de todo lo que hace el camino pesado\u00bb presidi\u00f3 su objetivo esencial: \u00abAfrontar la comedia con el rigor, el respeto y la seriedad que merece\u00bb. De su estancia en Comillas \u2013la localidad c\u00e1ntabra donde realiz\u00f3 el rodaje\u2013, el cineasta subray\u00f3 que quiz\u00e1s nunca vuelva a rodar en unas condiciones tan buenas en su vida. De ese maridaje singular da testimonio la edici\u00f3n del guion, prologada por el propio cineasta y\u00a0con la inclusi\u00f3n de un particular cuaderno de rodaje fruto de la mirada de su padre, el pintor Jos\u00e9 Ram\u00f3n S\u00e1nchez, que contiene 85 dibujos.<\/p>\n<p class=\"just\">En el pr\u00f3logo de esta edici\u00f3n S\u00e1nchez Ar\u00e9valo confiesa no creer en la escritura, sino en la reescritura. \u00abNo me f\u00edo de las primeras versiones de casi nada. Y menos de mis guiones. Soy muy de sensaciones, de dejarme llevar, de no pensar demasiado, de demarrajes incontrolados. De esa manera me acerco a las historias. O ellas se acercan a m\u00ed\u00bb.\u00a0<i>Primos<\/i>, \u00abnaci\u00f3 fruto de un impulso. M\u00e1s que una pel\u00edcula, fue una tabla de salvaci\u00f3n, algo a lo que aferrarme, no tanto en lo profesional como en lo personal. De ah\u00ed la urgencia y la precipitaci\u00f3n\u00bb.<\/p>\n","protected":false},"featured_media":653,"comment_status":"closed","ping_status":"closed","template":"","meta":[],"product_brand":[],"product_cat":[94],"product_tag":[30,43],"class_list":{"0":"post-215","1":"product","2":"type-product","3":"status-publish","4":"has-post-thumbnail","6":"product_cat-varia","7":"product_tag-daniel-sanchez-arevalo","8":"product_tag-guiones-cine","10":"first","11":"instock","12":"shipping-taxable","13":"product-type-external"},"_links":{"self":[{"href":"https:\/\/www.ediciones-valnera.com\/index.php?rest_route=\/wp\/v2\/product\/215","targetHints":{"allow":["GET"]}}],"collection":[{"href":"https:\/\/www.ediciones-valnera.com\/index.php?rest_route=\/wp\/v2\/product"}],"about":[{"href":"https:\/\/www.ediciones-valnera.com\/index.php?rest_route=\/wp\/v2\/types\/product"}],"replies":[{"embeddable":true,"href":"https:\/\/www.ediciones-valnera.com\/index.php?rest_route=%2Fwp%2Fv2%2Fcomments&post=215"}],"wp:featuredmedia":[{"embeddable":true,"href":"https:\/\/www.ediciones-valnera.com\/index.php?rest_route=\/wp\/v2\/media\/653"}],"wp:attachment":[{"href":"https:\/\/www.ediciones-valnera.com\/index.php?rest_route=%2Fwp%2Fv2%2Fmedia&parent=215"}],"wp:term":[{"taxonomy":"product_brand","embeddable":true,"href":"https:\/\/www.ediciones-valnera.com\/index.php?rest_route=%2Fwp%2Fv2%2Fproduct_brand&post=215"},{"taxonomy":"product_cat","embeddable":true,"href":"https:\/\/www.ediciones-valnera.com\/index.php?rest_route=%2Fwp%2Fv2%2Fproduct_cat&post=215"},{"taxonomy":"product_tag","embeddable":true,"href":"https:\/\/www.ediciones-valnera.com\/index.php?rest_route=%2Fwp%2Fv2%2Fproduct_tag&post=215"}],"curies":[{"name":"wp","href":"https:\/\/api.w.org\/{rel}","templated":true}]}}