{"id":207,"date":"2022-01-04T23:53:25","date_gmt":"2022-01-04T22:53:25","guid":{"rendered":"http:\/\/127.0.0.1:10080\/wordpress\/?post_type=product&#038;p=207"},"modified":"2025-11-06T11:35:08","modified_gmt":"2025-11-06T11:35:08","slug":"aquel-mar-que-nunca-vimos","status":"publish","type":"product","link":"https:\/\/www.ediciones-valnera.com\/?product=aquel-mar-que-nunca-vimos","title":{"rendered":"Aquel mar que nunca vimos"},"content":{"rendered":"<p class=\"just\"><b>Aquel mar que nunca vimos<\/b>\u00a0indaga en profundidad en la historia de Antonio Benaiges, maestro catal\u00e1n que eligi\u00f3 el pueblecito burgal\u00e9s de Ba\u00f1uelos de Bureba para ejercer en \u00e9l en el a\u00f1o 1935. En ese mismo pueblo, entre 1979 y 1983, fue m\u00e9dico el autor, Jos\u00e9 Antonio Abella, en su primer destino, reci\u00e9n salido de la Facultad de Medicina. Durante ese tiempo ninguno de sus pacientes le mencion\u00f3 que all\u00ed mismo, cuarenta a\u00f1os atr\u00e1s, hab\u00edan tenido por maestro a un hombre extraordinario que llev\u00f3 a la escuela una imprenta de la que salieron maravillosas revistillas escritas e ilustradas por los ni\u00f1os de aquel lugar que no ten\u00eda carretera, ni agua corriente, ni luz el\u00e9ctrica\u2026, \u00a1pero s\u00ed una imprenta en su escuela!<\/p>\n<p class=\"just\">Antonio Benaiges, aquel maestro singular, hab\u00eda prometido a sus alumnos que en el verano de 1936 les llevar\u00eda a conocer el mar a Montroig, Tarragona, su localidad natal. No pudo cumplir su promesa. En la ma\u00f1ana del 19 de julio, primera jornada de la Guerra Civil, fue detenido, apaleado y paseado por las calles de Briviesca en una camioneta descubierta, casi desnudo, ensangrentado, envuelto en una bandera roja y gualda. Esa misma noche lo sacaron del calabozo para asesinarlo en un cruce de caminos.<\/p>\n<p class=\"just\">Abella recoge esa historia que nadie \u2014ni tan siquiera aquellos alumnos que llegaron a ser sus pacientes\u2014 le cont\u00f3 nunca. Sus p\u00e1ginas ahondan con rigor hist\u00f3rico y mirada de poeta en las razones de aquel silencio, en la vida y la muerte de aquel maestro, en la miseria material y espiritual de aquel pa\u00eds, en la esperanza rota para los ni\u00f1os y ni\u00f1as que asistieron a la escuela de aquel profesor ejemplar, simbolizada por el mar que nunca vieron.<\/p>\n","protected":false},"excerpt":{"rendered":"<p>https:\/\/youtu.be\/rxcO7vH0aJ8<\/p>\n<p class=\"just\">\n","protected":false},"featured_media":1462,"comment_status":"closed","ping_status":"closed","template":"","meta":[],"product_brand":[],"product_cat":[86],"product_tag":[58],"class_list":{"0":"post-207","1":"product","2":"type-product","3":"status-publish","4":"has-post-thumbnail","6":"product_cat-valnera-literaria","7":"product_tag-jose-antonio-abella","9":"first","10":"instock","11":"shipping-taxable","12":"product-type-external"},"_links":{"self":[{"href":"https:\/\/www.ediciones-valnera.com\/index.php?rest_route=\/wp\/v2\/product\/207","targetHints":{"allow":["GET"]}}],"collection":[{"href":"https:\/\/www.ediciones-valnera.com\/index.php?rest_route=\/wp\/v2\/product"}],"about":[{"href":"https:\/\/www.ediciones-valnera.com\/index.php?rest_route=\/wp\/v2\/types\/product"}],"replies":[{"embeddable":true,"href":"https:\/\/www.ediciones-valnera.com\/index.php?rest_route=%2Fwp%2Fv2%2Fcomments&post=207"}],"wp:featuredmedia":[{"embeddable":true,"href":"https:\/\/www.ediciones-valnera.com\/index.php?rest_route=\/wp\/v2\/media\/1462"}],"wp:attachment":[{"href":"https:\/\/www.ediciones-valnera.com\/index.php?rest_route=%2Fwp%2Fv2%2Fmedia&parent=207"}],"wp:term":[{"taxonomy":"product_brand","embeddable":true,"href":"https:\/\/www.ediciones-valnera.com\/index.php?rest_route=%2Fwp%2Fv2%2Fproduct_brand&post=207"},{"taxonomy":"product_cat","embeddable":true,"href":"https:\/\/www.ediciones-valnera.com\/index.php?rest_route=%2Fwp%2Fv2%2Fproduct_cat&post=207"},{"taxonomy":"product_tag","embeddable":true,"href":"https:\/\/www.ediciones-valnera.com\/index.php?rest_route=%2Fwp%2Fv2%2Fproduct_tag&post=207"}],"curies":[{"name":"wp","href":"https:\/\/api.w.org\/{rel}","templated":true}]}}