{"id":205,"date":"2022-01-04T23:49:10","date_gmt":"2022-01-04T22:49:10","guid":{"rendered":"http:\/\/127.0.0.1:10080\/wordpress\/?post_type=product&#038;p=205"},"modified":"2025-11-06T11:35:46","modified_gmt":"2025-11-06T11:35:46","slug":"polifemo-en-sicilia","status":"publish","type":"product","link":"https:\/\/www.ediciones-valnera.com\/?product=polifemo-en-sicilia","title":{"rendered":"Polifemo en Sicilia"},"content":{"rendered":"","protected":false},"excerpt":{"rendered":"<p>Polifemo en Sicilia es, en realidad, dos libros en uno: una novela y un libro de poes\u00eda.<\/p>\n<p>La primera cuenta la ins\u00f3lita relaci\u00f3n entre Ang\u00e9lica, la joven protagonista, y Abel Santaolalla, un veterano poeta madrile\u00f1o que ha dado a la imprenta media docena de libros. Un autor poco conocido, pero con la fama suficiente entre sus lectores como para no arrastrarse por los caf\u00e9s de la capital ofreciendo sus obras a los parroquianos.<\/p>\n<p>El segundo es un conjunto de 26 poemas que el propio Santaolalla escribe con las impresiones que le produce un viaje a Sicilia.<\/p>\n<p>Precisamente en ese viaje, que emprenden juntos sin que el poeta lo sepa, porque Ang\u00e9lica lo plantea a sus espaldas y hace que el encuentro en la capital italiana semeje una casualidad del destino, se desarrolla una relaci\u00f3n entre el escritor y su joven admiradora, que consigue que cada uno de ellos cambie la visi\u00f3n que tiene de la existencia.<\/p>\n<p>El autor recurre a la t\u00e9cnica literaria del \u00abmanuscrito entregado\u00bb, lo que le lleva a tomar con maestr\u00eda inusual la voz femenina en el relato.<\/p>\n<p>&nbsp;<\/p>\n","protected":false},"featured_media":659,"comment_status":"closed","ping_status":"closed","template":"","meta":[],"product_brand":[],"product_cat":[86],"product_tag":[53],"class_list":{"0":"post-205","1":"product","2":"type-product","3":"status-publish","4":"has-post-thumbnail","6":"product_cat-valnera-literaria","7":"product_tag-jesus-carazo","9":"first","10":"instock","11":"shipping-taxable","12":"product-type-external"},"_links":{"self":[{"href":"https:\/\/www.ediciones-valnera.com\/index.php?rest_route=\/wp\/v2\/product\/205","targetHints":{"allow":["GET"]}}],"collection":[{"href":"https:\/\/www.ediciones-valnera.com\/index.php?rest_route=\/wp\/v2\/product"}],"about":[{"href":"https:\/\/www.ediciones-valnera.com\/index.php?rest_route=\/wp\/v2\/types\/product"}],"replies":[{"embeddable":true,"href":"https:\/\/www.ediciones-valnera.com\/index.php?rest_route=%2Fwp%2Fv2%2Fcomments&post=205"}],"wp:featuredmedia":[{"embeddable":true,"href":"https:\/\/www.ediciones-valnera.com\/index.php?rest_route=\/wp\/v2\/media\/659"}],"wp:attachment":[{"href":"https:\/\/www.ediciones-valnera.com\/index.php?rest_route=%2Fwp%2Fv2%2Fmedia&parent=205"}],"wp:term":[{"taxonomy":"product_brand","embeddable":true,"href":"https:\/\/www.ediciones-valnera.com\/index.php?rest_route=%2Fwp%2Fv2%2Fproduct_brand&post=205"},{"taxonomy":"product_cat","embeddable":true,"href":"https:\/\/www.ediciones-valnera.com\/index.php?rest_route=%2Fwp%2Fv2%2Fproduct_cat&post=205"},{"taxonomy":"product_tag","embeddable":true,"href":"https:\/\/www.ediciones-valnera.com\/index.php?rest_route=%2Fwp%2Fv2%2Fproduct_tag&post=205"}],"curies":[{"name":"wp","href":"https:\/\/api.w.org\/{rel}","templated":true}]}}