{"id":201,"date":"2022-01-04T23:43:37","date_gmt":"2022-01-04T22:43:37","guid":{"rendered":"http:\/\/127.0.0.1:10080\/wordpress\/?post_type=product&#038;p=201"},"modified":"2025-11-06T11:36:55","modified_gmt":"2025-11-06T11:36:55","slug":"la-estirpe-de-velarde","status":"publish","type":"product","link":"https:\/\/www.ediciones-valnera.com\/?product=la-estirpe-de-velarde","title":{"rendered":"La estirpe de Velarde"},"content":{"rendered":"","protected":false},"excerpt":{"rendered":"<p class=\"just\"><i>La estirpe de Velarde<\/i>\u00a0es una novela-homenaje a los revolucionarios liberales del siglo XIX, inventores del t\u00e9rmino \u00abPatria\u00bb, usurpado por sus enemigos fernandinos, esos que gritaban: \u00ab\u00a1Vivan las cadenas!, \u00a1Muera la libertad!\u00bb Enmarcada en la est\u00e9tica de la Nueva Novela Hist\u00f3rica, trata del enfrentamiento \u2013entre 1808 y 1814\u2013 de dos concepciones de Espa\u00f1a, del que, tras doscientos cinco a\u00f1os de mentalizaci\u00f3n imperial-nacionalista, nos ha llegado una \u00fanica visi\u00f3n: la oficial, la de los vencedores, la formada por arrastre, sedimentaci\u00f3n y acumulaci\u00f3n ideol\u00f3gica. Pero los afrancesados tambi\u00e9n eran espa\u00f1oles y, por supuesto, lo eran los liberales, los forjadores del concepto Patria, tan extravagante para los serviles, quienes \u2013vestidos con uno u otro ropaje, guerra tras guerra, violencia tras violencia, fosa tras fosa\u2013, se perpetuaron en el poder hasta el presente. Mariana, personaje parcialmente inspirado en la capitana guerrillera Martina Ibaibarriaga, malvive en el destierro parisino junto a su esposo Adri\u00e1n Barbarrubio, segundo de a bordo \u2013en la ficci\u00f3n\u2013 del guerrillero c\u00e1ntabro Juan L\u00f3pez Campillo.<\/p>\n<p class=\"just\">La obra no se limita tan solo a mostrar la evoluci\u00f3n novelesca de sus personajes, sino que se aventura por los repliegues hist\u00f3ricos y da la palabra a figuras como Goya, Palafox, Mor de Fuentes, Jos\u00e9 Mar\u00eda Lanz, Lorenzo Calvo Rozas, Agust\u00edn Betancourt, Godoy, Napole\u00f3n, Jos\u00e9 Bonaparte, etc., en escenarios tan variados como C\u00e1diz, Madrid, Segovia, Cantabria, C\u00f3rdoba, Sevilla, San Sebasti\u00e1n, Zaragoza y Par\u00eds.<\/p>\n<p class=\"just\">La novela ofrece una panor\u00e1mica global del conflicto armado \u2013Guerra de la Independencia\u2013 desde una perspectiva transformadora, heredera de la Revoluci\u00f3n Francesa.<\/p>\n","protected":false},"featured_media":661,"comment_status":"closed","ping_status":"closed","template":"","meta":[],"product_brand":[],"product_cat":[86],"product_tag":[49],"class_list":{"0":"post-201","1":"product","2":"type-product","3":"status-publish","4":"has-post-thumbnail","6":"product_cat-valnera-literaria","7":"product_tag-javier-tazon","9":"first","10":"instock","11":"shipping-taxable","12":"product-type-external"},"_links":{"self":[{"href":"https:\/\/www.ediciones-valnera.com\/index.php?rest_route=\/wp\/v2\/product\/201","targetHints":{"allow":["GET"]}}],"collection":[{"href":"https:\/\/www.ediciones-valnera.com\/index.php?rest_route=\/wp\/v2\/product"}],"about":[{"href":"https:\/\/www.ediciones-valnera.com\/index.php?rest_route=\/wp\/v2\/types\/product"}],"replies":[{"embeddable":true,"href":"https:\/\/www.ediciones-valnera.com\/index.php?rest_route=%2Fwp%2Fv2%2Fcomments&post=201"}],"wp:featuredmedia":[{"embeddable":true,"href":"https:\/\/www.ediciones-valnera.com\/index.php?rest_route=\/wp\/v2\/media\/661"}],"wp:attachment":[{"href":"https:\/\/www.ediciones-valnera.com\/index.php?rest_route=%2Fwp%2Fv2%2Fmedia&parent=201"}],"wp:term":[{"taxonomy":"product_brand","embeddable":true,"href":"https:\/\/www.ediciones-valnera.com\/index.php?rest_route=%2Fwp%2Fv2%2Fproduct_brand&post=201"},{"taxonomy":"product_cat","embeddable":true,"href":"https:\/\/www.ediciones-valnera.com\/index.php?rest_route=%2Fwp%2Fv2%2Fproduct_cat&post=201"},{"taxonomy":"product_tag","embeddable":true,"href":"https:\/\/www.ediciones-valnera.com\/index.php?rest_route=%2Fwp%2Fv2%2Fproduct_tag&post=201"}],"curies":[{"name":"wp","href":"https:\/\/api.w.org\/{rel}","templated":true}]}}