{"id":199,"date":"2022-01-04T01:12:31","date_gmt":"2022-01-04T00:12:31","guid":{"rendered":"http:\/\/127.0.0.1:10080\/wordpress\/?post_type=product&#038;p=199"},"modified":"2025-11-06T11:37:24","modified_gmt":"2025-11-06T11:37:24","slug":"domicilio-familiar","status":"publish","type":"product","link":"https:\/\/www.ediciones-valnera.com\/?product=domicilio-familiar","title":{"rendered":"Domicilio familiar"},"content":{"rendered":"","protected":false},"excerpt":{"rendered":"<p class=\"just\">Aunque es un libro de memorias, Joaqu\u00edn Leguina no desgrana en sus p\u00e1ginas remembranzas de su fecunda trayectoria pol\u00edtica, sino que efect\u00faa un ejercicio literario para recuperar la infancia y reencontrarse con una etapa en la que a\u00fan el mundo no era un lugar inh\u00f3spito.<\/p>\n<p class=\"just\">El resultado es un viaje sentimental por la ni\u00f1ez, la adolescencia y la juventud para recobrar \u00abla banda sonora de la memoria\u00bb y el entorno familiar en el que desarroll\u00f3 \u00abeso que llaman el car\u00e1cter, que, seg\u00fan dicen, una vez conformado ya no cambia\u00bb.<\/p>\n<p class=\"just\">En la forja de su car\u00e1cter tuvo gran importancia la p\u00e9rdida de la madre a una edad demasiado temprana para ella y para el ni\u00f1o que Joaqu\u00edn era entonces, lo que le lleva a confesar que no fue un ni\u00f1o feliz porque, aunque nunca le falt\u00f3 el calor de la familia ni la mirada atenta de los mayores m\u00e1s cercanos, aquel brutal mazazo torci\u00f3 su vida. \u00abPor eso dif\u00edcilmente puede decirse de m\u00ed que fui un hijo \u00fanico y mimado; al contrario, creo que desde mi infancia he sentido que un golpe de fortuna te puede convertir de por vida en un perro apaleado\u00bb.<\/p>\n<p class=\"just\">Nancy Huston dice que \u00aba cualquier recuerdo hay que hacerle una visita de vez en cuando. Hay que alimentarlo, sacarlo a pasear, mostrarlo, hablar con \u00e9l\u2026 sin eso, el recuerdo se pierde\u00bb. La que realiza el autor a sus recuerdos cautiva por su estilo directo, sincero y valiente, y por su tono de contenida melancol\u00eda.<\/p>\n","protected":false},"featured_media":662,"comment_status":"closed","ping_status":"closed","template":"","meta":[],"product_brand":[],"product_cat":[86],"product_tag":[57],"class_list":{"0":"post-199","1":"product","2":"type-product","3":"status-publish","4":"has-post-thumbnail","6":"product_cat-valnera-literaria","7":"product_tag-joaquin-leguina","9":"first","10":"instock","11":"shipping-taxable","12":"product-type-external"},"_links":{"self":[{"href":"https:\/\/www.ediciones-valnera.com\/index.php?rest_route=\/wp\/v2\/product\/199","targetHints":{"allow":["GET"]}}],"collection":[{"href":"https:\/\/www.ediciones-valnera.com\/index.php?rest_route=\/wp\/v2\/product"}],"about":[{"href":"https:\/\/www.ediciones-valnera.com\/index.php?rest_route=\/wp\/v2\/types\/product"}],"replies":[{"embeddable":true,"href":"https:\/\/www.ediciones-valnera.com\/index.php?rest_route=%2Fwp%2Fv2%2Fcomments&post=199"}],"wp:featuredmedia":[{"embeddable":true,"href":"https:\/\/www.ediciones-valnera.com\/index.php?rest_route=\/wp\/v2\/media\/662"}],"wp:attachment":[{"href":"https:\/\/www.ediciones-valnera.com\/index.php?rest_route=%2Fwp%2Fv2%2Fmedia&parent=199"}],"wp:term":[{"taxonomy":"product_brand","embeddable":true,"href":"https:\/\/www.ediciones-valnera.com\/index.php?rest_route=%2Fwp%2Fv2%2Fproduct_brand&post=199"},{"taxonomy":"product_cat","embeddable":true,"href":"https:\/\/www.ediciones-valnera.com\/index.php?rest_route=%2Fwp%2Fv2%2Fproduct_cat&post=199"},{"taxonomy":"product_tag","embeddable":true,"href":"https:\/\/www.ediciones-valnera.com\/index.php?rest_route=%2Fwp%2Fv2%2Fproduct_tag&post=199"}],"curies":[{"name":"wp","href":"https:\/\/api.w.org\/{rel}","templated":true}]}}