{"id":195,"date":"2022-01-04T01:07:20","date_gmt":"2022-01-04T00:07:20","guid":{"rendered":"http:\/\/127.0.0.1:10080\/wordpress\/?post_type=product&#038;p=195"},"modified":"2025-11-06T11:38:24","modified_gmt":"2025-11-06T11:38:24","slug":"no-es-la-noche","status":"publish","type":"product","link":"https:\/\/www.ediciones-valnera.com\/?product=no-es-la-noche","title":{"rendered":"No es la noche"},"content":{"rendered":"<p>Ana de la Robla no es autora primeriza en Valnera, sino que ya public\u00f3 en el n\u00famero 2 de esta misma colecci\u00f3n un conjunto de ensayos singulares:\u00a0<i>La propia habitaci\u00f3n<\/i>. En esta nueva ocasi\u00f3n, la escritora retoma uno de sus g\u00e9neros literarios predilectos: la poes\u00eda.<\/p>\n<p class=\"just\">La poeta indaga en temas que siempre han captado su atenci\u00f3n \u2013el paso del tiempo, el ant\u00eddoto que supone la memoria, la creaci\u00f3n como acto libre y penitencial, la esencia perenne del instante, las contradicciones \u00edntimas que nos imponen nuestras elecciones\u2013, sin dejar por ello de atisbar entre las m\u00e1s inclementes astillas de la cotidianidad. En\u00a0<i>No es la noche<\/i>\u00a0hay lugar tambi\u00e9n para un di\u00e1logo entre la fuerza avasalladora de la luz que ilumina los rec\u00f3nditos hallazgos del recuerdo y la fiereza ineludible de la \u00ab<i>buena noche<\/i>\u00bb contra la que nos preven\u00eda Dylan Thomas<\/p>\n<p class=\"just\">A pesar de constituir una obra de contrastes, \u00ab<i>son el tono mesurado, apacible, y la emoci\u00f3n contenida, los que imponen su ritmo al libro<\/i>\u00bb, como se\u00f1ala Antonio Colinas en su breve pero certero prefacio al poemario.<\/p>\n","protected":false},"excerpt":{"rendered":"<p><i>No es la noche<\/i>\u00a0es un libro m\u00e1s intenso que extenso: se trata de treinta poemas distribuidos en tres actos, que funcionan como piezas de c\u00e1mara, condensadas y sin fisuras, muy atentas a los meandros implacables del lenguaje y, a la vez, al poder evocador de las im\u00e1genes. Las dos primeras partes fluyen de forma independiente para ser rescatadas en la tercera, que de alg\u00fan modo anuda los cabos pendientes en las previas.<\/p>\n","protected":false},"featured_media":664,"comment_status":"closed","ping_status":"closed","template":"","meta":[],"product_brand":[],"product_cat":[86],"product_tag":[19],"class_list":{"0":"post-195","1":"product","2":"type-product","3":"status-publish","4":"has-post-thumbnail","6":"product_cat-valnera-literaria","7":"product_tag-ana-de-la-robla","9":"first","10":"instock","11":"shipping-taxable","12":"product-type-external"},"_links":{"self":[{"href":"https:\/\/www.ediciones-valnera.com\/index.php?rest_route=\/wp\/v2\/product\/195","targetHints":{"allow":["GET"]}}],"collection":[{"href":"https:\/\/www.ediciones-valnera.com\/index.php?rest_route=\/wp\/v2\/product"}],"about":[{"href":"https:\/\/www.ediciones-valnera.com\/index.php?rest_route=\/wp\/v2\/types\/product"}],"replies":[{"embeddable":true,"href":"https:\/\/www.ediciones-valnera.com\/index.php?rest_route=%2Fwp%2Fv2%2Fcomments&post=195"}],"wp:featuredmedia":[{"embeddable":true,"href":"https:\/\/www.ediciones-valnera.com\/index.php?rest_route=\/wp\/v2\/media\/664"}],"wp:attachment":[{"href":"https:\/\/www.ediciones-valnera.com\/index.php?rest_route=%2Fwp%2Fv2%2Fmedia&parent=195"}],"wp:term":[{"taxonomy":"product_brand","embeddable":true,"href":"https:\/\/www.ediciones-valnera.com\/index.php?rest_route=%2Fwp%2Fv2%2Fproduct_brand&post=195"},{"taxonomy":"product_cat","embeddable":true,"href":"https:\/\/www.ediciones-valnera.com\/index.php?rest_route=%2Fwp%2Fv2%2Fproduct_cat&post=195"},{"taxonomy":"product_tag","embeddable":true,"href":"https:\/\/www.ediciones-valnera.com\/index.php?rest_route=%2Fwp%2Fv2%2Fproduct_tag&post=195"}],"curies":[{"name":"wp","href":"https:\/\/api.w.org\/{rel}","templated":true}]}}