{"id":191,"date":"2022-01-04T01:02:17","date_gmt":"2022-01-04T00:02:17","guid":{"rendered":"http:\/\/127.0.0.1:10080\/wordpress\/?post_type=product&#038;p=191"},"modified":"2025-11-06T11:39:21","modified_gmt":"2025-11-06T11:39:21","slug":"el-festin","status":"publish","type":"product","link":"https:\/\/www.ediciones-valnera.com\/?product=el-festin","title":{"rendered":"El fest\u00edn"},"content":{"rendered":"","protected":false},"excerpt":{"rendered":"<p>\u00abLa vida es un fest\u00edn al que s\u00f3lo se puede acceder a trav\u00e9s de la extra\u00f1eza. El que deja de asombrarse deja de ver. No ve quien ve normal el hecho sorprendente y raro de estar vivo\u00bb.\u00a0<i>El fest\u00edn<\/i>\u00a0de Marcos D\u00edez (Santander, 1976) es un canto a una vida que devoramos al tiempo que nos devora, una celebraci\u00f3n que tiene su origen no en un optimismo ciego sino en la certeza de que todo puede ir a peor en cualquier instante. El autor defiende que la vida brilla m\u00e1s y la quincalla menos cuando uno no pierde de vista su inevitable desaparici\u00f3n. Ese vitalismo que nace del reconocimiento de la fragilidad es uno de los ejes de un libro existencial en el que se entremezclan lo \u00e1spero y lo festivo. \u00abAcostumbrados a mirar a todas horas, saturados de tanto mirar, vivimos inmersos en esa paradoja de que miramos pero casi no vemos\u00bb. Marcos D\u00edez tensa la mirada para intentar ir m\u00e1s all\u00e1 del decorado en el que se desarrolla la vida, para atrapar lo que es esencial y, sin embargo, pasa desapercibido tantas veces ante nuestros ojos. La autoparodia para desdramatizar el yo, la importancia del lenguaje en la construcci\u00f3n del pensamiento, el sentido vital a trav\u00e9s de los afectos, el azar, las circunstancias y los l\u00edmites de la voluntad son otros de los ingredientes de un fest\u00edn de medio centenar de fragmentos en los que el autor se sumerge en lo confuso en busca de una claridad mayor.<\/p>\n","protected":false},"featured_media":666,"comment_status":"closed","ping_status":"closed","template":"","meta":[],"product_brand":[],"product_cat":[86],"product_tag":[69],"class_list":{"0":"post-191","1":"product","2":"type-product","3":"status-publish","4":"has-post-thumbnail","6":"product_cat-valnera-literaria","7":"product_tag-marcos-diez","9":"first","10":"instock","11":"shipping-taxable","12":"product-type-external"},"_links":{"self":[{"href":"https:\/\/www.ediciones-valnera.com\/index.php?rest_route=\/wp\/v2\/product\/191","targetHints":{"allow":["GET"]}}],"collection":[{"href":"https:\/\/www.ediciones-valnera.com\/index.php?rest_route=\/wp\/v2\/product"}],"about":[{"href":"https:\/\/www.ediciones-valnera.com\/index.php?rest_route=\/wp\/v2\/types\/product"}],"replies":[{"embeddable":true,"href":"https:\/\/www.ediciones-valnera.com\/index.php?rest_route=%2Fwp%2Fv2%2Fcomments&post=191"}],"wp:featuredmedia":[{"embeddable":true,"href":"https:\/\/www.ediciones-valnera.com\/index.php?rest_route=\/wp\/v2\/media\/666"}],"wp:attachment":[{"href":"https:\/\/www.ediciones-valnera.com\/index.php?rest_route=%2Fwp%2Fv2%2Fmedia&parent=191"}],"wp:term":[{"taxonomy":"product_brand","embeddable":true,"href":"https:\/\/www.ediciones-valnera.com\/index.php?rest_route=%2Fwp%2Fv2%2Fproduct_brand&post=191"},{"taxonomy":"product_cat","embeddable":true,"href":"https:\/\/www.ediciones-valnera.com\/index.php?rest_route=%2Fwp%2Fv2%2Fproduct_cat&post=191"},{"taxonomy":"product_tag","embeddable":true,"href":"https:\/\/www.ediciones-valnera.com\/index.php?rest_route=%2Fwp%2Fv2%2Fproduct_tag&post=191"}],"curies":[{"name":"wp","href":"https:\/\/api.w.org\/{rel}","templated":true}]}}