{"id":189,"date":"2022-01-04T01:00:11","date_gmt":"2022-01-04T00:00:11","guid":{"rendered":"http:\/\/127.0.0.1:10080\/wordpress\/?post_type=product&#038;p=189"},"modified":"2025-11-06T11:39:59","modified_gmt":"2025-11-06T11:39:59","slug":"santander-la-marinera","status":"publish","type":"product","link":"https:\/\/www.ediciones-valnera.com\/?product=santander-la-marinera","title":{"rendered":"Santander, la marinera"},"content":{"rendered":"","protected":false},"excerpt":{"rendered":"<p class=\"just\"><i>Santander, la marinera<\/i>\u00a0es un homenaje a la ciudad y sus gentes, un paseo por la vieja puebla y por las calles nacidas en 1942, una exhaustiva explicaci\u00f3n sobre las causas y las consecuencias del modelo elegido para reconstruirla tras el incendio. Pero tambi\u00e9n una denuncia valiente de las tropel\u00edas urban\u00edsticas cometidas por todos los reg\u00edmenes pol\u00edticos, una trepidante aventura con la crisis econ\u00f3mica y pol\u00edtica de fondo, y con la entra\u00f1able familia de los tenderos Cabarga, una historia de amor y desamor, un relato de castizos abogados venidos a menos, una relaci\u00f3n peatonal de la ciudad, casi palmo a palmo, un testimonio de su paisaje urbano, una explicaci\u00f3n sobre d\u00f3nde est\u00e1 escondido el aut\u00e9ntico paisano marinero, d\u00f3nde el pijo. Estamos ante una pieza literaria con sabor a rabas, olor a salitre, sonido al habla cantarina de esta tierra, al golpeteo seco de las palas, con sensaciones at\u00e1vicas como la quemadura en los pies de la arena caliente y el frescor de una ola en el rostro, una obra rebosante de recursos literarios en la que todos los santanderinos podr\u00e1n verse como a trav\u00e9s del lente de un microscopio, una novela, en fin, global, en la que se mezcla la experiencia vital del lector, con la trama literaria, el humor sat\u00edrico y la expresi\u00f3n de verdades como pu\u00f1os, la fantas\u00eda desbordante y ciertas inquietantes predicciones sobre el futuro urbano.<\/p>\n<p class=\"just\">Por entre sus p\u00e1ginas aparecen establecimientos por todos conocidos, y por muchos recordados. La novela integral sobre Santander que todos esper\u00e1bamos.<\/p>\n","protected":false},"featured_media":667,"comment_status":"closed","ping_status":"closed","template":"","meta":[],"product_brand":[],"product_cat":[86],"product_tag":[49],"class_list":{"0":"post-189","1":"product","2":"type-product","3":"status-publish","4":"has-post-thumbnail","6":"product_cat-valnera-literaria","7":"product_tag-javier-tazon","9":"first","10":"instock","11":"shipping-taxable","12":"product-type-external"},"_links":{"self":[{"href":"https:\/\/www.ediciones-valnera.com\/index.php?rest_route=\/wp\/v2\/product\/189","targetHints":{"allow":["GET"]}}],"collection":[{"href":"https:\/\/www.ediciones-valnera.com\/index.php?rest_route=\/wp\/v2\/product"}],"about":[{"href":"https:\/\/www.ediciones-valnera.com\/index.php?rest_route=\/wp\/v2\/types\/product"}],"replies":[{"embeddable":true,"href":"https:\/\/www.ediciones-valnera.com\/index.php?rest_route=%2Fwp%2Fv2%2Fcomments&post=189"}],"wp:featuredmedia":[{"embeddable":true,"href":"https:\/\/www.ediciones-valnera.com\/index.php?rest_route=\/wp\/v2\/media\/667"}],"wp:attachment":[{"href":"https:\/\/www.ediciones-valnera.com\/index.php?rest_route=%2Fwp%2Fv2%2Fmedia&parent=189"}],"wp:term":[{"taxonomy":"product_brand","embeddable":true,"href":"https:\/\/www.ediciones-valnera.com\/index.php?rest_route=%2Fwp%2Fv2%2Fproduct_brand&post=189"},{"taxonomy":"product_cat","embeddable":true,"href":"https:\/\/www.ediciones-valnera.com\/index.php?rest_route=%2Fwp%2Fv2%2Fproduct_cat&post=189"},{"taxonomy":"product_tag","embeddable":true,"href":"https:\/\/www.ediciones-valnera.com\/index.php?rest_route=%2Fwp%2Fv2%2Fproduct_tag&post=189"}],"curies":[{"name":"wp","href":"https:\/\/api.w.org\/{rel}","templated":true}]}}