{"id":185,"date":"2022-01-04T00:54:13","date_gmt":"2022-01-03T23:54:13","guid":{"rendered":"http:\/\/127.0.0.1:10080\/wordpress\/?post_type=product&#038;p=185"},"modified":"2025-11-06T11:42:07","modified_gmt":"2025-11-06T11:42:07","slug":"si-me-dan-a-elegir","status":"publish","type":"product","link":"https:\/\/www.ediciones-valnera.com\/?product=si-me-dan-a-elegir","title":{"rendered":"Si me dan a elegir"},"content":{"rendered":"","protected":false},"excerpt":{"rendered":"<p class=\"just\">En la mayor parte de los dieciocho relatos que componen este libro hay un fondo de melancol\u00eda. Sus protagonistas son seres solitarios, desvalidos, atrapados en la tristeza y en la a\u00f1oranza de lo que pudo haber sido y no fue. Seres desamparados que tienen en com\u00fan un sentimiento de fracaso.<\/p>\n<p class=\"just\">Y todos ellos necesitan transmitirnos las causas de su desasosiego. Por eso se desnudan ante nosotros y nos hablan desde la primera persona \u2014mon\u00f3logos que se convierten en realidad en confesiones \u00edntimas\u2014, aunque no lleguemos en ninguna ocasi\u00f3n a conocer siquiera su nombre. En ese sentido son personajes an\u00f3nimos, pero perfectamente reconocibles. Gentes corrientes con las que cualquiera puede toparse a diario por la calle, integradas a la perfecci\u00f3n en un entorno que las impregna de actualidad y en el que aparecen, como tel\u00f3n de fondo de nuestro teatro social, la transici\u00f3n democr\u00e1tica, el 23-F, la crisis econ\u00f3mica mundial, el desastre social griego o la guerra de Siria y el drama de los refugiados.<\/p>\n<p class=\"just\"><i>Si me dan a elegir&#8230;<\/i>\u00a0es el primer libro que publica el profesor Javier Gonz\u00e1lez D\u00edez, lodosano de nacimiento y reinosano de adopci\u00f3n. Una obra escrita en la madurez vital y literariamente muy madura. Un conjunto de relatos que ha ido componiendo sin prisas ni pretensiones, con el poso de sus muchas lecturas y con una capacidad innata para hacer veros\u00edmil el complejo mundo interior de los personajes.<\/p>\n<p class=\"just\">Sus peque\u00f1os afanes y sus grandes secretos le proporcionar\u00e1n al lector unos momentos tan placenteros como desconcertantes.<\/p>\n","protected":false},"featured_media":669,"comment_status":"closed","ping_status":"closed","template":"","meta":[],"product_brand":[],"product_cat":[86],"product_tag":[46],"class_list":{"0":"post-185","1":"product","2":"type-product","3":"status-publish","4":"has-post-thumbnail","6":"product_cat-valnera-literaria","7":"product_tag-javier-gonzalez-diez","9":"first","10":"instock","11":"shipping-taxable","12":"product-type-external"},"_links":{"self":[{"href":"https:\/\/www.ediciones-valnera.com\/index.php?rest_route=\/wp\/v2\/product\/185","targetHints":{"allow":["GET"]}}],"collection":[{"href":"https:\/\/www.ediciones-valnera.com\/index.php?rest_route=\/wp\/v2\/product"}],"about":[{"href":"https:\/\/www.ediciones-valnera.com\/index.php?rest_route=\/wp\/v2\/types\/product"}],"replies":[{"embeddable":true,"href":"https:\/\/www.ediciones-valnera.com\/index.php?rest_route=%2Fwp%2Fv2%2Fcomments&post=185"}],"wp:featuredmedia":[{"embeddable":true,"href":"https:\/\/www.ediciones-valnera.com\/index.php?rest_route=\/wp\/v2\/media\/669"}],"wp:attachment":[{"href":"https:\/\/www.ediciones-valnera.com\/index.php?rest_route=%2Fwp%2Fv2%2Fmedia&parent=185"}],"wp:term":[{"taxonomy":"product_brand","embeddable":true,"href":"https:\/\/www.ediciones-valnera.com\/index.php?rest_route=%2Fwp%2Fv2%2Fproduct_brand&post=185"},{"taxonomy":"product_cat","embeddable":true,"href":"https:\/\/www.ediciones-valnera.com\/index.php?rest_route=%2Fwp%2Fv2%2Fproduct_cat&post=185"},{"taxonomy":"product_tag","embeddable":true,"href":"https:\/\/www.ediciones-valnera.com\/index.php?rest_route=%2Fwp%2Fv2%2Fproduct_tag&post=185"}],"curies":[{"name":"wp","href":"https:\/\/api.w.org\/{rel}","templated":true}]}}