{"id":181,"date":"2022-01-04T00:37:54","date_gmt":"2022-01-03T23:37:54","guid":{"rendered":"http:\/\/127.0.0.1:10080\/wordpress\/?post_type=product&#038;p=181"},"modified":"2025-11-06T11:43:47","modified_gmt":"2025-11-06T11:43:47","slug":"imaginario-de-otono","status":"publish","type":"product","link":"https:\/\/www.ediciones-valnera.com\/?product=imaginario-de-otono","title":{"rendered":"Imaginario de oto\u00f1o"},"content":{"rendered":"<p><i>Imaginario de oto\u00f1o\u00a0<\/i>es el sexto poemario de Jes\u00fas Cabez\u00f3n Alonso y recoge cuarenta y ocho piezas que el poeta ha ido desgranando con paciencia \u2014y puliendo con mimo y casi con dolor f\u00edsico\u2014 en los \u00faltimos once a\u00f1o.<\/p>\n<p>El autor plantea en cada poema una reflexi\u00f3n nost\u00e1lgica desde la que intenta encontrar respuestas sobre sus experiencias vitales \u2014reales o imaginadas\u2014, ahora que ha llegado a una etapa en la que puede repasar lo que ha sido y lo que pudo ser, lo que vivi\u00f3 o lo que pudo vivir, a la vez que se propone dise\u00f1ar la realidad ineludible del oto\u00f1o vital.<\/p>\n<p>El poeta mantiene una postura en ocasiones pesimista, porque al echar la vista atr\u00e1s siente que el pasado le ha convertido \u00aben testigo de batallas en propietario de despedidas en autor de piezas inconclusas\u00bb. Y que al no poder disponer de entusiasmos, reserv\u00f3 para s\u00ed s\u00f3lo las tormentas para luego compartirlas, porque \u00abes imposible administrar los sentimientos como imposible es frenar los vientos y las dudas\u00bb.<\/p>\n","protected":false},"excerpt":{"rendered":"<p><i>Imaginario de oto\u00f1o<\/i>\u00a0es un recorrido l\u00facido por las huellas dolorosas del tiempo pasado, en el que el autor confiesa que persigui\u00f3 como agn\u00f3stico, con \u00abdesigual acierto\u00bb, tanto aquello en lo que cre\u00eda como todo aquello que ignoraba. Para acabar proclamando que, aunque al final de todo no logre que su esfuerzo quede reflejado en ninguna creaci\u00f3n \u2014quiz\u00e1 porque le haya \u00abvencido la delicada traici\u00f3n de la memoria\u00bb\u2014, guardar\u00e1 para s\u00ed la \u00edntima satisfacci\u00f3n de, al menos, haberlo intentado.<\/p>\n","protected":false},"featured_media":671,"comment_status":"closed","ping_status":"closed","template":"","meta":[],"product_brand":[],"product_cat":[86],"product_tag":[51],"class_list":{"0":"post-181","1":"product","2":"type-product","3":"status-publish","4":"has-post-thumbnail","6":"product_cat-valnera-literaria","7":"product_tag-jesus-cabezon","9":"first","10":"instock","11":"shipping-taxable","12":"product-type-external"},"_links":{"self":[{"href":"https:\/\/www.ediciones-valnera.com\/index.php?rest_route=\/wp\/v2\/product\/181","targetHints":{"allow":["GET"]}}],"collection":[{"href":"https:\/\/www.ediciones-valnera.com\/index.php?rest_route=\/wp\/v2\/product"}],"about":[{"href":"https:\/\/www.ediciones-valnera.com\/index.php?rest_route=\/wp\/v2\/types\/product"}],"replies":[{"embeddable":true,"href":"https:\/\/www.ediciones-valnera.com\/index.php?rest_route=%2Fwp%2Fv2%2Fcomments&post=181"}],"wp:featuredmedia":[{"embeddable":true,"href":"https:\/\/www.ediciones-valnera.com\/index.php?rest_route=\/wp\/v2\/media\/671"}],"wp:attachment":[{"href":"https:\/\/www.ediciones-valnera.com\/index.php?rest_route=%2Fwp%2Fv2%2Fmedia&parent=181"}],"wp:term":[{"taxonomy":"product_brand","embeddable":true,"href":"https:\/\/www.ediciones-valnera.com\/index.php?rest_route=%2Fwp%2Fv2%2Fproduct_brand&post=181"},{"taxonomy":"product_cat","embeddable":true,"href":"https:\/\/www.ediciones-valnera.com\/index.php?rest_route=%2Fwp%2Fv2%2Fproduct_cat&post=181"},{"taxonomy":"product_tag","embeddable":true,"href":"https:\/\/www.ediciones-valnera.com\/index.php?rest_route=%2Fwp%2Fv2%2Fproduct_tag&post=181"}],"curies":[{"name":"wp","href":"https:\/\/api.w.org\/{rel}","templated":true}]}}