{"id":179,"date":"2022-01-04T00:35:38","date_gmt":"2022-01-03T23:35:38","guid":{"rendered":"http:\/\/127.0.0.1:10080\/wordpress\/?post_type=product&#038;p=179"},"modified":"2025-11-06T11:44:19","modified_gmt":"2025-11-06T11:44:19","slug":"sonar-en-serio","status":"publish","type":"product","link":"https:\/\/www.ediciones-valnera.com\/?product=sonar-en-serio","title":{"rendered":"So\u00f1ar en serio"},"content":{"rendered":"<p>Como se\u00f1ala Luis Mateo D\u00edez en su pr\u00f3logo, \u00abla obra de Enrique \u00c1lvarez tiene, ante todo, la solvencia de un gran narrador, muy en la estirpe del realismo, que construye sus ficciones con la naturalidad de quien cuenta sin complejos, siempre cuidando mucho las tramas, haciendo lo m\u00e1s apasionante posible el relato, e identificando a sus personajes con la fascinaci\u00f3n de quien los asume como suyos. Es muy dif\u00edcil olvidar algunas de sus historias, y no es f\u00e1cil dejar de lado a tantos de sus personajes que han podido llegar a perturbarnos hasta dejarnos indefensos.<\/p>\n<p>Lo que Enrique \u00c1lvarez cuenta es siempre arriesgado, y el riesgo contiene la conmoci\u00f3n con que se le puede leer, un riesgo que destila de la contingencia y las contradicciones en que el coraz\u00f3n humano se debate, del alma que revierte en la pureza y suciedad de la carne, de un cierto esp\u00edritu \u00e1spero que salvaguardan o derrotan asuntos cruciales como la fe y la gracia [\u2026] ya que las historias que el autor habitualmente nos cuenta son, entre otras cosas, extremadamente misteriosas\u00bb.<\/p>\n<p>Adentrarse en estas p\u00e1ginas garantiza un reencuentro con la buena literatura.<\/p>\n","protected":false},"excerpt":{"rendered":"<p><i>So\u00f1ar en serio<\/i>\u00a0recopila las \u00faltimas ficciones de Enrique \u00c1lvarez. Diecis\u00e9is relatos sobre los aleda\u00f1os de la locura y los camuflajes de lo ominoso. Diecis\u00e9is historias sobre el delirio, sobre la moral y la libertad, que muestran, en muy diversos registros y modalidades, la gran maestr\u00eda del autor en el g\u00e9nero del horror psicol\u00f3gico, entre un Maupassant y un Julien Green.<\/p>\n","protected":false},"featured_media":672,"comment_status":"closed","ping_status":"closed","template":"","meta":[],"product_brand":[],"product_cat":[86],"product_tag":[36],"class_list":{"0":"post-179","1":"product","2":"type-product","3":"status-publish","4":"has-post-thumbnail","6":"product_cat-valnera-literaria","7":"product_tag-enrique-alvarez","9":"first","10":"instock","11":"shipping-taxable","12":"product-type-external"},"_links":{"self":[{"href":"https:\/\/www.ediciones-valnera.com\/index.php?rest_route=\/wp\/v2\/product\/179","targetHints":{"allow":["GET"]}}],"collection":[{"href":"https:\/\/www.ediciones-valnera.com\/index.php?rest_route=\/wp\/v2\/product"}],"about":[{"href":"https:\/\/www.ediciones-valnera.com\/index.php?rest_route=\/wp\/v2\/types\/product"}],"replies":[{"embeddable":true,"href":"https:\/\/www.ediciones-valnera.com\/index.php?rest_route=%2Fwp%2Fv2%2Fcomments&post=179"}],"wp:featuredmedia":[{"embeddable":true,"href":"https:\/\/www.ediciones-valnera.com\/index.php?rest_route=\/wp\/v2\/media\/672"}],"wp:attachment":[{"href":"https:\/\/www.ediciones-valnera.com\/index.php?rest_route=%2Fwp%2Fv2%2Fmedia&parent=179"}],"wp:term":[{"taxonomy":"product_brand","embeddable":true,"href":"https:\/\/www.ediciones-valnera.com\/index.php?rest_route=%2Fwp%2Fv2%2Fproduct_brand&post=179"},{"taxonomy":"product_cat","embeddable":true,"href":"https:\/\/www.ediciones-valnera.com\/index.php?rest_route=%2Fwp%2Fv2%2Fproduct_cat&post=179"},{"taxonomy":"product_tag","embeddable":true,"href":"https:\/\/www.ediciones-valnera.com\/index.php?rest_route=%2Fwp%2Fv2%2Fproduct_tag&post=179"}],"curies":[{"name":"wp","href":"https:\/\/api.w.org\/{rel}","templated":true}]}}