{"id":177,"date":"2022-01-04T00:32:56","date_gmt":"2022-01-03T23:32:56","guid":{"rendered":"http:\/\/127.0.0.1:10080\/wordpress\/?post_type=product&#038;p=177"},"modified":"2025-11-06T11:45:18","modified_gmt":"2025-11-06T11:45:18","slug":"dolor-de-tierra-verde","status":"publish","type":"product","link":"https:\/\/www.ediciones-valnera.com\/?product=dolor-de-tierra-verde","title":{"rendered":"Dolor de tierra verde"},"content":{"rendered":"","protected":false},"excerpt":{"rendered":"<p class=\"just\">En el setenta y cinco aniversario de la muerte de Manuel Llano, y pr\u00f3xima la misma conmemoraci\u00f3n del final de la guerra civil, sale a la luz esta edici\u00f3n cr\u00edtica de\u00a0<i>Dolor de tierra verde<\/i>\u00a0\u2014preparada por Jes\u00fas Herr\u00e1n Ceballos\u2014, que presenta dos notables aportaciones con respecto a las que se ha editado hasta ahora.<\/p>\n<p class=\"just\">La primera, es que sigue fielmente el texto del manuscrito original, incluyendo, incluso, en las notas a pie de p\u00e1gina, frases que tach\u00f3 el autor pero que son perfectamente legibles y a\u00f1aden matices literarios de gran inter\u00e9s; la segunda, que se ha ordenado cronol\u00f3gicamente con arreglo a las estaciones del a\u00f1o, circunstancia \u00e9sta que ya hab\u00eda reclamado en su d\u00eda Celia Valbuena \u2014la mejor especialista en el autor c\u00e1ntabro\u2014, pero que hasta ahora nadie hab\u00eda abordado.<\/p>\n<p class=\"just\">Desafortunadamente, nunca podremos saber con certeza c\u00f3mo hab\u00eda pensado ordenar esta obra Manuel Llano. Las hojas del manuscrito original, sueltas y sin numerar, hacen sospechar que a\u00fan no estaba completo, o que, en todo caso, se hallaba pendiente de una reelaboraci\u00f3n m\u00e1s profunda. De cualquier manera, el desorden con el que se ha venido publicando hasta ahora resulta evidente.<\/p>\n<p class=\"just\">Con la edici\u00f3n de este libro \u2014en palabras de Gerardo Diego, \u00abtan hecho y tan deshecho, tan directo de verdad geogr\u00e1fica y humana y tan reflejo de sensibilidad creadora y po\u00e9tica\u00bb\u2014 se ofrece un modo nuevo de acercarse a la lectura de uno de los relatos m\u00e1s bellos que se haya escrito nunca sobre nuestra amarga guerra civil.<\/p>\n","protected":false},"featured_media":673,"comment_status":"closed","ping_status":"closed","template":"","meta":[],"product_brand":[],"product_cat":[86],"product_tag":[66],"class_list":{"0":"post-177","1":"product","2":"type-product","3":"status-publish","4":"has-post-thumbnail","6":"product_cat-valnera-literaria","7":"product_tag-manuel-llano","9":"first","10":"instock","11":"shipping-taxable","12":"product-type-external"},"_links":{"self":[{"href":"https:\/\/www.ediciones-valnera.com\/index.php?rest_route=\/wp\/v2\/product\/177","targetHints":{"allow":["GET"]}}],"collection":[{"href":"https:\/\/www.ediciones-valnera.com\/index.php?rest_route=\/wp\/v2\/product"}],"about":[{"href":"https:\/\/www.ediciones-valnera.com\/index.php?rest_route=\/wp\/v2\/types\/product"}],"replies":[{"embeddable":true,"href":"https:\/\/www.ediciones-valnera.com\/index.php?rest_route=%2Fwp%2Fv2%2Fcomments&post=177"}],"wp:featuredmedia":[{"embeddable":true,"href":"https:\/\/www.ediciones-valnera.com\/index.php?rest_route=\/wp\/v2\/media\/673"}],"wp:attachment":[{"href":"https:\/\/www.ediciones-valnera.com\/index.php?rest_route=%2Fwp%2Fv2%2Fmedia&parent=177"}],"wp:term":[{"taxonomy":"product_brand","embeddable":true,"href":"https:\/\/www.ediciones-valnera.com\/index.php?rest_route=%2Fwp%2Fv2%2Fproduct_brand&post=177"},{"taxonomy":"product_cat","embeddable":true,"href":"https:\/\/www.ediciones-valnera.com\/index.php?rest_route=%2Fwp%2Fv2%2Fproduct_cat&post=177"},{"taxonomy":"product_tag","embeddable":true,"href":"https:\/\/www.ediciones-valnera.com\/index.php?rest_route=%2Fwp%2Fv2%2Fproduct_tag&post=177"}],"curies":[{"name":"wp","href":"https:\/\/api.w.org\/{rel}","templated":true}]}}