{"id":175,"date":"2022-01-04T00:26:56","date_gmt":"2022-01-03T23:26:56","guid":{"rendered":"http:\/\/127.0.0.1:10080\/wordpress\/?post_type=product&#038;p=175"},"modified":"2025-11-06T11:45:58","modified_gmt":"2025-11-06T11:45:58","slug":"escarcha-en-tus-pestanas","status":"publish","type":"product","link":"https:\/\/www.ediciones-valnera.com\/?product=escarcha-en-tus-pestanas","title":{"rendered":"Escarcha en tus pesta\u00f1as"},"content":{"rendered":"<p class=\"just\">Orlando es un empleado de banca de vida apacible, corriente y anodina que, de forma inexplicable, experimenta una serie de inquietantes y extra\u00f1as anomal\u00edas que logran desestabilizar su visi\u00f3n del mundo.<\/p>\n<p class=\"just\">Su extra\u00f1a peripecia personal desemboca en un proceso de m\u00faltiples transformaciones que le llevan a enfrentarse a una prueba de consecuencias inimaginables \u2014especie de descenso a los infiernos\u2014, en un viaje delirante por la ciudad en la que siempre vivi\u00f3, por la colectividad en cuyo seno madur\u00f3 y por el interior de s\u00ed mismo. Un \u00e9xodo de duras secuelas en el que aprender\u00e1, de modo cruento, que todo en la vida muta, que nada es tan permanente como muestra la enga\u00f1osa apariencia exterior.<\/p>\n<p class=\"just\">En el momento culminante de ese proceso fren\u00e9tico, Orlando conocer\u00e1 a Tob\u00edas, un frustrado y oscuro encuestador domiciliario a quien el encuentro le cambiar\u00e1 radicalmente la vida. Tob\u00edas abandona todo, y asume \u2014desde una obsesi\u00f3n irracional, compulsiva e irrefrenable\u2014 que su misi\u00f3n no es otra que dar forma novelada a la serie de extraordinarias vicisitudes que le revela Orlando.<\/p>\n","protected":false},"excerpt":{"rendered":"<p>Escarcha en tus pesta\u00f1as, la primera novela del profesor universitario Manuel P\u00e9rez Saiz, es un ejercicio literario de desbordada imaginaci\u00f3n que refleja \u2014con una diestra conjunci\u00f3n de metaliteratura y surrealismo\u2014 las entra\u00f1as de una sociedad en la que imperan la soledad, la desorientaci\u00f3n y la incomunicaci\u00f3n, pero tambi\u00e9n la magia, la pluralidad y el amor. Todo ello descrito con multiplicidad de voces narrativas que contribuyen a crear una historia c\u00edclica y abierta, que parece repetirse indefinidamente.<\/p>\n<p>&nbsp;<\/p>\n","protected":false},"featured_media":674,"comment_status":"closed","ping_status":"closed","template":"","meta":[],"product_brand":[],"product_cat":[111],"product_tag":[68],"class_list":{"0":"post-175","1":"product","2":"type-product","3":"status-publish","4":"has-post-thumbnail","6":"product_cat-valnera-literaria-2","7":"product_tag-manuel-perez-saiz","9":"first","10":"instock","11":"shipping-taxable","12":"product-type-external"},"_links":{"self":[{"href":"https:\/\/www.ediciones-valnera.com\/index.php?rest_route=\/wp\/v2\/product\/175","targetHints":{"allow":["GET"]}}],"collection":[{"href":"https:\/\/www.ediciones-valnera.com\/index.php?rest_route=\/wp\/v2\/product"}],"about":[{"href":"https:\/\/www.ediciones-valnera.com\/index.php?rest_route=\/wp\/v2\/types\/product"}],"replies":[{"embeddable":true,"href":"https:\/\/www.ediciones-valnera.com\/index.php?rest_route=%2Fwp%2Fv2%2Fcomments&post=175"}],"wp:featuredmedia":[{"embeddable":true,"href":"https:\/\/www.ediciones-valnera.com\/index.php?rest_route=\/wp\/v2\/media\/674"}],"wp:attachment":[{"href":"https:\/\/www.ediciones-valnera.com\/index.php?rest_route=%2Fwp%2Fv2%2Fmedia&parent=175"}],"wp:term":[{"taxonomy":"product_brand","embeddable":true,"href":"https:\/\/www.ediciones-valnera.com\/index.php?rest_route=%2Fwp%2Fv2%2Fproduct_brand&post=175"},{"taxonomy":"product_cat","embeddable":true,"href":"https:\/\/www.ediciones-valnera.com\/index.php?rest_route=%2Fwp%2Fv2%2Fproduct_cat&post=175"},{"taxonomy":"product_tag","embeddable":true,"href":"https:\/\/www.ediciones-valnera.com\/index.php?rest_route=%2Fwp%2Fv2%2Fproduct_tag&post=175"}],"curies":[{"name":"wp","href":"https:\/\/api.w.org\/{rel}","templated":true}]}}