{"id":167,"date":"2022-01-04T00:14:27","date_gmt":"2022-01-03T23:14:27","guid":{"rendered":"http:\/\/127.0.0.1:10080\/wordpress\/?post_type=product&#038;p=167"},"modified":"2025-11-06T11:48:22","modified_gmt":"2025-11-06T11:48:22","slug":"poesia-completa","status":"publish","type":"product","link":"https:\/\/www.ediciones-valnera.com\/?product=poesia-completa","title":{"rendered":"Poes\u00eda completa"},"content":{"rendered":"<p class=\"just\">En el primero se aprecia la tristeza de un autor que, aun en plena adolescencia \u2014lo escribi\u00f3 entre los 15 y los 17 a\u00f1os\u2014 mantiene un tono contenido, alejado del dramatismo. El poeta, sin embargo, lamenta la opresi\u00f3n intolerante de la sociedad que le ha tocado vivir y que va degollando paulatinamente sus sue\u00f1os.<\/p>\n<p class=\"just\">\u00abEn los otros dos \u2014seg\u00fan el profesor Jes\u00fas L\u00e1zaro Serrano\u2014, la inquietud \u00e9tica se matiza y adquiere un tono de denuncia\u00bb. Es entonces cuando se desarrolla un importante proceso en el poeta: la esperanza es posible, aunque po\u00e9ticamente se debe superar el individualismo para desembocar en una poes\u00eda comprometida, dando siempre prioridad al hombre como sujeto hist\u00f3rico, lo que le entronca dentro de la poes\u00eda social de la postguerra civil espa\u00f1ola. Una poes\u00eda centrada, sobre todo, en temas \u00e9ticos, expresados con lenguaje sencillo y verso libre.<\/p>\n<p class=\"just\">En total 82 poemas escritos entre los a\u00f1os 1944 y 1955, una \u00e9poca muy dif\u00edcil, en palabras del propio autor, \u00abcargada de resentimientos y de amargas experiencias pol\u00edticas y sociales\u00bb. Unos tiempos de vergonzosa postguerra. A\u00f1os tan viciados por la penuria moral, que la \u00fanica salvaci\u00f3n posible para el hombre \u2014as\u00ed fue como Arce lo lleg\u00f3 a intuir\u2014 s\u00f3lo se alcanzar\u00eda dentro de la creatividad personal. Desde una voluntad irrenunciable y desde un compromiso intelectual con la libertad del ser humano.<\/p>\n","protected":false},"excerpt":{"rendered":"<p class=\"just\">Este libro re\u00fane la poes\u00eda completa de Manuel Arce, publicada en tres obras pr\u00e1cticamente inencontrables:\u00a0<i>Llamada<\/i>\u00a0(1949),\u00a0<i>Sombra de un amor<\/i>\u00a0(1952) y\u00a0<i>Biograf\u00eda de un desconocido<\/i>\u00a0(1954).<\/p>\n","protected":false},"featured_media":678,"comment_status":"closed","ping_status":"closed","template":"","meta":[],"product_brand":[],"product_cat":[111],"product_tag":[65],"class_list":{"0":"post-167","1":"product","2":"type-product","3":"status-publish","4":"has-post-thumbnail","6":"product_cat-valnera-literaria-2","7":"product_tag-manuel-arce","9":"first","10":"instock","11":"shipping-taxable","12":"product-type-external"},"_links":{"self":[{"href":"https:\/\/www.ediciones-valnera.com\/index.php?rest_route=\/wp\/v2\/product\/167","targetHints":{"allow":["GET"]}}],"collection":[{"href":"https:\/\/www.ediciones-valnera.com\/index.php?rest_route=\/wp\/v2\/product"}],"about":[{"href":"https:\/\/www.ediciones-valnera.com\/index.php?rest_route=\/wp\/v2\/types\/product"}],"replies":[{"embeddable":true,"href":"https:\/\/www.ediciones-valnera.com\/index.php?rest_route=%2Fwp%2Fv2%2Fcomments&post=167"}],"wp:featuredmedia":[{"embeddable":true,"href":"https:\/\/www.ediciones-valnera.com\/index.php?rest_route=\/wp\/v2\/media\/678"}],"wp:attachment":[{"href":"https:\/\/www.ediciones-valnera.com\/index.php?rest_route=%2Fwp%2Fv2%2Fmedia&parent=167"}],"wp:term":[{"taxonomy":"product_brand","embeddable":true,"href":"https:\/\/www.ediciones-valnera.com\/index.php?rest_route=%2Fwp%2Fv2%2Fproduct_brand&post=167"},{"taxonomy":"product_cat","embeddable":true,"href":"https:\/\/www.ediciones-valnera.com\/index.php?rest_route=%2Fwp%2Fv2%2Fproduct_cat&post=167"},{"taxonomy":"product_tag","embeddable":true,"href":"https:\/\/www.ediciones-valnera.com\/index.php?rest_route=%2Fwp%2Fv2%2Fproduct_tag&post=167"}],"curies":[{"name":"wp","href":"https:\/\/api.w.org\/{rel}","templated":true}]}}