{"id":165,"date":"2022-01-04T00:11:14","date_gmt":"2022-01-03T23:11:14","guid":{"rendered":"http:\/\/127.0.0.1:10080\/wordpress\/?post_type=product&#038;p=165"},"modified":"2025-11-06T11:48:55","modified_gmt":"2025-11-06T11:48:55","slug":"mientras-ella-sea-clara","status":"publish","type":"product","link":"https:\/\/www.ediciones-valnera.com\/?product=mientras-ella-sea-clara","title":{"rendered":"Mientras ella sea clara"},"content":{"rendered":"<p class=\"just\">Clara hace aut\u00e9nticos malabarismos para mantener la relaci\u00f3n a tres bandas, no sin graves riesgos para sus nervios en las diversas ocasiones en que est\u00e1 a punto de ser pillada in flagranti por alguno de los otros dos o sus allegados. El equilibrismo se complica cuando los tres le proponen matrimonio sucesivamente, para la pr\u00f3xima primavera, y ella acepta. Clara sabe que debe tomar una decisi\u00f3n, pero no acaba de hacerlo, pues los tres hombres representan diversas facetas de su vida a las que no quiere renunciar voluntariamente.<\/p>\n<p class=\"just\">El tiempo pasa, y a medida que se acerca la fecha misteriosos acontecimientos ensombrecen el ya de por s\u00ed complicado panorama.<\/p>\n<p class=\"just\">Al final la acci\u00f3n se precipita. Las pistas inconexas cobran sentido y desembocan en un desenlace sorprendente, que nos demostrar\u00e1 que no conviene desde\u00f1ar ninguno de los detalles que los sucesivos narradores nos han ido transmitiendo desde el principio de la historia, por anecd\u00f3ticos que pudieran parecernos.<\/p>\n","protected":false},"excerpt":{"rendered":"<p>Clara es una joven santanderina de 26 a\u00f1os que vive con su padre, viudo desde que ella naci\u00f3. Vitalista y complicada, la chica comienza a narrarnos en tono confidencial-borde su dilema m\u00e1s acuciante. Lleva trece a\u00f1os saliendo con \u00abM\u00edchum\u00bb, inocente y beaturr\u00f3n portero de discoteca, pero eso no obsta para que haya realizado dos nuevas conquistas: Mario Martello, cincuent\u00f3n de humildes or\u00edgenes y posici\u00f3n acomodada, y Pelayo, un madrile\u00f1o \u00abde sonrisa superferol\u00edtica\u00bb, apasionado y sensual, carne de oeneg\u00e9, que la deslumbra desde el primer d\u00eda en que se conocen en las playas del Sardinero.<\/p>\n","protected":false},"featured_media":679,"comment_status":"closed","ping_status":"closed","template":"","meta":[],"product_brand":[],"product_cat":[111],"product_tag":[28],"class_list":{"0":"post-165","1":"product","2":"type-product","3":"status-publish","4":"has-post-thumbnail","6":"product_cat-valnera-literaria-2","7":"product_tag-carlos-villar","9":"first","10":"instock","11":"shipping-taxable","12":"product-type-external"},"_links":{"self":[{"href":"https:\/\/www.ediciones-valnera.com\/index.php?rest_route=\/wp\/v2\/product\/165","targetHints":{"allow":["GET"]}}],"collection":[{"href":"https:\/\/www.ediciones-valnera.com\/index.php?rest_route=\/wp\/v2\/product"}],"about":[{"href":"https:\/\/www.ediciones-valnera.com\/index.php?rest_route=\/wp\/v2\/types\/product"}],"replies":[{"embeddable":true,"href":"https:\/\/www.ediciones-valnera.com\/index.php?rest_route=%2Fwp%2Fv2%2Fcomments&post=165"}],"wp:featuredmedia":[{"embeddable":true,"href":"https:\/\/www.ediciones-valnera.com\/index.php?rest_route=\/wp\/v2\/media\/679"}],"wp:attachment":[{"href":"https:\/\/www.ediciones-valnera.com\/index.php?rest_route=%2Fwp%2Fv2%2Fmedia&parent=165"}],"wp:term":[{"taxonomy":"product_brand","embeddable":true,"href":"https:\/\/www.ediciones-valnera.com\/index.php?rest_route=%2Fwp%2Fv2%2Fproduct_brand&post=165"},{"taxonomy":"product_cat","embeddable":true,"href":"https:\/\/www.ediciones-valnera.com\/index.php?rest_route=%2Fwp%2Fv2%2Fproduct_cat&post=165"},{"taxonomy":"product_tag","embeddable":true,"href":"https:\/\/www.ediciones-valnera.com\/index.php?rest_route=%2Fwp%2Fv2%2Fproduct_tag&post=165"}],"curies":[{"name":"wp","href":"https:\/\/api.w.org\/{rel}","templated":true}]}}