{"id":163,"date":"2022-01-04T00:07:48","date_gmt":"2022-01-03T23:07:48","guid":{"rendered":"http:\/\/127.0.0.1:10080\/wordpress\/?post_type=product&#038;p=163"},"modified":"2025-11-06T11:49:24","modified_gmt":"2025-11-06T11:49:24","slug":"29-relatos","status":"publish","type":"product","link":"https:\/\/www.ediciones-valnera.com\/?product=29-relatos","title":{"rendered":"29 relatos"},"content":{"rendered":"<p class=\"just\">En Un fuego oculto se percibe \u2013seg\u00fan se\u00f1alaba el profesor Cabrales en El Diario Monta\u00f1\u00e9s\u2013 \u00abuna notable capacidad fabuladora y los rasgos caracter\u00edsticos de sus mejores pel\u00edculas: atenci\u00f3n a los aspectos visuales de personajes y espacios, detalles realistas, tono sobrio y finales abiertos\u00bb. Y tambi\u00e9n que la mayor parte de los protagonistas son seres desvalidos que deambulan en busca de un afecto que parece negarles la sociedad.<\/p>\n<p class=\"just\"><i>Apuntes del natural<\/i>\u00a0es un mosaico en el que es posible rastrear huellas, afectos, retazos de infancia y adolescencia, fragmentos de vidas y paisajes que han marcado a Camus. Un conjunto de hermosas intuiciones sobre el pasado, de recuerdos que quedan como enigm\u00e1ticos resortes sobre los que debemos \u00abedificar como si la arena fuera piedra dura\u00bb.<\/p>\n<p class=\"just\">El resultado es un libro que descubrir\u00e1 a m\u00e1s de uno la faceta literaria de Camus. Actividad que no surge de modo casual, sino que se asienta en la intensa relaci\u00f3n que mantuvo con la generaci\u00f3n de narradores de los a\u00f1os 50, en su dilatada carrera como guionista y adaptador de grandes obras literarias y en un impresionante caudal de lecturas.<\/p>\n<p class=\"just\">No en vano Carlos Saura estaba convencido de que Camus \u00abllegar\u00eda a ser uno de los literatos m\u00e1s importantes de nuestra generaci\u00f3n\u00bb.<\/p>\n<p class=\"just\">Con este libro podemos comprobar que Saura ten\u00eda raz\u00f3n.<\/p>\n","protected":false},"excerpt":{"rendered":"<p>Estos 29 relatos integran las narraciones completas de Mario Camus \u2013<i>Un fuego oculto<\/i>\u00a0(2003) y\u00a0<i>Apuntes del natural<\/i>\u00a0(2007)\u2013, un n\u00famero que coincide con el de las pel\u00edculas que ha rodado hasta la fecha.<\/p>\n","protected":false},"featured_media":680,"comment_status":"closed","ping_status":"closed","template":"","meta":[],"product_brand":[],"product_cat":[111],"product_tag":[72],"class_list":{"0":"post-163","1":"product","2":"type-product","3":"status-publish","4":"has-post-thumbnail","6":"product_cat-valnera-literaria-2","7":"product_tag-mario-camus","9":"first","10":"instock","11":"shipping-taxable","12":"product-type-external"},"_links":{"self":[{"href":"https:\/\/www.ediciones-valnera.com\/index.php?rest_route=\/wp\/v2\/product\/163","targetHints":{"allow":["GET"]}}],"collection":[{"href":"https:\/\/www.ediciones-valnera.com\/index.php?rest_route=\/wp\/v2\/product"}],"about":[{"href":"https:\/\/www.ediciones-valnera.com\/index.php?rest_route=\/wp\/v2\/types\/product"}],"replies":[{"embeddable":true,"href":"https:\/\/www.ediciones-valnera.com\/index.php?rest_route=%2Fwp%2Fv2%2Fcomments&post=163"}],"wp:featuredmedia":[{"embeddable":true,"href":"https:\/\/www.ediciones-valnera.com\/index.php?rest_route=\/wp\/v2\/media\/680"}],"wp:attachment":[{"href":"https:\/\/www.ediciones-valnera.com\/index.php?rest_route=%2Fwp%2Fv2%2Fmedia&parent=163"}],"wp:term":[{"taxonomy":"product_brand","embeddable":true,"href":"https:\/\/www.ediciones-valnera.com\/index.php?rest_route=%2Fwp%2Fv2%2Fproduct_brand&post=163"},{"taxonomy":"product_cat","embeddable":true,"href":"https:\/\/www.ediciones-valnera.com\/index.php?rest_route=%2Fwp%2Fv2%2Fproduct_cat&post=163"},{"taxonomy":"product_tag","embeddable":true,"href":"https:\/\/www.ediciones-valnera.com\/index.php?rest_route=%2Fwp%2Fv2%2Fproduct_tag&post=163"}],"curies":[{"name":"wp","href":"https:\/\/api.w.org\/{rel}","templated":true}]}}