{"id":161,"date":"2022-01-04T00:04:47","date_gmt":"2022-01-03T23:04:47","guid":{"rendered":"http:\/\/127.0.0.1:10080\/wordpress\/?post_type=product&#038;p=161"},"modified":"2025-11-06T11:50:30","modified_gmt":"2025-11-06T11:50:30","slug":"la-propia-habitacion","status":"publish","type":"product","link":"https:\/\/www.ediciones-valnera.com\/?product=la-propia-habitacion","title":{"rendered":"La propia habitaci\u00f3n"},"content":{"rendered":"","protected":false},"excerpt":{"rendered":"<p class=\"just\">\u00abQu\u00e9 peligroso es volver. [&#8230;] El regreso a los lugares despu\u00e9s de varios a\u00f1os es oficio de sepultureros. A las ciudades que alguna vez fueron de uno \u2014como los bosques todos son de Diana, que dec\u00eda Cal\u00edmaco\u2014 hay que retornar con una pala, y dispuesto a llenarse de lodo las rodillas. Los cad\u00e1veres acaban siempre tomando su revancha con los vivos. Es natural. [&#8230;] Volver la vista atr\u00e1s es sumir lo bello en el reino pestilente de las sombras, ser necios como Orfeo: perder lo poco que un d\u00eda fuimos por la gracia del azar o la memoria, que siempre nos complacen\u00bb.<\/p>\n<p class=\"just\">As\u00ed comienza uno de los textos de este libro de Ana Rodr\u00edguez de la Robla: un conjunto de l\u00facidas reflexiones sobre literatura, arte, m\u00fasica, cine, ciudades&#8230; Con su mirada perspicaz, la autora desgrana asuntos tan dispares como la historia de Judith y Holofernes, un cuadro de Hammersh\u00f8i, un mu\u00f1eco de nieve en el palacio de los Medici, el misterio de la m\u00fasica de Biber, un pasaje de\u00a0<i>Blade Runner<\/i>, una tienda de mu\u00f1ecos en Par\u00eds, las caprichosas formas de una roca&#8230; y los presenta al lector desde una \u00f3ptica especial, arropados en un estilo minucioso y po\u00e9tico que filtra un rayo de luz en el desv\u00e1n de su mente, en su\u00a0<i>propia habitaci\u00f3n<\/i>.<\/p>\n<p class=\"just\">Sesenta y un breves cap\u00edtulos que constituyen emotivas p\u00edldoras de creatividad, a las que es preciso \u2014ahora s\u00ed\u2014 volver una y otra vez para apreciar los bellos matices de una prosa l\u00edmpida y de calidad.<\/p>\n","protected":false},"featured_media":681,"comment_status":"closed","ping_status":"closed","template":"","meta":[],"product_brand":[],"product_cat":[111],"product_tag":[19],"class_list":{"0":"post-161","1":"product","2":"type-product","3":"status-publish","4":"has-post-thumbnail","6":"product_cat-valnera-literaria-2","7":"product_tag-ana-de-la-robla","9":"first","10":"instock","11":"shipping-taxable","12":"product-type-external"},"_links":{"self":[{"href":"https:\/\/www.ediciones-valnera.com\/index.php?rest_route=\/wp\/v2\/product\/161","targetHints":{"allow":["GET"]}}],"collection":[{"href":"https:\/\/www.ediciones-valnera.com\/index.php?rest_route=\/wp\/v2\/product"}],"about":[{"href":"https:\/\/www.ediciones-valnera.com\/index.php?rest_route=\/wp\/v2\/types\/product"}],"replies":[{"embeddable":true,"href":"https:\/\/www.ediciones-valnera.com\/index.php?rest_route=%2Fwp%2Fv2%2Fcomments&post=161"}],"wp:featuredmedia":[{"embeddable":true,"href":"https:\/\/www.ediciones-valnera.com\/index.php?rest_route=\/wp\/v2\/media\/681"}],"wp:attachment":[{"href":"https:\/\/www.ediciones-valnera.com\/index.php?rest_route=%2Fwp%2Fv2%2Fmedia&parent=161"}],"wp:term":[{"taxonomy":"product_brand","embeddable":true,"href":"https:\/\/www.ediciones-valnera.com\/index.php?rest_route=%2Fwp%2Fv2%2Fproduct_brand&post=161"},{"taxonomy":"product_cat","embeddable":true,"href":"https:\/\/www.ediciones-valnera.com\/index.php?rest_route=%2Fwp%2Fv2%2Fproduct_cat&post=161"},{"taxonomy":"product_tag","embeddable":true,"href":"https:\/\/www.ediciones-valnera.com\/index.php?rest_route=%2Fwp%2Fv2%2Fproduct_tag&post=161"}],"curies":[{"name":"wp","href":"https:\/\/api.w.org\/{rel}","templated":true}]}}