{"id":159,"date":"2009-12-04T00:00:57","date_gmt":"2009-12-04T00:00:57","guid":{"rendered":"http:\/\/127.0.0.1:10080\/wordpress\/?post_type=product&#038;p=159"},"modified":"2022-02-08T23:05:02","modified_gmt":"2022-02-08T23:05:02","slug":"espartanos-en-el-dueso","status":"publish","type":"product","link":"https:\/\/www.ediciones-valnera.com\/?product=espartanos-en-el-dueso","title":{"rendered":"Espartanos en El Dueso"},"content":{"rendered":"","protected":false},"excerpt":{"rendered":"<p class=\"just\">En este libro, Marino P\u00e9rez Avellaneda describe y documenta el proyecto Espartanos que se est\u00e1 desarrollando en el Centro Penitenciario de El Dueso, en la localidad c\u00e1ntabra de Santo\u00f1a.<\/p>\n<p class=\"just\">La iniciativa, que puso en marcha Chucho Mozim\u00e1n junto con unos cuantos colaboradores, pretende transmitir los valores del deporte, en general, y del rugby, en particular, a la poblaci\u00f3n reclusa. Se trata de fomentar la solidaridad, el compa\u00f1erismo, el trabajo en equipo, la humildad\u2026 cualidades todas ellas id\u00f3neas para facilitar la futura reinserci\u00f3n y la posterior integraci\u00f3n social de los penados.<\/p>\n<p class=\"just\">Adem\u00e1s de entrevistar a treinta y cuatro personas (reclusos, funcionarios, t\u00e9cnicos, jugadores\u2026), el autor analiza el contexto del Sistema Penitenciario Espa\u00f1ol y aprovecha para presentar una historia del penal santo\u00f1\u00e9s y de sus reclusos m\u00e1s famosos. Todo ello constituye un estudio riguroso y completo, pero a la vez atractivo, que apuesta por la visi\u00f3n positiva de un futuro en libertad.<\/p>\n","protected":false},"featured_media":682,"comment_status":"closed","ping_status":"closed","template":"","meta":[],"product_brand":[],"product_cat":[94],"product_tag":[33,71],"class_list":{"0":"post-159","1":"product","2":"type-product","3":"status-publish","4":"has-post-thumbnail","6":"product_cat-varia","7":"product_tag-ediciones-institucionales","8":"product_tag-marino-perez-avellaneda","10":"first","11":"instock","12":"shipping-taxable","13":"product-type-external"},"_links":{"self":[{"href":"https:\/\/www.ediciones-valnera.com\/index.php?rest_route=\/wp\/v2\/product\/159","targetHints":{"allow":["GET"]}}],"collection":[{"href":"https:\/\/www.ediciones-valnera.com\/index.php?rest_route=\/wp\/v2\/product"}],"about":[{"href":"https:\/\/www.ediciones-valnera.com\/index.php?rest_route=\/wp\/v2\/types\/product"}],"replies":[{"embeddable":true,"href":"https:\/\/www.ediciones-valnera.com\/index.php?rest_route=%2Fwp%2Fv2%2Fcomments&post=159"}],"wp:featuredmedia":[{"embeddable":true,"href":"https:\/\/www.ediciones-valnera.com\/index.php?rest_route=\/wp\/v2\/media\/682"}],"wp:attachment":[{"href":"https:\/\/www.ediciones-valnera.com\/index.php?rest_route=%2Fwp%2Fv2%2Fmedia&parent=159"}],"wp:term":[{"taxonomy":"product_brand","embeddable":true,"href":"https:\/\/www.ediciones-valnera.com\/index.php?rest_route=%2Fwp%2Fv2%2Fproduct_brand&post=159"},{"taxonomy":"product_cat","embeddable":true,"href":"https:\/\/www.ediciones-valnera.com\/index.php?rest_route=%2Fwp%2Fv2%2Fproduct_cat&post=159"},{"taxonomy":"product_tag","embeddable":true,"href":"https:\/\/www.ediciones-valnera.com\/index.php?rest_route=%2Fwp%2Fv2%2Fproduct_tag&post=159"}],"curies":[{"name":"wp","href":"https:\/\/api.w.org\/{rel}","templated":true}]}}