{"id":1562,"date":"2026-04-21T14:16:56","date_gmt":"2026-04-21T14:16:56","guid":{"rendered":"https:\/\/www.ediciones-valnera.com\/?post_type=product&#038;p=1562"},"modified":"2026-04-21T14:38:18","modified_gmt":"2026-04-21T14:38:18","slug":"jose-manuel-abascal-del-pas-a-los-angeles","status":"publish","type":"product","link":"https:\/\/www.ediciones-valnera.com\/?product=jose-manuel-abascal-del-pas-a-los-angeles","title":{"rendered":"JOS\u00c9 MANUEL ABASCAL, DEL PAS A LOS \u00c1NGELES"},"content":{"rendered":"<p style=\"text-align: left;\">La obra se abre con un pr\u00f3logo escrito por Sebastian Coe, una figura capital del atletismo mundial. Su mirada \u2014privilegiada, respetuosa y profundamente conocedora del medio\u2014 sit\u00faa la trayectoria de Abascal en el contexto internacional y subraya su impacto en una \u00e9poca dorada del mediofondo:<\/p>\n<p style=\"text-align: left;\">\u00abEste libro es, en el fondo, una invitaci\u00f3n a revisitar un cap\u00edtulo extraordinario del atletismo espa\u00f1ol a trav\u00e9s de los ojos de alguien que lo vivi\u00f3 desde dentro; a comprender lo que hace falta para competir cuando los m\u00e1rgenes son implacables y a recordar que detr\u00e1s de cada medalla hay una persona que entren\u00f3 en silencio, resisti\u00f3 en privado y aprendi\u00f3 lecciones que merecen ser transmitidas.<br \/>\nPara quienes aman el atletismo, este libro se sentir\u00e1 como un regreso a lo esencial: la pista, el ritmo de las temporadas, la disciplina de la preparaci\u00f3n y la inteligencia feroz de la competici\u00f3n. Para quienes simplemente se interesan por saber c\u00f3mo las personas se convierten en lo que son, ofrece algo m\u00e1s inusual: una vida retratada a escala completa, dando voz a aquellas partes que suelen permanecer en silencio\u00bb.<\/p>\n<p style=\"text-align: left;\">Lord Sebastian Coe<\/p>\n","protected":false},"excerpt":{"rendered":"<p>El libro ofrece el retrato m\u00e1s completo de Jos\u00e9 Manuel Abascal, un atleta cuya grandeza se construy\u00f3 a base de humildad, disciplina y constancia.<\/p>\n<p>Consta de tres partes bien diferenciadas: la primera y la tercera se centran fundamentalmente en los datos biogr\u00e1ficos de Jos\u00e9 Manuel Abascal; la segunda lo hace en su faceta deportiva, aunque aderezada con vivencias personales para que no resulte una simple relaci\u00f3n de pruebas, tiempos y marcas.<\/p>\n<p>Jes\u00fas Herr\u00e1n Ceballos ha escrito la primera y la tercera, adem\u00e1s de algunas de las an\u00e9cdotas que se integran con naturalidad en la segunda. Julio Ruiz Oppitz ha detallado en esa segunda parte, m\u00e1s centrada en lo deportivo, todo lo referente a marcas y palmar\u00e9s, en un trabajo exhaustivo, met\u00f3dico y preciso que sirve para fijar con rigor la importancia de Abascal en el atletismo espa\u00f1ol, europeo y mundial.<\/p>\n<p>La parte final recoge catorce p\u00e1ginas con m\u00e1s de sesenta fotograf\u00edas, seleccionadas por Abascal, a modo de \u00e1lbum de instantes, y una colecci\u00f3n de c\u00f3digos QR desde los que se puede acceder a la legendaria carrera de Los \u00c1ngeles; a la de la obtenci\u00f3n del r\u00e9cord de los 2000 m, en La Albericia (Santander), que estuvo vigente durante treinta y siete a\u00f1os; a los primeros pasos de la Escuela de Atletismo de la Vega de Pas; a programas especiales que TVE dedic\u00f3 a nuestro campe\u00f3n, para profundizar en su biograf\u00eda y recoger fragmentos de gran parte de sus carreras principales; a profundas entrevistas; a su presentaci\u00f3n en el ayuntamiento de Calafell como nuevo responsable deportivo\u2026<\/p>\n","protected":false},"featured_media":1563,"comment_status":"closed","ping_status":"closed","template":"","meta":[],"product_brand":[],"product_cat":[93,114],"product_tag":[],"class_list":{"0":"post-1562","1":"product","2":"type-product","3":"status-publish","4":"has-post-thumbnail","6":"product_cat-novedades","7":"product_cat-valnera-deporte","9":"first","10":"instock","11":"shipping-taxable","12":"product-type-external"},"_links":{"self":[{"href":"https:\/\/www.ediciones-valnera.com\/index.php?rest_route=\/wp\/v2\/product\/1562","targetHints":{"allow":["GET"]}}],"collection":[{"href":"https:\/\/www.ediciones-valnera.com\/index.php?rest_route=\/wp\/v2\/product"}],"about":[{"href":"https:\/\/www.ediciones-valnera.com\/index.php?rest_route=\/wp\/v2\/types\/product"}],"replies":[{"embeddable":true,"href":"https:\/\/www.ediciones-valnera.com\/index.php?rest_route=%2Fwp%2Fv2%2Fcomments&post=1562"}],"wp:featuredmedia":[{"embeddable":true,"href":"https:\/\/www.ediciones-valnera.com\/index.php?rest_route=\/wp\/v2\/media\/1563"}],"wp:attachment":[{"href":"https:\/\/www.ediciones-valnera.com\/index.php?rest_route=%2Fwp%2Fv2%2Fmedia&parent=1562"}],"wp:term":[{"taxonomy":"product_brand","embeddable":true,"href":"https:\/\/www.ediciones-valnera.com\/index.php?rest_route=%2Fwp%2Fv2%2Fproduct_brand&post=1562"},{"taxonomy":"product_cat","embeddable":true,"href":"https:\/\/www.ediciones-valnera.com\/index.php?rest_route=%2Fwp%2Fv2%2Fproduct_cat&post=1562"},{"taxonomy":"product_tag","embeddable":true,"href":"https:\/\/www.ediciones-valnera.com\/index.php?rest_route=%2Fwp%2Fv2%2Fproduct_tag&post=1562"}],"curies":[{"name":"wp","href":"https:\/\/api.w.org\/{rel}","templated":true}]}}