{"id":1559,"date":"2026-04-16T10:36:04","date_gmt":"2026-04-16T10:36:04","guid":{"rendered":"https:\/\/www.ediciones-valnera.com\/?post_type=product&#038;p=1559"},"modified":"2026-04-16T10:37:34","modified_gmt":"2026-04-16T10:37:34","slug":"mis-mejores-paginas","status":"publish","type":"product","link":"https:\/\/www.ediciones-valnera.com\/?product=mis-mejores-paginas","title":{"rendered":"MIS MEJORES P\u00c1GINAS"},"content":{"rendered":"<p>En cada uno de los cincuenta t\u00edtulos que aqu\u00ed se rese\u00f1an \u2014novelas, teatro y memorias\u2014 se detallan tambi\u00e9n los informes de edici\u00f3n y traducci\u00f3n a otros idiomas, una selecci\u00f3n de las cr\u00edticas y comentarios aparecidos en la prensa y un resumen del argumento.<br \/>\nA continuaci\u00f3n se incluyen dos amplios fragmentos de cada obra, lo que compone un apasionante puzle que har\u00e1 las delicias de los lectores de Jes\u00fas Carazo, y que sin duda incitar\u00e1 a quienes todav\u00eda no lo son a interesarse por la obra de este autor burgal\u00e9s, maestro de escritores y ganador de numerosos premios literarios, que ha pasado la vida intentando \u00abcaptar alg\u00fan destello de esa verdad que late bajo las apariencias\u00bb.<\/p>\n","protected":false},"excerpt":{"rendered":"<p>Estamos ante un libro excepcional. Porque no es habitual que un autor dedique un a\u00f1o de su vida a seleccionar las mejores p\u00e1ginas de las obras que ha publicado, las acompa\u00f1e de textos que relatan la g\u00e9nesis de cada una y adem\u00e1s nos desvele hasta qu\u00e9 punto \u00e9l o sus allegados est\u00e1n presentes en esas historias, es decir, cu\u00e1nto hay en ellas de autoficci\u00f3n.<\/p>\n","protected":false},"featured_media":1561,"comment_status":"closed","ping_status":"closed","template":"","meta":[],"product_brand":[],"product_cat":[93,86],"product_tag":[],"class_list":{"0":"post-1559","1":"product","2":"type-product","3":"status-publish","4":"has-post-thumbnail","6":"product_cat-novedades","7":"product_cat-valnera-literaria","9":"first","10":"instock","11":"shipping-taxable","12":"product-type-external"},"_links":{"self":[{"href":"https:\/\/www.ediciones-valnera.com\/index.php?rest_route=\/wp\/v2\/product\/1559","targetHints":{"allow":["GET"]}}],"collection":[{"href":"https:\/\/www.ediciones-valnera.com\/index.php?rest_route=\/wp\/v2\/product"}],"about":[{"href":"https:\/\/www.ediciones-valnera.com\/index.php?rest_route=\/wp\/v2\/types\/product"}],"replies":[{"embeddable":true,"href":"https:\/\/www.ediciones-valnera.com\/index.php?rest_route=%2Fwp%2Fv2%2Fcomments&post=1559"}],"wp:featuredmedia":[{"embeddable":true,"href":"https:\/\/www.ediciones-valnera.com\/index.php?rest_route=\/wp\/v2\/media\/1561"}],"wp:attachment":[{"href":"https:\/\/www.ediciones-valnera.com\/index.php?rest_route=%2Fwp%2Fv2%2Fmedia&parent=1559"}],"wp:term":[{"taxonomy":"product_brand","embeddable":true,"href":"https:\/\/www.ediciones-valnera.com\/index.php?rest_route=%2Fwp%2Fv2%2Fproduct_brand&post=1559"},{"taxonomy":"product_cat","embeddable":true,"href":"https:\/\/www.ediciones-valnera.com\/index.php?rest_route=%2Fwp%2Fv2%2Fproduct_cat&post=1559"},{"taxonomy":"product_tag","embeddable":true,"href":"https:\/\/www.ediciones-valnera.com\/index.php?rest_route=%2Fwp%2Fv2%2Fproduct_tag&post=1559"}],"curies":[{"name":"wp","href":"https:\/\/api.w.org\/{rel}","templated":true}]}}