{"id":1556,"date":"2026-04-15T21:20:39","date_gmt":"2026-04-15T21:20:39","guid":{"rendered":"https:\/\/www.ediciones-valnera.com\/?post_type=product&#038;p=1556"},"modified":"2026-04-16T21:39:09","modified_gmt":"2026-04-16T21:39:09","slug":"el-viento-me-cuenta-cosas","status":"publish","type":"product","link":"https:\/\/www.ediciones-valnera.com\/?product=el-viento-me-cuenta-cosas","title":{"rendered":"EL VIENTO ME CUENTA COSAS"},"content":{"rendered":"<p>La voz del narrador es muchas voces, como m\u00faltiples son las perspectivas.<br \/>\nNovela construida sobre el ca\u00f1amazo de unos deberes escolares del taller de escritura al que Carmelo asiste. Con un arriesgado y<br \/>\nvaliente uso del l\u00e9xico m\u00e1s crudo en los di\u00e1logos, de un realismo nada complaciente, y que no ahorra ni un horror, pero tampoco<br \/>\nreh\u00faye lo que de b\u00e1lsamo tiene la escritura.<br \/>\nY la novela, que incluye reflexiones sobre su propio discurrir, lleva a quien la lee a pensarse tambi\u00e9n como un actante necesario al relato.<br \/>\nPor lo que su lectura compromete a quien se embarca en ese \u00abr\u00edo de los muertos\u00bb a bordo de un nav\u00edo de palabras contra el adverso viento del olvido.<\/p>\n","protected":false},"excerpt":{"rendered":"<p>Al poder le molesta la memoria. El relato oficial condena a un doble exilio a los muertos inc\u00f3modos. La exclusi\u00f3n del\u00a0 relato es una doble muerte: la muerte y el olvido.<br \/>\nPor eso, como dice Kundera en el p\u00f3rtico de esta novela: \u00abLa lucha del hombre contra el poder es la lucha del hombre contra el olvido\u00bb. Y por eso tambi\u00e9n Carmelo, el enano Carmelo, como el buf\u00f3n que se atreve a decir la verdad al poderoso se ha \u00abembarcado en el r\u00edo de los muertos para contar la vida que otros me contaron, cuento de otros cuentos\u00bb, haciendo suyo el relato de otras vidas.<br \/>\nVidas que se entrecruzan, en los a\u00f1os triunfales, \u00aben una red de grietas quejumbrosas\u00bb de unos personajes en las afueras de la<br \/>\nhistoria que hallan asilo y voz en esta polif\u00f3nica novela.<\/p>\n<p>https:\/\/www.youtube.com\/watch?v=La2P8yHPdhk<\/p>\n","protected":false},"featured_media":1557,"comment_status":"closed","ping_status":"closed","template":"","meta":[],"product_brand":[],"product_cat":[93,86],"product_tag":[],"class_list":{"0":"post-1556","1":"product","2":"type-product","3":"status-publish","4":"has-post-thumbnail","6":"product_cat-novedades","7":"product_cat-valnera-literaria","9":"first","10":"instock","11":"shipping-taxable","12":"product-type-external"},"_links":{"self":[{"href":"https:\/\/www.ediciones-valnera.com\/index.php?rest_route=\/wp\/v2\/product\/1556","targetHints":{"allow":["GET"]}}],"collection":[{"href":"https:\/\/www.ediciones-valnera.com\/index.php?rest_route=\/wp\/v2\/product"}],"about":[{"href":"https:\/\/www.ediciones-valnera.com\/index.php?rest_route=\/wp\/v2\/types\/product"}],"replies":[{"embeddable":true,"href":"https:\/\/www.ediciones-valnera.com\/index.php?rest_route=%2Fwp%2Fv2%2Fcomments&post=1556"}],"wp:featuredmedia":[{"embeddable":true,"href":"https:\/\/www.ediciones-valnera.com\/index.php?rest_route=\/wp\/v2\/media\/1557"}],"wp:attachment":[{"href":"https:\/\/www.ediciones-valnera.com\/index.php?rest_route=%2Fwp%2Fv2%2Fmedia&parent=1556"}],"wp:term":[{"taxonomy":"product_brand","embeddable":true,"href":"https:\/\/www.ediciones-valnera.com\/index.php?rest_route=%2Fwp%2Fv2%2Fproduct_brand&post=1556"},{"taxonomy":"product_cat","embeddable":true,"href":"https:\/\/www.ediciones-valnera.com\/index.php?rest_route=%2Fwp%2Fv2%2Fproduct_cat&post=1556"},{"taxonomy":"product_tag","embeddable":true,"href":"https:\/\/www.ediciones-valnera.com\/index.php?rest_route=%2Fwp%2Fv2%2Fproduct_tag&post=1556"}],"curies":[{"name":"wp","href":"https:\/\/api.w.org\/{rel}","templated":true}]}}