{"id":155,"date":"2009-06-03T23:54:16","date_gmt":"2009-06-03T23:54:16","guid":{"rendered":"http:\/\/127.0.0.1:10080\/wordpress\/?post_type=product&#038;p=155"},"modified":"2022-02-08T23:06:53","modified_gmt":"2022-02-08T23:06:53","slug":"el-ultimo-sabio-marcelino-menendez-pelayo","status":"publish","type":"product","link":"https:\/\/www.ediciones-valnera.com\/?product=el-ultimo-sabio-marcelino-menendez-pelayo","title":{"rendered":"El \u00faltimo sabio: Marcelino Men\u00e9ndez Pelayo"},"content":{"rendered":"","protected":false},"excerpt":{"rendered":"<p class=\"just\">Pasado el tiempo, la obra de Men\u00e9ndez Pelayo sigue viva. Muchas veces criticada, discutida, negada; otras, injustamente tratada. Lo cierto es que las ideas de Men\u00e9ndez Pelayo han echado ra\u00edces en nuestra cultura. En muchas obras ese legado est\u00e1 presente y expreso; en otras, los frutos de la labor del pol\u00edgrafo recorren textos y territorios sin que se les asocie con su autor. Ning\u00fan otro cr\u00edtico ha dejado una obra que perdure tanto: extremada y extremosa, en la que hay grandes aciertos, grandes estudios, grandes vac\u00edos y, quiz\u00e1s, grandes errores. Hoy en d\u00eda Men\u00e9ndez Pelayo se nos presenta como un hombre que quiso interpretar nuestra historia y nuestra literatura con su peculiar manera de ser, su curiosidad omn\u00edvora y su arrolladora fuerza intelectual: interpretaci\u00f3n luminosa, sorprendente, apasionada, a veces injusta, nunca anodina.<\/p>\n<p class=\"just\">Pese a todo, fuera del \u00e1mbito acad\u00e9mico don Marcelino sigue siendo un gran desconocido. Este libro intenta superar ese obst\u00e1culo.<\/p>\n<p class=\"just\">Para ponerlo al alcance de todos los p\u00fablicos,\u00a0<b>Antonio Santove\u00f1a Seti\u00e9n<\/b>\u00a0ha escrito una biograf\u00eda breve y concisa, ha compilado una antolog\u00eda representativa en cien textos y ha recogido la opini\u00f3n, tambi\u00e9n en cien textos, de grandes nombres de la cultura sobre el erudito monta\u00f1\u00e9s;\u00a0<b>Jos\u00e9 Ram\u00f3n S\u00e1nchez<\/b>\u00a0ha desarrollado su arte pict\u00f3rico ilustrando, con retratos de don Marcelino y de influyentes personajes contempor\u00e1neos, un retablo de 180 x 60 cm; y la Biblioteca de Men\u00e9ndez Pelayo ha puesto a disposici\u00f3n de Valnera todas las fotograf\u00edas que posee del pol\u00edgrafo.<\/p>\n<p class=\"just\">El objetivo: divulgar la figura de Men\u00e9ndez Pelayo con un compendio gr\u00e1fico, biogr\u00e1fico, antol\u00f3gico y art\u00edstico.<\/p>\n","protected":false},"featured_media":684,"comment_status":"closed","ping_status":"closed","template":"","meta":[],"product_brand":[],"product_cat":[94],"product_tag":[25,33],"class_list":{"0":"post-155","1":"product","2":"type-product","3":"status-publish","4":"has-post-thumbnail","6":"product_cat-varia","7":"product_tag-antonio-santovena","8":"product_tag-ediciones-institucionales","10":"first","11":"instock","12":"shipping-taxable","13":"product-type-external"},"_links":{"self":[{"href":"https:\/\/www.ediciones-valnera.com\/index.php?rest_route=\/wp\/v2\/product\/155","targetHints":{"allow":["GET"]}}],"collection":[{"href":"https:\/\/www.ediciones-valnera.com\/index.php?rest_route=\/wp\/v2\/product"}],"about":[{"href":"https:\/\/www.ediciones-valnera.com\/index.php?rest_route=\/wp\/v2\/types\/product"}],"replies":[{"embeddable":true,"href":"https:\/\/www.ediciones-valnera.com\/index.php?rest_route=%2Fwp%2Fv2%2Fcomments&post=155"}],"wp:featuredmedia":[{"embeddable":true,"href":"https:\/\/www.ediciones-valnera.com\/index.php?rest_route=\/wp\/v2\/media\/684"}],"wp:attachment":[{"href":"https:\/\/www.ediciones-valnera.com\/index.php?rest_route=%2Fwp%2Fv2%2Fmedia&parent=155"}],"wp:term":[{"taxonomy":"product_brand","embeddable":true,"href":"https:\/\/www.ediciones-valnera.com\/index.php?rest_route=%2Fwp%2Fv2%2Fproduct_brand&post=155"},{"taxonomy":"product_cat","embeddable":true,"href":"https:\/\/www.ediciones-valnera.com\/index.php?rest_route=%2Fwp%2Fv2%2Fproduct_cat&post=155"},{"taxonomy":"product_tag","embeddable":true,"href":"https:\/\/www.ediciones-valnera.com\/index.php?rest_route=%2Fwp%2Fv2%2Fproduct_tag&post=155"}],"curies":[{"name":"wp","href":"https:\/\/api.w.org\/{rel}","templated":true}]}}