{"id":1464,"date":"2025-11-04T11:26:01","date_gmt":"2025-11-04T11:26:01","guid":{"rendered":"https:\/\/www.ediciones-valnera.com\/?post_type=product&#038;p=1464"},"modified":"2025-11-06T11:12:08","modified_gmt":"2025-11-06T11:12:08","slug":"mara-y-su-libro-magico-mara-and-her-magic-book","status":"publish","type":"product","link":"https:\/\/www.ediciones-valnera.com\/?product=mara-y-su-libro-magico-mara-and-her-magic-book","title":{"rendered":"MARA Y SU LIBRO M\u00c1GICO \/ MARA AND HER MAGIC BOOK"},"content":{"rendered":"<p>Inmaculada Tapia Mart\u00ednez, la autora del texto, es diplomada en Logopedia y maestra de Audici\u00f3n y Lenguaje por la Universidad de M\u00e1laga. Su experiencia est\u00e1 ligada, desde hace ya veinte a\u00f1os, a la ense\u00f1anza p\u00fablica de alumnos con necesidades educativas especiales (Aulas Espec\u00edficas y aulas TEA).<\/p>\n<p>Virginia Garc\u00eda Mart\u00ednez, la ilustradora, pone sus pinceles al servicio de la historia y logra la fusi\u00f3n perfecta entre la precisi\u00f3n del texto y la dulzura de las im\u00e1genes.<\/p>\n","protected":false},"excerpt":{"rendered":"<p>Siguiendo la filosof\u00eda de Valnera Infantil de publicar libros biling\u00fces en un solo tomo, sale a la luz este nuevo volumen que tiene como protagonista a Mara, \u00abuna hermosa mariposa azul\u00bb.<\/p>\n<p><em>Mara y su libro m\u00e1gico<\/em> es un \u00e1lbum ilustrado en el que se transmiten valores como la diversidad, el respeto, la inclusi\u00f3n, la empat\u00eda, la amistad, la creatividad, la perseverancia\u2026<\/p>\n<p>Una esperanzadora historia que invita a dialogar, a reflexionar y a comprender el TEA (Trastorno del Espectro Autista).<\/p>\n<p>El libro contiene un QR que proporciona al lector cerca de treinta juegos y recursos educativos.<\/p>\n<p>Un \u00e1lbum avalado por la Confederaci\u00f3n Autismo Espa\u00f1a.<\/p>\n","protected":false},"featured_media":1465,"comment_status":"closed","ping_status":"closed","template":"","meta":[],"product_brand":[],"product_cat":[93,85],"product_tag":[],"class_list":{"0":"post-1464","1":"product","2":"type-product","3":"status-publish","4":"has-post-thumbnail","6":"product_cat-novedades","7":"product_cat-valnera-infantil-juvenil","9":"first","10":"instock","11":"shipping-taxable","12":"product-type-external"},"_links":{"self":[{"href":"https:\/\/www.ediciones-valnera.com\/index.php?rest_route=\/wp\/v2\/product\/1464","targetHints":{"allow":["GET"]}}],"collection":[{"href":"https:\/\/www.ediciones-valnera.com\/index.php?rest_route=\/wp\/v2\/product"}],"about":[{"href":"https:\/\/www.ediciones-valnera.com\/index.php?rest_route=\/wp\/v2\/types\/product"}],"replies":[{"embeddable":true,"href":"https:\/\/www.ediciones-valnera.com\/index.php?rest_route=%2Fwp%2Fv2%2Fcomments&post=1464"}],"wp:featuredmedia":[{"embeddable":true,"href":"https:\/\/www.ediciones-valnera.com\/index.php?rest_route=\/wp\/v2\/media\/1465"}],"wp:attachment":[{"href":"https:\/\/www.ediciones-valnera.com\/index.php?rest_route=%2Fwp%2Fv2%2Fmedia&parent=1464"}],"wp:term":[{"taxonomy":"product_brand","embeddable":true,"href":"https:\/\/www.ediciones-valnera.com\/index.php?rest_route=%2Fwp%2Fv2%2Fproduct_brand&post=1464"},{"taxonomy":"product_cat","embeddable":true,"href":"https:\/\/www.ediciones-valnera.com\/index.php?rest_route=%2Fwp%2Fv2%2Fproduct_cat&post=1464"},{"taxonomy":"product_tag","embeddable":true,"href":"https:\/\/www.ediciones-valnera.com\/index.php?rest_route=%2Fwp%2Fv2%2Fproduct_tag&post=1464"}],"curies":[{"name":"wp","href":"https:\/\/api.w.org\/{rel}","templated":true}]}}