{"id":142,"date":"2009-08-03T23:45:00","date_gmt":"2009-08-03T23:45:00","guid":{"rendered":"http:\/\/127.0.0.1:10080\/wordpress\/?post_type=product&#038;p=142"},"modified":"2022-02-08T23:06:20","modified_gmt":"2022-02-08T23:06:20","slug":"comentarios-al-apocalipsis-visiones-del-siglo-xxi","status":"publish","type":"product","link":"https:\/\/www.ediciones-valnera.com\/?product=comentarios-al-apocalipsis-visiones-del-siglo-xxi","title":{"rendered":"Comentarios al apocalipsis: visiones del siglo XXI"},"content":{"rendered":"<p class=\"just\">Con motivo del A\u00f1o Jubilar Lebaniego, en 2006, Ediciones Valnera y la Consejer\u00eda de Cultura, Turismo y Deporte del Gobierno de Cantabria editaron una obra que plasma esa aventura pl\u00e1stica. Un libro realizado con todos los medios t\u00e9cnicos de nuestra \u00e9poca, pero con dos concesiones fundamentales al car\u00e1cter de los c\u00f3dices antiguos: la estampaci\u00f3n en oro y plata de todas y cada una de las p\u00e1ginas (con un delicado proceso de termoestampaci\u00f3n pliego a pliego), y la especial calidez y porosidad del papel (que matiza y sosiega los colores de las ilustraciones y de la propia estampaci\u00f3n, d\u00e1ndole al libro cierto car\u00e1cter a\u00f1ejo).<\/p>\n<p class=\"just\">Encuadernado en piel reciclada, contiene estudios de Emilio Pascual, Pollux Hern\u00fa\u00f1ez, Guillermo Balbona y Joaqu\u00edn Gonz\u00e1lez Echegaray; el texto \u00edntegro de los Comentarios\u2026 y 500 ilustraciones, en color y en oro y plata, de Jos\u00e9 Ram\u00f3n S\u00e1nchez. Cada ejemplar lleva cinta punto de lectura y est\u00e1 numerado y firmado por el propio artista pl\u00e1stico.<\/p>\n<p class=\"just\">En su confecci\u00f3n han intervenido varios talleres de artes gr\u00e1ficas:\u00a0<a href=\"http:\/\/www.fotomecanicacamus.com\/\" target=\"_blank\" rel=\"noopener\">Fotomec\u00e1nica Camus<\/a>, de Santander, en fotograf\u00eda, digitalizaci\u00f3n y maquetaci\u00f3n;\u00a0<a href=\"http:\/\/www.graficasvarona.es\/\" target=\"_blank\" rel=\"noopener\">Gr\u00e1ficas Varona<\/a>, de Salamanca, en impresi\u00f3n y encuadernaci\u00f3n;\u00a0<a href=\"http:\/\/www.termograph.com\/\" target=\"_blank\" rel=\"noopener\">Termograph<\/a>, de Madrid, en termoestampaci\u00f3n, y\u00a0<a href=\"http:\/\/www.procograf.com\/\" target=\"_blank\" rel=\"noopener\">Procograf<\/a>, de Madrid, en asesoramiento t\u00e9cnico general.<\/p>\n","protected":false},"excerpt":{"rendered":"<p>Por encargo de Francisco Javier L\u00f3pez Marcano, Consejero de Cultura, Turismo y Deporte del Gobierno de Cantabria, el pintor Jos\u00e9 Ram\u00f3n S\u00e1nchez emprendi\u00f3 la tarea de recrear el mundo inquietante que transmiti\u00f3 Beato de Li\u00e9bana en sus Comentarios al Apocalipsis de San Juan. El resultado, veintid\u00f3s \u00f3leos de gran formato pensados para ilustrar, desde la mentalidad del siglo XXI, la obra del genial lebaniego.<\/p>\n","protected":false},"featured_media":686,"comment_status":"closed","ping_status":"closed","template":"","meta":[],"product_brand":[],"product_cat":[94],"product_tag":[33,62],"class_list":{"0":"post-142","1":"product","2":"type-product","3":"status-publish","4":"has-post-thumbnail","6":"product_cat-varia","7":"product_tag-ediciones-institucionales","8":"product_tag-jose-ramon-sanchez","10":"first","11":"instock","12":"shipping-taxable","13":"product-type-external"},"_links":{"self":[{"href":"https:\/\/www.ediciones-valnera.com\/index.php?rest_route=\/wp\/v2\/product\/142","targetHints":{"allow":["GET"]}}],"collection":[{"href":"https:\/\/www.ediciones-valnera.com\/index.php?rest_route=\/wp\/v2\/product"}],"about":[{"href":"https:\/\/www.ediciones-valnera.com\/index.php?rest_route=\/wp\/v2\/types\/product"}],"replies":[{"embeddable":true,"href":"https:\/\/www.ediciones-valnera.com\/index.php?rest_route=%2Fwp%2Fv2%2Fcomments&post=142"}],"wp:featuredmedia":[{"embeddable":true,"href":"https:\/\/www.ediciones-valnera.com\/index.php?rest_route=\/wp\/v2\/media\/686"}],"wp:attachment":[{"href":"https:\/\/www.ediciones-valnera.com\/index.php?rest_route=%2Fwp%2Fv2%2Fmedia&parent=142"}],"wp:term":[{"taxonomy":"product_brand","embeddable":true,"href":"https:\/\/www.ediciones-valnera.com\/index.php?rest_route=%2Fwp%2Fv2%2Fproduct_brand&post=142"},{"taxonomy":"product_cat","embeddable":true,"href":"https:\/\/www.ediciones-valnera.com\/index.php?rest_route=%2Fwp%2Fv2%2Fproduct_cat&post=142"},{"taxonomy":"product_tag","embeddable":true,"href":"https:\/\/www.ediciones-valnera.com\/index.php?rest_route=%2Fwp%2Fv2%2Fproduct_tag&post=142"}],"curies":[{"name":"wp","href":"https:\/\/api.w.org\/{rel}","templated":true}]}}