{"id":140,"date":"2022-01-03T23:29:34","date_gmt":"2022-01-03T22:29:34","guid":{"rendered":"http:\/\/127.0.0.1:10080\/wordpress\/?post_type=product&#038;p=140"},"modified":"2025-11-06T11:51:09","modified_gmt":"2025-11-06T11:51:09","slug":"galdos-maestro-de-las-letras-modernas","status":"publish","type":"product","link":"https:\/\/www.ediciones-valnera.com\/?product=galdos-maestro-de-las-letras-modernas","title":{"rendered":"Gald\u00f3s: maestro de las letras modernas"},"content":{"rendered":"<p class=\"just\">Aqu\u00ed encontrar\u00e9is las diversas caras de Gald\u00f3s, la de escritor, de periodista, de pintor, de m\u00fasico, de ensayista, y m\u00e1s. Encontrar\u00e9is tambi\u00e9n al don Benito amigo de sus amigos, aunque piensen diferente que \u00e9l, al ser bondadoso, generoso con todo el mundo, y cari\u00f1oso con su familia. Todo ello enlazado con su obra literaria. La persona viene engarzada en los textos, o viceversa, como prefiera el lector.<\/p>\n<p class=\"just\">Esta biograf\u00eda del centenario de mi bisabuelo resulta de f\u00e1cil lectura e incitar\u00e1 a muchos a releer sus obras desde nuevas perspectivas.<\/p>\n<p align=\"right\"><span style=\"color: #666666; font-family: Verdana, Arial, Helvetica, sans-serif; font-size: xx-small;\">Luis Verde (bisnieto de Gald\u00f3s)<\/span><\/p>\n<p class=\"just\">Mientras comisariaba la exposici\u00f3n \u00abGald\u00f3s: La verdad humana\u00bb con Germ\u00e1n Gull\u00f3n aprend\u00ed lo que no estaba escrito. Me cont\u00f3 an\u00e9cdotas, viajes, amores, estilos, la proyecci\u00f3n c\u00edvica de un escritor en su tiempo. Me mostr\u00f3 c\u00f3mo ese tiempo cristaliza en la personalidad y la escritura galdosianas: arte, m\u00fasica, pol\u00edtica, otras po\u00e9ticas\u2026 Frente a la idea de la literatura como altar sagrado, Gull\u00f3n vivifica la palabra literaria y la figura de Gald\u00f3s como ser humano en el curso de una Historia jam\u00e1s est\u00e1tica.<\/p>\n<p class=\"just\">Este libro no solo es una biograf\u00eda de Gald\u00f3s, sino una lecci\u00f3n de literatura y vida. La historia en la Historia. Lo que no estaba escrito sobre Gald\u00f3s, por fin, en este libro lo est\u00e1.<\/p>\n<p align=\"right\"><span style=\"color: #666666; font-family: Verdana, Arial, Helvetica, sans-serif; font-size: xx-small;\">Marta Sanz<\/span><\/p>\n","protected":false},"excerpt":{"rendered":"<p>Germ\u00e1n Gull\u00f3n nos presenta en esta excelente biograf\u00eda a un Gald\u00f3s eminentemente humano, al que es dif\u00edcil acceder dado que defend\u00eda su intimidad a capa y espada, y solo se puede conocer bien por la transmisi\u00f3n oral de sus aficiones, h\u00e1bitos y costumbres de sus descendientes directos, los testimonios de sus amigos, o a trav\u00e9s de la correspondencia conocida.<\/p>\n","protected":false},"featured_media":687,"comment_status":"closed","ping_status":"closed","template":"","meta":[],"product_brand":[],"product_cat":[81],"product_tag":[38,42],"class_list":{"0":"post-140","1":"product","2":"type-product","3":"status-publish","4":"has-post-thumbnail","6":"product_cat-valnera","7":"product_tag-ensayos-ilustrados","8":"product_tag-german-gullon","10":"first","11":"instock","12":"shipping-taxable","13":"product-type-external"},"_links":{"self":[{"href":"https:\/\/www.ediciones-valnera.com\/index.php?rest_route=\/wp\/v2\/product\/140","targetHints":{"allow":["GET"]}}],"collection":[{"href":"https:\/\/www.ediciones-valnera.com\/index.php?rest_route=\/wp\/v2\/product"}],"about":[{"href":"https:\/\/www.ediciones-valnera.com\/index.php?rest_route=\/wp\/v2\/types\/product"}],"replies":[{"embeddable":true,"href":"https:\/\/www.ediciones-valnera.com\/index.php?rest_route=%2Fwp%2Fv2%2Fcomments&post=140"}],"wp:featuredmedia":[{"embeddable":true,"href":"https:\/\/www.ediciones-valnera.com\/index.php?rest_route=\/wp\/v2\/media\/687"}],"wp:attachment":[{"href":"https:\/\/www.ediciones-valnera.com\/index.php?rest_route=%2Fwp%2Fv2%2Fmedia&parent=140"}],"wp:term":[{"taxonomy":"product_brand","embeddable":true,"href":"https:\/\/www.ediciones-valnera.com\/index.php?rest_route=%2Fwp%2Fv2%2Fproduct_brand&post=140"},{"taxonomy":"product_cat","embeddable":true,"href":"https:\/\/www.ediciones-valnera.com\/index.php?rest_route=%2Fwp%2Fv2%2Fproduct_cat&post=140"},{"taxonomy":"product_tag","embeddable":true,"href":"https:\/\/www.ediciones-valnera.com\/index.php?rest_route=%2Fwp%2Fv2%2Fproduct_tag&post=140"}],"curies":[{"name":"wp","href":"https:\/\/api.w.org\/{rel}","templated":true}]}}