{"id":138,"date":"2007-01-03T23:25:36","date_gmt":"2007-01-03T23:25:36","guid":{"rendered":"http:\/\/127.0.0.1:10080\/wordpress\/?post_type=product&#038;p=138"},"modified":"2022-02-08T22:46:08","modified_gmt":"2022-02-08T22:46:08","slug":"el-acrobata-de-los-suenos-el-pentagono-magico","status":"publish","type":"product","link":"https:\/\/www.ediciones-valnera.com\/?product=el-acrobata-de-los-suenos-el-pentagono-magico","title":{"rendered":"El acr\u00f3bata de los sue\u00f1os. El pent\u00e1gono m\u00e1gico"},"content":{"rendered":"","protected":false},"excerpt":{"rendered":"<p class=\"just\">La literatura para Jos\u00e9 Ram\u00f3n tiene luz, como la tienen las im\u00e1genes vigorosas, conmovedoras, esmeradas, inolvidables, que pueblan cinco de sus trabajos m\u00e1s importantes. Proyectos que fueron largamente cavilados, bien puede decirse que una vida, y en los que el santanderino volc\u00f3 su natural inclinaci\u00f3n a la comprensi\u00f3n y el entendimiento de las cosas, en un ejercicio de \u00edntimo escrutinio. Cinco obras perennes de la literatura universal [\u2026]. Un \u00abpent\u00e1gono m\u00e1gico\u00bb, cinco tesoros que Jos\u00e9 Ram\u00f3n abord\u00f3 desde la premisa elemental de la luz y del color y que, en orden cronol\u00f3gico, son:\u00a0<i>Don Quijote de la Mancha<\/i>,\u00a0<i>La Biblia<\/i>,\u00a0<i>Moby Dick<\/i>,\u00a0<i>La Divina Comedia<\/i>\u00a0y\u00a0<i>El Beato de Li\u00e9bana<\/i>.<\/p>\n<p class=\"just\">La intenci\u00f3n primera de hacer de este trabajo una evidencia de admiraci\u00f3n y homenaje a la vida y obra de Jos\u00e9 Ram\u00f3n S\u00e1nchez se ha tornado adem\u00e1s, y gracias a su afabilidad, sencillez, bondad, ingenio y buen humor, en una inolvidable celebraci\u00f3n y en una \u00abfiesta\u00bb, porque as\u00ed lo ha querido \u00e9l. Se me ha consentido con largueza desempolvar la historia de mi infancia y del resto de mi vida a trav\u00e9s de la semblanza de quien ocup\u00f3 un pedazo de aquella ni\u00f1ez y espole\u00f3 otras peripecias. La mejor forma, no s\u00f3lo de recordar, sino de honrar a Jos\u00e9 Ram\u00f3n es vivir la vida que \u00e9l ha favorecido, al menos en parte, a forjar.<\/p>\n","protected":false},"featured_media":688,"comment_status":"closed","ping_status":"closed","template":"","meta":[],"product_brand":[],"product_cat":[81],"product_tag":[31,38],"class_list":{"0":"post-138","1":"product","2":"type-product","3":"status-publish","4":"has-post-thumbnail","6":"product_cat-valnera","7":"product_tag-diego-castano","8":"product_tag-ensayos-ilustrados","10":"first","11":"instock","12":"shipping-taxable","13":"product-type-external"},"_links":{"self":[{"href":"https:\/\/www.ediciones-valnera.com\/index.php?rest_route=\/wp\/v2\/product\/138","targetHints":{"allow":["GET"]}}],"collection":[{"href":"https:\/\/www.ediciones-valnera.com\/index.php?rest_route=\/wp\/v2\/product"}],"about":[{"href":"https:\/\/www.ediciones-valnera.com\/index.php?rest_route=\/wp\/v2\/types\/product"}],"replies":[{"embeddable":true,"href":"https:\/\/www.ediciones-valnera.com\/index.php?rest_route=%2Fwp%2Fv2%2Fcomments&post=138"}],"wp:featuredmedia":[{"embeddable":true,"href":"https:\/\/www.ediciones-valnera.com\/index.php?rest_route=\/wp\/v2\/media\/688"}],"wp:attachment":[{"href":"https:\/\/www.ediciones-valnera.com\/index.php?rest_route=%2Fwp%2Fv2%2Fmedia&parent=138"}],"wp:term":[{"taxonomy":"product_brand","embeddable":true,"href":"https:\/\/www.ediciones-valnera.com\/index.php?rest_route=%2Fwp%2Fv2%2Fproduct_brand&post=138"},{"taxonomy":"product_cat","embeddable":true,"href":"https:\/\/www.ediciones-valnera.com\/index.php?rest_route=%2Fwp%2Fv2%2Fproduct_cat&post=138"},{"taxonomy":"product_tag","embeddable":true,"href":"https:\/\/www.ediciones-valnera.com\/index.php?rest_route=%2Fwp%2Fv2%2Fproduct_tag&post=138"}],"curies":[{"name":"wp","href":"https:\/\/api.w.org\/{rel}","templated":true}]}}