{"id":136,"date":"2006-06-03T23:21:58","date_gmt":"2006-06-03T23:21:58","guid":{"rendered":"http:\/\/127.0.0.1:10080\/wordpress\/?post_type=product&#038;p=136"},"modified":"2022-02-08T22:45:11","modified_gmt":"2022-02-08T22:45:11","slug":"literatura-cantabra","status":"publish","type":"product","link":"https:\/\/www.ediciones-valnera.com\/?product=literatura-cantabra","title":{"rendered":"Literatura c\u00e1ntabra"},"content":{"rendered":"","protected":false},"excerpt":{"rendered":"<p class=\"just\">Valnera y Estvdio se han unido para coeditar esta historia de la literatura c\u00e1ntabra, que no s\u00f3lo sit\u00faa a los autores en su \u00e9poca, sino que compendia parte de su obra y la analiza cr\u00edticamente. La obra tiene como antecesora otra que vio la luz hace m\u00e1s de veinte a\u00f1os, Historia y Antolog\u00eda de Escritores de Cantabria (HAEC). Aunque la idea de entonces subsiste, el resultado difiere.<\/p>\n<p class=\"just\">Ese g\u00e9nesis bibliogr\u00e1fico integr\u00f3 nombres y t\u00edtulos tangencialmente literarios, pues por vez primera aparec\u00eda un estudio de esas caracter\u00edsticas en la Monta\u00f1a, y pretend\u00eda dar a conocer de forma generosa autores preteridos o ignorados. Hoy esa funci\u00f3n es innecesaria. Los nuevos tiempos imponen una selecci\u00f3n m\u00e1s rigurosa y una mayor abundancia de im\u00e1genes.<\/p>\n<p class=\"just\">Lo que persiste es el fondo del an\u00e1lisis: la literatura c\u00e1ntabra participante en el mundo intelectual espa\u00f1ol formado por el tri\u00e1ngulo de raz\u00f3n anal\u00edtica, iron\u00eda cr\u00edtica y libre albedr\u00edo.<\/p>\n","protected":false},"featured_media":689,"comment_status":"closed","ping_status":"closed","template":"","meta":[],"product_brand":[],"product_cat":[81],"product_tag":[38,55],"class_list":{"0":"post-136","1":"product","2":"type-product","3":"status-publish","4":"has-post-thumbnail","6":"product_cat-valnera","7":"product_tag-ensayos-ilustrados","8":"product_tag-jesus-lazaro","10":"first","11":"instock","12":"shipping-taxable","13":"product-type-external"},"_links":{"self":[{"href":"https:\/\/www.ediciones-valnera.com\/index.php?rest_route=\/wp\/v2\/product\/136","targetHints":{"allow":["GET"]}}],"collection":[{"href":"https:\/\/www.ediciones-valnera.com\/index.php?rest_route=\/wp\/v2\/product"}],"about":[{"href":"https:\/\/www.ediciones-valnera.com\/index.php?rest_route=\/wp\/v2\/types\/product"}],"replies":[{"embeddable":true,"href":"https:\/\/www.ediciones-valnera.com\/index.php?rest_route=%2Fwp%2Fv2%2Fcomments&post=136"}],"wp:featuredmedia":[{"embeddable":true,"href":"https:\/\/www.ediciones-valnera.com\/index.php?rest_route=\/wp\/v2\/media\/689"}],"wp:attachment":[{"href":"https:\/\/www.ediciones-valnera.com\/index.php?rest_route=%2Fwp%2Fv2%2Fmedia&parent=136"}],"wp:term":[{"taxonomy":"product_brand","embeddable":true,"href":"https:\/\/www.ediciones-valnera.com\/index.php?rest_route=%2Fwp%2Fv2%2Fproduct_brand&post=136"},{"taxonomy":"product_cat","embeddable":true,"href":"https:\/\/www.ediciones-valnera.com\/index.php?rest_route=%2Fwp%2Fv2%2Fproduct_cat&post=136"},{"taxonomy":"product_tag","embeddable":true,"href":"https:\/\/www.ediciones-valnera.com\/index.php?rest_route=%2Fwp%2Fv2%2Fproduct_tag&post=136"}],"curies":[{"name":"wp","href":"https:\/\/api.w.org\/{rel}","templated":true}]}}