{"id":134,"date":"2009-09-03T23:18:23","date_gmt":"2009-09-03T23:18:23","guid":{"rendered":"http:\/\/127.0.0.1:10080\/wordpress\/?post_type=product&#038;p=134"},"modified":"2022-02-08T23:06:03","modified_gmt":"2022-02-08T23:06:03","slug":"la-veta-de-ocre","status":"publish","type":"product","link":"https:\/\/www.ediciones-valnera.com\/?product=la-veta-de-ocre","title":{"rendered":"La veta de ocre"},"content":{"rendered":"","protected":false},"excerpt":{"rendered":"<p class=\"just\">Narrando nuestra historia pasada desde un pr\u00f3ximo futuro, La veta de ocre nos conduce, a ritmo acelerado, por un viaje sorprendente a trav\u00e9s de los principales lugares de la cordillera Cant\u00e1brica en donde nuestros antepasados prehist\u00f3ricos vivieron, amaron y lucharon.<\/p>\n<p class=\"just\">\u00c1lvaro Novoa deja abiertas varias inc\u00f3gnitas en el relato: \u00bffue el ocre objeto de explotaci\u00f3n y material de intercambio hace 30.000 a\u00f1os?, \u00bfdesaparecieron los \u201cseres humanos\u201d ante el empuje de \u201clos otros\u201d, o, simplemente, se hibridaron tras milenios de convivencia?, \u00bfson verdades absolutas las que la ciencia nos ha transmitido con respecto a la evoluci\u00f3n humana?<\/p>\n<p class=\"just\">Despu\u00e9s de leer esta novela es seguro que nos asaltar\u00e1 m\u00e1s de una duda acerca de nuestro origen y, quiz\u00e1, sobre nuestro futuro.<\/p>\n","protected":false},"featured_media":690,"comment_status":"closed","ping_status":"closed","template":"","meta":[],"product_brand":[],"product_cat":[94],"product_tag":[18],"class_list":{"0":"post-134","1":"product","2":"type-product","3":"status-publish","4":"has-post-thumbnail","6":"product_cat-varia","7":"product_tag-alvaro-novoa","9":"first","10":"instock","11":"shipping-taxable","12":"product-type-external"},"_links":{"self":[{"href":"https:\/\/www.ediciones-valnera.com\/index.php?rest_route=\/wp\/v2\/product\/134","targetHints":{"allow":["GET"]}}],"collection":[{"href":"https:\/\/www.ediciones-valnera.com\/index.php?rest_route=\/wp\/v2\/product"}],"about":[{"href":"https:\/\/www.ediciones-valnera.com\/index.php?rest_route=\/wp\/v2\/types\/product"}],"replies":[{"embeddable":true,"href":"https:\/\/www.ediciones-valnera.com\/index.php?rest_route=%2Fwp%2Fv2%2Fcomments&post=134"}],"wp:featuredmedia":[{"embeddable":true,"href":"https:\/\/www.ediciones-valnera.com\/index.php?rest_route=\/wp\/v2\/media\/690"}],"wp:attachment":[{"href":"https:\/\/www.ediciones-valnera.com\/index.php?rest_route=%2Fwp%2Fv2%2Fmedia&parent=134"}],"wp:term":[{"taxonomy":"product_brand","embeddable":true,"href":"https:\/\/www.ediciones-valnera.com\/index.php?rest_route=%2Fwp%2Fv2%2Fproduct_brand&post=134"},{"taxonomy":"product_cat","embeddable":true,"href":"https:\/\/www.ediciones-valnera.com\/index.php?rest_route=%2Fwp%2Fv2%2Fproduct_cat&post=134"},{"taxonomy":"product_tag","embeddable":true,"href":"https:\/\/www.ediciones-valnera.com\/index.php?rest_route=%2Fwp%2Fv2%2Fproduct_tag&post=134"}],"curies":[{"name":"wp","href":"https:\/\/api.w.org\/{rel}","templated":true}]}}