{"id":132,"date":"2022-01-03T01:20:04","date_gmt":"2022-01-03T00:20:04","guid":{"rendered":"http:\/\/127.0.0.1:10080\/wordpress\/?post_type=product&#038;p=132"},"modified":"2022-02-01T23:42:11","modified_gmt":"2022-02-01T23:42:11","slug":"toda-una-vida","status":"publish","type":"product","link":"https:\/\/www.ediciones-valnera.com\/?product=toda-una-vida","title":{"rendered":"Toda una vida"},"content":{"rendered":"<p class=\"just\">Se organiza en seis grandes apartados (1- Familia, hogar y alimentos; 2- Costumbres perdidas; 3- \u00c1lbumes, tebeos y libros; 4- Juegos y ocio; 5- Espect\u00e1culos, artistas e \u00eddolos; 6- Tecnolog\u00eda punta), en los que Rodr\u00edguez, con prosa cuidada y evocadora, hace un viaje al pasado para compararlo con un presente que no siempre es mejor.<\/p>\n<p class=\"just\">El aparato gr\u00e1fico, 709 im\u00e1genes, es una de sus se\u00f1as de identidad y pone al lector frente a objetos, costumbres, m\u00e1quinas o personajes del pasado, en una especie de preciso museo que expone y preserva nuestra peque\u00f1a gran historia cotidiana. Un objeto ideal para regalo.<\/p>\n<p>&nbsp;<\/p>\n<p class=\"just\"><b>Del pr\u00f3logo de Jos\u00e9 Ram\u00f3n S\u00e1nchez:<\/b><\/p>\n<p class=\"just\">Javier nos propone en este libro un viaje largu\u00edsimo al Pa\u00eds de Nunca Abarcar. Viajaremos a una cocina de carb\u00f3n; una sala de estar; una mesa; un caj\u00f3n con tarjetas postales, billetes, monedas y cartas escritas a mano; una calle con fot\u00f3grafos ambulantes; un sal\u00f3n de moda; un lavadero; una estanter\u00eda con \u00e1lbumes, libros, c\u00f3mics, revistas infantiles, programas de cine, novelas, enciclopedias y libros de urbanidad; un suelo donde jugar; una cartelera de cine; un televisor viejo; un circo; el Teatro Pereda; los cines de Santander; una sala de fiestas; una emisora de radio; un despacho con m\u00e1quinas de escribir; una mesa camilla y una m\u00e1quina de coser; el rinc\u00f3n de un tel\u00e9fono; un radio casete; una estaci\u00f3n ferroviaria; las calles de Santander, sus tranv\u00edas y autobuses&#8230;<\/p>\n<p class=\"just\">Este libro es una m\u00e1gica ocasi\u00f3n para conocer o reencontrarse con el Capit\u00e1n Trueno, Roberto Alc\u00e1zar y Pedr\u00edn, Charlton Heston, Stevenson, Julio Verne, los hermanos Marx, la familia Teler\u00edn, Curro Jim\u00e9nez, Heidi, Raphael, Julio Iglesias, Massiel, el D\u00fao Din\u00e1mico, Rodr\u00edguez de la Fuente, Chanquete, Gabi, Fof\u00f3 y Miliki, Gila, Lola Flores, Conchita Piquer, Greta Garbo, Judy Garland, John Wayne, Clark Gable, Ava Gardner, Tarz\u00e1n de los monos, Sherlock Holmes y el Doctor Watson, los hermanos Tonetti, Pinito del Oro, Antonio Mach\u00edn, Marisol y un largu\u00edsimo etc\u00e9tera.<\/p>\n<p class=\"just\">Gracias, Javier, por este viaje. Gracias, Javier, por tus viejos h\u00e9roes recuperados. Gracias, amigo, por tantos cacharros de la vida cotidiana y tanta comida de aquellos a\u00f1os de necesidad. Gracias por este torbellino escrito de escenarios, personajes y aventuras.<\/p>\n<p class=\"just\">Amigo del alma, si no existieras, habr\u00eda que inventarte.<\/p>\n","protected":false},"excerpt":{"rendered":"<p class=\"just\"><i>Toda una vida<\/i>\u00a0es un libro de a\u00f1oranzas, una enciclopedia de recuerdos felices, a modo de \u00e1lbum sentimental de cromos, que en 74 cap\u00edtulos recoge modos y costumbres que han desaparecido o est\u00e1n a punto de desaparecer.<\/p>\n<p class=\"just\">Tras publicar\u00a0<i>El perfume del alma<\/i>\u00a0y\u00a0<i>Lo que el tiempo se llev\u00f3<\/i>, el autor ha puesto en manos de Valnera el tercer volumen de la colecci\u00f3n, y la mano de la editorial se aprecia en el exquisito tratamiento de las im\u00e1genes y en su cuidada composici\u00f3n.<\/p>\n","protected":false},"featured_media":691,"comment_status":"closed","ping_status":"closed","template":"","meta":[],"product_brand":[],"product_cat":[81],"product_tag":[48,64],"class_list":{"0":"post-132","1":"product","2":"type-product","3":"status-publish","4":"has-post-thumbnail","6":"product_cat-valnera","7":"product_tag-javier-rodriguez","8":"product_tag-albumes-valnera","10":"first","11":"instock","12":"shipping-taxable","13":"product-type-external"},"_links":{"self":[{"href":"https:\/\/www.ediciones-valnera.com\/index.php?rest_route=\/wp\/v2\/product\/132","targetHints":{"allow":["GET"]}}],"collection":[{"href":"https:\/\/www.ediciones-valnera.com\/index.php?rest_route=\/wp\/v2\/product"}],"about":[{"href":"https:\/\/www.ediciones-valnera.com\/index.php?rest_route=\/wp\/v2\/types\/product"}],"replies":[{"embeddable":true,"href":"https:\/\/www.ediciones-valnera.com\/index.php?rest_route=%2Fwp%2Fv2%2Fcomments&post=132"}],"wp:featuredmedia":[{"embeddable":true,"href":"https:\/\/www.ediciones-valnera.com\/index.php?rest_route=\/wp\/v2\/media\/691"}],"wp:attachment":[{"href":"https:\/\/www.ediciones-valnera.com\/index.php?rest_route=%2Fwp%2Fv2%2Fmedia&parent=132"}],"wp:term":[{"taxonomy":"product_brand","embeddable":true,"href":"https:\/\/www.ediciones-valnera.com\/index.php?rest_route=%2Fwp%2Fv2%2Fproduct_brand&post=132"},{"taxonomy":"product_cat","embeddable":true,"href":"https:\/\/www.ediciones-valnera.com\/index.php?rest_route=%2Fwp%2Fv2%2Fproduct_cat&post=132"},{"taxonomy":"product_tag","embeddable":true,"href":"https:\/\/www.ediciones-valnera.com\/index.php?rest_route=%2Fwp%2Fv2%2Fproduct_tag&post=132"}],"curies":[{"name":"wp","href":"https:\/\/api.w.org\/{rel}","templated":true}]}}