{"id":1277,"date":"2025-07-25T15:30:06","date_gmt":"2025-07-25T15:30:06","guid":{"rendered":"https:\/\/www.ediciones-valnera.com\/?post_type=product&#038;p=1277"},"modified":"2026-03-31T14:25:49","modified_gmt":"2026-03-31T14:25:49","slug":"salam","status":"publish","type":"product","link":"https:\/\/www.ediciones-valnera.com\/?product=salam","title":{"rendered":"SALAM"},"content":{"rendered":"<p>La apacible vida del joven matrimonio que forman Juan y Mar\u00eda se ve alterada una tarde por un desconocido que llama con insistencia a la puerta de su casa. Cuando Mar\u00eda descubre que se trata de Salam, el ni\u00f1o al que la pareja apadrin\u00f3 durante un viaje a la India quince a\u00f1os atr\u00e1s, se dejar\u00e1 llevar por el p\u00e1nico y pondr\u00e1 a toda la familia en alerta. El inesperado reencuentro sacar\u00e1 a la luz las costuras del matrimonio y evidenciar\u00e1 la distancia que los separa de su hija Durga, una adolescente rebelde que cuestiona la actitud de sus padres en todo momento.<\/p>\n","protected":false},"excerpt":{"rendered":"<p><em>Salam<\/em> \u2013ganadora del Premio \u00d3scar Mu\u00f1iz de Novela Gr\u00e1fica 2024 del Gobierno de Cantabria\u2013 es una historia que indaga en las contradicciones de toda una generaci\u00f3n y en la incapacidad de las sociedades occidentales para comprender al diferente y generar reacciones genuinamente humanas m\u00e1s all\u00e1 de los meros gestos de empat\u00eda.<\/p>\n<p>&nbsp;<\/p>\n<p>&nbsp;<\/p>\n","protected":false},"featured_media":1278,"comment_status":"closed","ping_status":"closed","template":"","meta":[],"product_brand":[],"product_cat":[93,84],"product_tag":[],"class_list":{"0":"post-1277","1":"product","2":"type-product","3":"status-publish","4":"has-post-thumbnail","6":"product_cat-novedades","7":"product_cat-valnera-grafica","9":"first","10":"instock","11":"shipping-taxable","12":"product-type-external"},"_links":{"self":[{"href":"https:\/\/www.ediciones-valnera.com\/index.php?rest_route=\/wp\/v2\/product\/1277","targetHints":{"allow":["GET"]}}],"collection":[{"href":"https:\/\/www.ediciones-valnera.com\/index.php?rest_route=\/wp\/v2\/product"}],"about":[{"href":"https:\/\/www.ediciones-valnera.com\/index.php?rest_route=\/wp\/v2\/types\/product"}],"replies":[{"embeddable":true,"href":"https:\/\/www.ediciones-valnera.com\/index.php?rest_route=%2Fwp%2Fv2%2Fcomments&post=1277"}],"wp:featuredmedia":[{"embeddable":true,"href":"https:\/\/www.ediciones-valnera.com\/index.php?rest_route=\/wp\/v2\/media\/1278"}],"wp:attachment":[{"href":"https:\/\/www.ediciones-valnera.com\/index.php?rest_route=%2Fwp%2Fv2%2Fmedia&parent=1277"}],"wp:term":[{"taxonomy":"product_brand","embeddable":true,"href":"https:\/\/www.ediciones-valnera.com\/index.php?rest_route=%2Fwp%2Fv2%2Fproduct_brand&post=1277"},{"taxonomy":"product_cat","embeddable":true,"href":"https:\/\/www.ediciones-valnera.com\/index.php?rest_route=%2Fwp%2Fv2%2Fproduct_cat&post=1277"},{"taxonomy":"product_tag","embeddable":true,"href":"https:\/\/www.ediciones-valnera.com\/index.php?rest_route=%2Fwp%2Fv2%2Fproduct_tag&post=1277"}],"curies":[{"name":"wp","href":"https:\/\/api.w.org\/{rel}","templated":true}]}}